{"id":8507,"date":"2022-08-03T13:45:53","date_gmt":"2022-08-03T13:45:53","guid":{"rendered":"https:\/\/unkrautmarkt.com\/?post_type=product&#038;p=8507"},"modified":"2026-03-12T06:24:40","modified_gmt":"2026-03-12T06:24:40","slug":"cherry-pie-haschischoel","status":"publish","type":"product","link":"https:\/\/unkrautmarkt.com\/pl\/product\/cherry-pie-haschischoel\/","title":{"rendered":"Cherry Pie Haschischoel"},"content":{"rendered":"<h2>Kup ju\u017c teraz online olejek Cherry Pie Hash Oil i ciesz si\u0119 niezapomnianymi wra\u017ceniami z konopi!<\/h2>\n<p>Odkryj pyszny urok oleju Cherry Pie Hash Oil, najwy\u017cszej jako\u015bci koncentratu konopnego, kt\u00f3ry rozbudzi Twoje zmys\u0142y i zapewni prawdziwie satysfakcjonuj\u0105ce doznania. Jako renomowany sprzedawca internetowy wysokiej jako\u015bci produkt\u00f3w konopnych, z przyjemno\u015bci\u0105 oferujemy olej Cherry Pie Hash Oil ju\u017c teraz. Wysy\u0142amy dyskretnie, prosto pod Twoje drzwi \u2013 do USA, Kanady, Europy i na ca\u0142y \u015bwiat.<\/p>\n<h3>Olejek haszyszowy o smaku wi\u015bniowego ciasta premium \u2013 moc i czysto\u015b\u0107.<\/h3>\n<p>Kiedy <a href=\"https:\/\/unkrautmarkt.com\/pl\/product\/cherry-pie-haschischoel\/\"><strong>Kup olejek haszyszowy Cherry Pie online u nas<\/strong><\/a>Zainwestuj w produkt spe\u0142niaj\u0105cy najwy\u017csze standardy mocy i czysto\u015bci. Nasz proces ekstrakcji zachowuje pe\u0142ne spektrum kannabinoid\u00f3w i terpen\u00f3w z oryginalnego szczepu Cherry Pie. Rezultatem jest bogaty, aromatyczny olejek o pe\u0142nym dzia\u0142aniu, oferuj\u0105cy zar\u00f3wno korzy\u015bci lecznicze, jak i przyjemne.<\/p>\n<h3>Specyfikacja i dawkowanie:<\/h3>\n<p>Nasz olejek Cherry Pie Hash zazwyczaj charakteryzuje si\u0119 wysokim st\u0119\u017ceniem THC, wynosz\u0105cym [wpisz typowy zakres THC, np. 70\u201385%]. Wa\u017cne jest, aby zacz\u0105\u0107 od niskiej dawki, zw\u0142aszcza je\u015bli dopiero zaczynasz przygod\u0119 z koncentratami. Aby w pe\u0142ni do\u015bwiadczy\u0107 dzia\u0142ania olejku Cherry Pie Hash, zacznij od ilo\u015bci wielko\u015bci ziarenka ry\u017cu i spo\u017cywaj go w preferowany spos\u00f3b (np. za pomoc\u0105 urz\u0105dzenia do dabowania, waporyzatora lub jako sk\u0142adnika produkt\u00f3w spo\u017cywczych). Poczekaj wystarczaj\u0105co d\u0142ugo, aby efekty si\u0119 rozwin\u0119\u0142y, poniewa\u017c mog\u0105 by\u0107 silne i d\u0142ugotrwa\u0142e.<\/p>\n<h3>Gdzie mo\u017cna bezpiecznie i dyskretnie kupi\u0107 olejek haszyszowy Cherry Pie online<\/h3>\n<p>Aby otrzyma\u0107 produkt wysokiej jako\u015bci, kt\u00f3ry spe\u0142ni Twoje oczekiwania, w dzisiejszych czasach niezwykle istotne jest posiadanie niezawodnego \u017ar\u00f3d\u0142a <strong><a href=\"https:\/\/unkrautmarkt.com\/pl\/\">Online-Kauf von Cherry Pie Hash Oil zu finden<\/a><\/strong>Jeste\u015bmy dumni z tego, \u017ce jeste\u015bmy dyskretnym i wiarygodnym \u017ar\u00f3d\u0142em.<\/p>\n<h3>Wysy\u0142ka legalnego oleju konopnego i haszyszowego na ca\u0142y \u015bwiat<\/h3>\n<p>Jako wiod\u0105cy sklep internetowy, dbamy o dost\u0119pno\u015b\u0107 najwy\u017cszej jako\u015bci marihuany na ca\u0142ym \u015bwiecie. Je\u015bli teraz\u2026 <a href=\"https:\/\/en.wikipedia.org\/wiki\/Hashish\" rel=\"nofollow noopener\" target=\"_blank\"><strong>Zam\u00f3w olejek haszyszowy Cherry Pie online<\/strong><\/a>Mo\u017cesz by\u0107 pewien, \u017ce przestrzegamy wszystkich standard\u00f3w sprzeda\u017cy konopi online i gwarantujemy dyskretn\u0105 wysy\u0142k\u0119 na ca\u0142y \u015bwiat. Nasze zaanga\u017cowanie wykracza poza samo dostarczanie wysokiej jako\u015bci produkt\u00f3w; d\u0105\u017cymy r\u00f3wnie\u017c do edukowania naszych klient\u00f3w i promowania odpowiedzialnego u\u017cywania konopi. Odkryj bogaty, pyszny i koj\u0105co-odpr\u0119\u017caj\u0105cy \u015bwiat naszego olejku Cherry Pie Hash \u2013 szczytowego produktu w\u015br\u00f3d koncentrat\u00f3w konopi. Zam\u00f3w olejek Cherry Pie Hash online ju\u017c dzi\u015b i do\u015bwiadcz niesamowitej satysfakcji i relaksu.<\/p>","protected":false},"excerpt":{"rendered":"<p>F\u00fcr den Gro\u00dfhandel kontaktieren Sie uns bitte unter<br \/>\nWickr-ID: @williamspro<br \/>\noder per Whatsapp<br \/>\n<img decoding=\"async\" class=\"size-full wp-image-10162 alignleft\" src=\"https:\/\/ograsmarknad.com\/wp-content\/uploads\/2021\/11\/trust.jpg\" alt=\"Trust German\" width=\"300\" height=\"129\" \/><\/p>","protected":false},"featured_media":8516,"comment_status":"open","ping_status":"closed","template":"","meta":{"_joinchat":[]},"product_cat":[324],"product_tag":[],"_links":{"self":[{"href":"https:\/\/unkrautmarkt.com\/pl\/wp-json\/wp\/v2\/product\/8507"}],"collection":[{"href":"https:\/\/unkrautmarkt.com\/pl\/wp-json\/wp\/v2\/product"}],"about":[{"href":"https:\/\/unkrautmarkt.com\/pl\/wp-json\/wp\/v2\/types\/product"}],"replies":[{"embeddable":true,"href":"https:\/\/unkrautmarkt.com\/pl\/wp-json\/wp\/v2\/comments?post=8507"}],"wp:featuredmedia":[{"embeddable":true,"href":"https:\/\/unkrautmarkt.com\/pl\/wp-json\/wp\/v2\/media\/8516"}],"wp:attachment":[{"href":"https:\/\/unkrautmarkt.com\/pl\/wp-json\/wp\/v2\/media?parent=8507"}],"wp:term":[{"taxonomy":"product_cat","embeddable":true,"href":"https:\/\/unkrautmarkt.com\/pl\/wp-json\/wp\/v2\/product_cat?post=8507"},{"taxonomy":"product_tag","embeddable":true,"href":"https:\/\/unkrautmarkt.com\/pl\/wp-json\/wp\/v2\/product_tag?post=8507"}],"curies":[{"name":"wp","href":"https:\/\/api.w.org\/{rel}","templated":true}]}}