{"id":8501,"date":"2022-08-03T13:29:39","date_gmt":"2022-08-03T13:29:39","guid":{"rendered":"https:\/\/unkrautmarkt.com\/?post_type=product&#038;p=8501"},"modified":"2026-03-16T05:04:34","modified_gmt":"2026-03-16T05:04:34","slug":"tahoe-og-cannabis-oil","status":"publish","type":"product","link":"https:\/\/unkrautmarkt.com\/pl\/product\/tahoe-og-cannabis-oil\/","title":{"rendered":"Tahoe OG Cannabis Oil"},"content":{"rendered":"<h2>Kup olej z konopi indyjskich Tahoe OG w Internecie<\/h2>\n<p><a href=\"https:\/\/en.wikipedia.org\/wiki\/Cannabidiol\" rel=\"nofollow noopener\" target=\"_blank\"><strong>Olej konopny Tahoe OG online<\/strong><\/a>Dzi\u0119ki proporcji sativa\/indica 90:10, ta odmiana konopi oferuje mocn\u0105 mieszank\u0119 euforycznej sativy i skoncentrowanej na ciele indici. Dzi\u0119ki zawarto\u015bci THC si\u0119gaj\u0105cej 20%, jest szczeg\u00f3lnie odpowiednia dla os\u00f3b pragn\u0105cych poprawi\u0107 nastr\u00f3j i zredukowa\u0107 stres. Sk\u0142adnik sativa zapewnia silne euforyczne i pobudzone uczucie, a dzia\u0142anie olejku jest przede wszystkim relaksuj\u0105ce \u2013 zar\u00f3wno fizycznie, jak i psychicznie. Ta odmiana konopi jest cz\u0119sto stosowana w leczeniu migren, depresji, l\u0119k\u00f3w i b\u00f3lu przewlek\u0142ego.<\/p>\n<h3>Wi\u0119cej informacji o Tahoe OG<\/h3>\n<p>Do udokumentowanych efekt\u00f3w dzia\u0142ania Tahoe OG nale\u017c\u0105: relaks, rado\u015b\u0107, euforia, senno\u015b\u0107 i pobudzenie apetytu.<\/p>\n<p>Anwender berichten, dass Tahoe OG ihnen bei Stress, Schmerzen, Schlaflosigkeit, Depressionen und Appetitlosigkeit hilft.<\/p>\n<p><a href=\"https:\/\/unkrautmarkt.com\/pl\/product\/tahoe-og-cannabis-oil\/\"><strong>Tahoe OG<\/strong><\/a> Tahoe OG to idealna odmiana na deszczowe dni. Jest mocna i szybko dzia\u0142aj\u0105ca, dlatego nie nale\u017cy jej spo\u017cywa\u0107 tu\u017c przed wyj\u015bciem z domu. W\u015br\u00f3d odmian Indica, Tahoe OG znana jest ze swojej skuteczno\u015bci w leczeniu b\u00f3lu, bezsenno\u015bci i utraty apetytu. Doskonale sprawdza si\u0119 wieczorem, wywo\u0142uj\u0105c uczucie letargu i oci\u0119\u017ca\u0142o\u015bci. Dzi\u0119ki doskona\u0142ej hodowli, Tahoe OG oferuje euforyczne, typowe dla Sativy dzia\u0142anie, opr\u00f3cz typowych korzy\u015bci Indica. Ta odmiana jest fenotypem OG Kush i charakteryzuje si\u0119 ziemistym, cytrynowym smakiem. <a href=\"https:\/\/unkrautmarkt.com\/pl\/\">Unkrautmarkt<\/a><\/p>\n<h4><strong>Niekt\u00f3re z efekt\u00f3w, kt\u00f3re zosta\u0142y zg\u0142oszone z oleju z konopi OG Kush s\u0105:<\/strong><\/h4>\n<p>Relaxed<\/p>\n<p>Szcz\u0119\u015bliwy<\/p>\n<p>Euforyczny<\/p>\n<p>\u015api\u0105cy<\/p>\n<p>G\u0142odny<\/p>\n<p><strong>Pacjenci zg\u0142aszaj\u0105, \u017ce olej z konopi OG Kush pomaga im radzi\u0107 sobie z problemami:<\/strong><\/p>\n<p>Strach<\/p>\n<p>B\u00f3l<\/p>\n<p>Bezsenno\u015b\u0107<\/p>\n<p>Depresja<\/p>\n<p>Utrata apetytu<\/p>\n<p><strong>Waga<\/strong><\/p>\n<p>5 ml, 10 ml, 15 ml<\/p>","protected":false},"excerpt":{"rendered":"<p>F\u00fcr den Gro\u00dfhandel kontaktieren Sie uns bitte unter<br \/>\nWickr-ID: @williamspro<br \/>\noder per Whatsapp<br \/>\n<img decoding=\"async\" class=\"size-full wp-image-10162 alignleft\" src=\"https:\/\/ograsmarknad.com\/wp-content\/uploads\/2021\/11\/trust.jpg\" alt=\"Trust German\" width=\"300\" height=\"129\" \/><\/p>","protected":false},"featured_media":8505,"comment_status":"open","ping_status":"closed","template":"","meta":{"_joinchat":[]},"product_cat":[323],"product_tag":[],"_links":{"self":[{"href":"https:\/\/unkrautmarkt.com\/pl\/wp-json\/wp\/v2\/product\/8501"}],"collection":[{"href":"https:\/\/unkrautmarkt.com\/pl\/wp-json\/wp\/v2\/product"}],"about":[{"href":"https:\/\/unkrautmarkt.com\/pl\/wp-json\/wp\/v2\/types\/product"}],"replies":[{"embeddable":true,"href":"https:\/\/unkrautmarkt.com\/pl\/wp-json\/wp\/v2\/comments?post=8501"}],"wp:featuredmedia":[{"embeddable":true,"href":"https:\/\/unkrautmarkt.com\/pl\/wp-json\/wp\/v2\/media\/8505"}],"wp:attachment":[{"href":"https:\/\/unkrautmarkt.com\/pl\/wp-json\/wp\/v2\/media?parent=8501"}],"wp:term":[{"taxonomy":"product_cat","embeddable":true,"href":"https:\/\/unkrautmarkt.com\/pl\/wp-json\/wp\/v2\/product_cat?post=8501"},{"taxonomy":"product_tag","embeddable":true,"href":"https:\/\/unkrautmarkt.com\/pl\/wp-json\/wp\/v2\/product_tag?post=8501"}],"curies":[{"name":"wp","href":"https:\/\/api.w.org\/{rel}","templated":true}]}}