{"id":8478,"date":"2022-08-03T13:03:00","date_gmt":"2022-08-03T13:03:00","guid":{"rendered":"https:\/\/unkrautmarkt.com\/?post_type=product&#038;p=8478"},"modified":"2026-03-13T09:19:14","modified_gmt":"2026-03-13T09:19:14","slug":"moroccan-caramello-hash","status":"publish","type":"product","link":"https:\/\/unkrautmarkt.com\/pl\/product\/moroccan-caramello-hash\/","title":{"rendered":"Moroccan Caramello Hash"},"content":{"rendered":"<h2>Maroka\u0144ski haszysz Caramello: Kup teraz w Wielkiej Brytanii<\/h2>\n<p><strong>Unkrautmarkt<\/strong>\u00a0Ugruntowali\u015bmy swoj\u0105 pozycj\u0119 jako wiod\u0105cy sprzedawca internetowy maroka\u0144skiego haszyszu Caramello. Wsp\u00f3\u0142pracujemy wy\u0142\u0105cznie z najlepszymi dostawcami i dystrybutorami autentycznego maroka\u0144skiego haszyszu Caramello w Internecie. Jeste\u015bmy do Pa\u0144stwa dyspozycji o ka\u017cdej porze i w ka\u017cdym miejscu. Nasz maroka\u0144ski haszysz Caramello spe\u0142nia wszystkie wymagania.<\/p>\n<p>Je\u015bli szukasz maroka\u0144skiego <a href=\"https:\/\/unkrautmarkt.com\/pl\/product\/moroccan-caramello-hash\/\"><strong>Karmel-Haszysz<\/strong><\/a> Je\u015bli szukasz haszyszu online w Wielkiej Brytanii w najlepszych cenach, to dobrze trafi\u0142e\u015b. Klienci z Hiszpanii, Wielkiej Brytanii i Irlandii od dawna korzystaj\u0105 z naszego sklepu internetowego. Znajdziesz tu haszysz, kt\u00f3rego szukasz. Gwarantujemy najlepsz\u0105 obs\u0142ug\u0119.<\/p>\n<h3>Kup haszysz karmelowy po maroka\u0144sku online<\/h3>\n<p>To klon haszyszu, Moroccan Caramel Hashish. Prawdopodobnie najlepszy legalny haszysz na rynku. Do jego produkcji u\u017cywane s\u0105 wy\u0142\u0105cznie naturalne sk\u0142adniki spo\u017cywcze. Smakuje fantastycznie, pachnie konopiami, w dotyku i wygl\u0105dzie przypomina haszysz. Kup Moroccan Caramel Hashish online; jest identyczny z naszymi innymi produktami, r\u00f3\u017cni si\u0119 jedynie kolorem.<\/p>\n<p>Legalny maroka\u0144ski haszysz karmelowy jest bezpieczny, mo\u017cna go wysy\u0142a\u0107 na ca\u0142y \u015bwiat i jest zawsze legalny. Nie zawiera THC, syntetycznych kannabinoid\u00f3w ani innych substancji badawczych (takich jak JWH-018, JWH-073, JWH-250, AM-2209 itp.). Zazwyczaj ten haszysz nie jest prasowany maszynowo. Ma przyjemnie mi\u0119kk\u0105 i elastyczn\u0105 konsystencj\u0119, uzyskan\u0105 dzi\u0119ki r\u0119cznemu prasowaniu. Haszysz musi by\u0107 umieszczony nad tronem.<\/p>\n<h3>Wo kann ich die marokkanische Caramello-Hasch-Sorte online kaufen?<\/h3>\n<p><a href=\"https:\/\/unkrautmarkt.com\/pl\/\"><strong>UnkrautMarkt<\/strong><\/a> Oferujemy sprzeda\u017c online haszyszu Caramello w Maroku. Jako renomowana apteka, mo\u017cesz \u015bmia\u0142o kupi\u0107 ten produkt konopny w uczciwej cenie. Zam\u00f3w ju\u017c dzi\u015b! Dostarczymy Twoje zam\u00f3wienie pod wskazany adres tak szybko, jak to mo\u017cliwe.<\/p>\n<p><strong><br \/>\n<a href=\"https:\/\/en.wikipedia.org\/wiki\/Cannabis_in_Morocco\" rel=\"nofollow noopener\" target=\"_blank\">Maroka\u0144ski hasz karmelowy<\/a>:<\/strong> Zawiera 5 g olejku eterycznego z konopi. Moroccan Caramello Hash to w 100% naturalny produkt haszyszowy, zawieraj\u0105cy wysokiej jako\u015bci sk\u0142adniki spo\u017cywcze i maj\u0105cy w\u0142a\u015bciwo\u015bci lecznicze. Moroccan Caramello Hash dodaje energii, a jego w\u0142a\u015bciwo\u015bci lecznicze \u0142agodz\u0105 stres i wzmacniaj\u0105 uk\u0142ad odporno\u015bciowy dzi\u0119ki zawarto\u015bci olejku eterycznego z konopi o w\u0142a\u015bciwo\u015bciach terapeutycznych.<\/p>\n<p><strong>Smak:<\/strong> Przygotuj si\u0119 na s\u0142odki, owocowy smak. Pozostanie on na Twoich kubkach smakowych przez d\u0142ugi czas. To smak, kt\u00f3rym ludzie chc\u0105 si\u0119 delektowa\u0107 nieustannie.<\/p>\n<p><strong>Efekt:<\/strong> Maroka\u0144ski haszysz karmelowy ma wspania\u0142y efekt kamieniowania cia\u0142a. Doskona\u0142y na dolegliwo\u015bci fizyczne. Poczujesz si\u0119 \u015bwietnie. Praktycznie niezwyci\u0119\u017cony.<\/p>\n<p><strong>Waga<\/strong> 180 gram, 30 gram, 90 gram<\/p>","protected":false},"excerpt":{"rendered":"<p>F\u00fcr den Gro\u00dfhandel kontaktieren Sie uns bitte unter<br \/>\nWickr-ID: @williamspro<br \/>\noder per Whatsapp<br \/>\n<img decoding=\"async\" class=\"size-full wp-image-10162 alignleft\" src=\"https:\/\/ograsmarknad.com\/wp-content\/uploads\/2021\/11\/trust.jpg\" alt=\"Trust German\" width=\"300\" height=\"129\" \/><\/p>","protected":false},"featured_media":8482,"comment_status":"open","ping_status":"closed","template":"","meta":{"_joinchat":[]},"product_cat":[322,321],"product_tag":[],"_links":{"self":[{"href":"https:\/\/unkrautmarkt.com\/pl\/wp-json\/wp\/v2\/product\/8478"}],"collection":[{"href":"https:\/\/unkrautmarkt.com\/pl\/wp-json\/wp\/v2\/product"}],"about":[{"href":"https:\/\/unkrautmarkt.com\/pl\/wp-json\/wp\/v2\/types\/product"}],"replies":[{"embeddable":true,"href":"https:\/\/unkrautmarkt.com\/pl\/wp-json\/wp\/v2\/comments?post=8478"}],"wp:featuredmedia":[{"embeddable":true,"href":"https:\/\/unkrautmarkt.com\/pl\/wp-json\/wp\/v2\/media\/8482"}],"wp:attachment":[{"href":"https:\/\/unkrautmarkt.com\/pl\/wp-json\/wp\/v2\/media?parent=8478"}],"wp:term":[{"taxonomy":"product_cat","embeddable":true,"href":"https:\/\/unkrautmarkt.com\/pl\/wp-json\/wp\/v2\/product_cat?post=8478"},{"taxonomy":"product_tag","embeddable":true,"href":"https:\/\/unkrautmarkt.com\/pl\/wp-json\/wp\/v2\/product_tag?post=8478"}],"curies":[{"name":"wp","href":"https:\/\/api.w.org\/{rel}","templated":true}]}}