{"id":8472,"date":"2022-08-03T12:56:42","date_gmt":"2022-08-03T12:56:42","guid":{"rendered":"https:\/\/unkrautmarkt.com\/?post_type=product&#038;p=8472"},"modified":"2026-03-12T06:26:33","modified_gmt":"2026-03-12T06:26:33","slug":"ak-48-hashish","status":"publish","type":"product","link":"https:\/\/unkrautmarkt.com\/pl\/product\/ak-48-hashish\/","title":{"rendered":"Ak-48-Hashish"},"content":{"rendered":"<h2>Kup szybko haszysz AK-48 online: najwy\u017csza jako\u015b\u0107 z dyskretn\u0105 dostaw\u0105<\/h2>\n<p>Szukasz sposobu na <a href=\"https:\/\/unkrautmarkt.com\/pl\/product\/ak-48-hashish\/\"><strong>Zam\u00f3w szybko haszysz AK-48 online<\/strong><\/a>W naszej zaufanej aptece internetowej trafi\u0142e\u015b we w\u0142a\u015bciwe miejsce! Wysokiej jako\u015bci marihuana i haszysz premium s\u0105 na wyci\u0105gni\u0119cie r\u0119ki. Oferujemy entuzjastom konopi w USA, Kanadzie, Europie i na ca\u0142ym \u015bwiecie p\u0142ynne i dyskretne zakupy. Satysfakcja klienta jest naszym priorytetem: otrzymasz silny haszysz AK-48, fachowo przetworzony i zapakowany dla Twojej przyjemno\u015bci.<\/p>\n<p><strong>AK-48<\/strong> AK-48 to popularna odmiana hybrydowa, znana ze zr\u00f3wnowa\u017conego dzia\u0142ania i urzekaj\u0105cego aromatu. Koncentrat haszyszu zapewnia intensywniejsze i trwalsze doznania. Nasz haszysz AK-48 jest starannie wytwarzany, aby zachowa\u0107 naturalne terpeny i kannabinoidy tego szczepu. Rezultatem jest bogaty, aromatyczny i niezwykle mocny produkt. Niezale\u017cnie od tego, czy jeste\u015b do\u015bwiadczonym koneserem, czy dopiero odkrywasz \u015bwiat koncentrat\u00f3w, nasz haszysz AK-48 gwarantuje wyj\u0105tkow\u0105 jako\u015b\u0107.<\/p>\n<h3>Odkryj zalety naszego haszyszu AK-48<\/h3>\n<p>Kupuj\u0105c haszysz AK-48 online, inwestujesz w produkt o wielu potencjalnych korzy\u015bciach. Konsumenci cz\u0119sto zg\u0142aszaj\u0105 znaczn\u0105 popraw\u0119 nastroju, kt\u00f3rej towarzyszy delikatne, uspokajaj\u0105ce uczucie, redukuj\u0105ce stres i napi\u0119cie. <a href=\"https:\/\/unkrautmarkt.com\/pl\/\">Unkrautmarkt<\/a><\/p>\n<h3>Niezawodny sklep internetowy z haszyszem AK-48 i nie tylko<\/h3>\n<p><strong>Kupuj\u0105c marihuan\u0119 online<\/strong> Zaufanie to podstawa. Jeste\u015bmy dumni, \u017ce jeste\u015bmy zaufanym sprzedawc\u0105 internetowym wysokiej jako\u015bci produkt\u00f3w konopnych. W naszej ofercie znajdziesz szeroki wyb\u00f3r szczep\u00f3w, produkt\u00f3w spo\u017cywczych, koncentrat\u00f3w i akcesori\u00f3w, wi\u0119c gwarantujemy, \u017ce znajdziesz to, czego szukasz. Dyskrecja jest dla nas priorytetem. Twoje zam\u00f3wienia s\u0105 bezpiecznie pakowane i wysy\u0142ane w zwyk\u0142ych kopertach lub pude\u0142kach, aby chroni\u0107 Twoj\u0105 prywatno\u015b\u0107. Oferujemy szybk\u0105 i niezawodn\u0105 wysy\u0142k\u0119, dzi\u0119ki czemu mo\u017cesz zam\u00f3wi\u0107 haszysz AK-48 online i otrzyma\u0107 go b\u0142yskawicznie.<\/p>\n<h3>Podsumowuj\u0105c:<\/h3>\n<p>Kiedy <strong>Kup szybko haszysz AK-48 online<\/strong> Je\u015bli chcesz wybra\u0107 dostawc\u0119, kt\u00f3ry ceni jako\u015b\u0107, skuteczno\u015b\u0107 i pe\u0142n\u0105 satysfakcj\u0119, wybierz w\u0142a\u015bnie takiego. Nasz haszysz AK-48 to wysokiej jako\u015bci koncentrat konopi indyjskich o typowych dla AK-48 w\u0142a\u015bciwo\u015bciach pobudzaj\u0105cych i uspokajaj\u0105cych w skoncentrowanej formie. Od starannej produkcji po dyskretn\u0105 wysy\u0142k\u0119 na ca\u0142y \u015bwiat \u2013 d\u0105\u017cymy do tego, aby by\u0107 Twoim pierwszym wyborem, je\u015bli chodzi o zakup konopi online. Odkryj nasz\u0105 ofert\u0119 ju\u017c dzi\u015b i przekonaj si\u0119, jak\u0105 r\u00f3\u017cnic\u0119 robi jako\u015b\u0107. <a href=\"https:\/\/en.wikipedia.org\/wiki\/Hashish\" rel=\"nofollow noopener\" target=\"_blank\"><strong>Zam\u00f3w haszysz AK-48 online<\/strong><\/a> i ciesz si\u0119 komfortem i jako\u015bci\u0105 naszych niezawodnych us\u0142ug.<\/p>","protected":false},"excerpt":{"rendered":"<p>F\u00fcr den Gro\u00dfhandel kontaktieren Sie uns bitte unter<br \/>\nWickr-ID: @williamspro<br \/>\noder per Whatsapp<br \/>\n<img decoding=\"async\" class=\"size-full wp-image-10162 alignleft\" src=\"https:\/\/ograsmarknad.com\/wp-content\/uploads\/2021\/11\/trust.jpg\" alt=\"Trust German\" width=\"300\" height=\"129\" \/><\/p>","protected":false},"featured_media":8476,"comment_status":"open","ping_status":"closed","template":"","meta":{"_joinchat":[]},"product_cat":[322,321],"product_tag":[],"_links":{"self":[{"href":"https:\/\/unkrautmarkt.com\/pl\/wp-json\/wp\/v2\/product\/8472"}],"collection":[{"href":"https:\/\/unkrautmarkt.com\/pl\/wp-json\/wp\/v2\/product"}],"about":[{"href":"https:\/\/unkrautmarkt.com\/pl\/wp-json\/wp\/v2\/types\/product"}],"replies":[{"embeddable":true,"href":"https:\/\/unkrautmarkt.com\/pl\/wp-json\/wp\/v2\/comments?post=8472"}],"wp:featuredmedia":[{"embeddable":true,"href":"https:\/\/unkrautmarkt.com\/pl\/wp-json\/wp\/v2\/media\/8476"}],"wp:attachment":[{"href":"https:\/\/unkrautmarkt.com\/pl\/wp-json\/wp\/v2\/media?parent=8472"}],"wp:term":[{"taxonomy":"product_cat","embeddable":true,"href":"https:\/\/unkrautmarkt.com\/pl\/wp-json\/wp\/v2\/product_cat?post=8472"},{"taxonomy":"product_tag","embeddable":true,"href":"https:\/\/unkrautmarkt.com\/pl\/wp-json\/wp\/v2\/product_tag?post=8472"}],"curies":[{"name":"wp","href":"https:\/\/api.w.org\/{rel}","templated":true}]}}