{"id":8461,"date":"2022-08-03T12:48:30","date_gmt":"2022-08-03T12:48:30","guid":{"rendered":"https:\/\/unkrautmarkt.com\/?post_type=product&#038;p=8461"},"modified":"2026-03-12T06:26:44","modified_gmt":"2026-03-12T06:26:44","slug":"afghani-red-wrap-hash","status":"publish","type":"product","link":"https:\/\/unkrautmarkt.com\/pl\/product\/afghani-red-wrap-hash\/","title":{"rendered":"Afghani Red Wrap Hash"},"content":{"rendered":"<h2 data-start=\"88\" data-end=\"515\"><strong data-start=\"108\" data-end=\"140\">Afga\u0144ski czerwony haszysz online<\/strong><\/h2>\n<p data-start=\"88\" data-end=\"515\">Je\u015bli chodzi o <a href=\"https:\/\/en.wikipedia.org\/wiki\/Hashish\" rel=\"nofollow noopener\" target=\"_blank\"><strong data-start=\"108\" data-end=\"140\">Afga\u0144ski czerwony haszysz online<\/strong><\/a> Wybieraj\u0105c zio\u0142a, wyb\u00f3r odpowiedniego sklepu jest kluczowy, aby zagwarantowa\u0107 jako\u015b\u0107 i niezawodno\u015b\u0107. W unkrautmarkt.com oferujemy wyj\u0105tkowe do\u015bwiadczenie zakupowe, kt\u00f3re wyr\u00f3\u017cnia si\u0119 na tle innych. Oto g\u0142\u00f3wne powody, dla kt\u00f3rych warto wybra\u0107 nas, kupuj\u0105c zio\u0142a. <strong data-start=\"453\" data-end=\"506\">Kup Afghani Red Wrap Hash na unkrautmarkt.com<\/strong> chcie\u0107.<\/p>\n<h3 data-start=\"517\" data-end=\"538\">Wysokiej jako\u015bci hash<\/h3>\n<p data-start=\"540\" data-end=\"1003\">Jako\u015b\u0107 produktu jest najwa\u017cniejszym czynnikiem przy podejmowaniu decyzji o zakupie Afghani Red Wrap Hash online. Nasz hasz pochodzi bezpo\u015brednio od zaufanych producent\u00f3w z Afganistanu, co gwarantuje, \u017ce ka\u017cda partia charakteryzuje si\u0119 bogactwem mocy, smaku i g\u0142adk\u0105 konsystencj\u0105. Afghani Red Wrap Hash dost\u0119pny na unkrautmarkt.com spe\u0142nia najwy\u017csze standardy jako\u015bci i oferuje wszystkim naszym klientom niezmiennie wysok\u0105 jako\u015b\u0107.<\/p>\n<h3 data-start=\"1005\" data-end=\"1032\">Wygodne zakupy online<\/h3>\n<p data-start=\"1034\" data-end=\"1554\"><a href=\"https:\/\/unkrautmarkt.com\/pl\/\"><strong>Bei unkrautmarkt.com<\/strong><\/a> Zoptymalizowali\u015bmy proces zakupu, aby zamawianie Afghani Red Wrap Hash online by\u0142o proste i wygodne. Nasza strona internetowa jest przyjazna dla u\u017cytkownika i zaprojektowana tak, aby pom\u00f3c Ci szybko znale\u017a\u0107 dok\u0142adnie to, czego szukasz. Niezale\u017cnie od tego, czy kupujesz niewielk\u0105 ilo\u015b\u0107, czy sk\u0142adasz wi\u0119ksze zam\u00f3wienie, proces jest prosty i bezstresowy. Koniec z szukaniem w sklepach i zmaganiem si\u0119 ze skomplikowanymi systemami zam\u00f3wie\u0144 \u2013 kup Afghani Red Wrap Hash w zaciszu w\u0142asnego domu.<\/p>\n<h3 data-start=\"1556\" data-end=\"1584\">Konkurencyjne ceny<\/h3>\n<p data-start=\"1586\" data-end=\"2123\">Cena haszyszu Afghani Red Wrap Hash jest zawsze wa\u017cnym czynnikiem przy zakupie online. Dok\u0142adamy wszelkich stara\u0144, aby oferowa\u0107 jedne z najbardziej konkurencyjnych cen na rynku, zachowuj\u0105c jednocze\u015bnie wysok\u0105 jako\u015b\u0107 produktu. Niezale\u017cnie od tego, czy kupujesz niewielk\u0105 ilo\u015b\u0107 na w\u0142asny u\u017cytek, czy wi\u0119ksz\u0105, nasze ceny oferuj\u0105 doskona\u0142y stosunek jako\u015bci do ceny. Regularnie aktualizujemy nasze ceny, aby zapewni\u0107 Ci najlepsz\u0105 ofert\u0119. <a href=\"https:\/\/unkrautmarkt.com\/pl\/product\/afghani-red-wrap-hash\/\"><strong>Afghani Red Wrap Hash online<\/strong><\/a>.<\/p>\n<h3 data-start=\"2125\" data-end=\"2159\">Szybka i bezpieczna wysy\u0142ka<\/h3>\n<p data-start=\"2161\" data-end=\"2668\">Kiedy <strong data-start=\"2170\" data-end=\"2223\">Kup Afghani Red Wrap Hash na unkrautmarkt.com<\/strong>Mo\u017cesz liczy\u0107 na szybk\u0105 i niezawodn\u0105 wysy\u0142k\u0119. Rozumiemy, \u017ce dyskrecja i bezpiecze\u0144stwo s\u0105 najwa\u017cniejsze przy zakupie takich produkt\u00f3w, dlatego dbamy o to, aby wszystkie zam\u00f3wienia by\u0142y wysy\u0142ane w dyskretnym opakowaniu. Nasze metody wysy\u0142ki s\u0105 niezawodne i gwarantujemy, \u017ce Twoje zam\u00f3wienie dotrze na czas i w idealnym stanie, zapewniaj\u0105c Ci spok\u00f3j ducha przez ca\u0142y proces.<\/p>\n<h3 data-start=\"2670\" data-end=\"2696\">Zaufana reputacja<\/h3>\n<p data-start=\"2698\" data-end=\"3238\">Przez lata zdobyli\u015bmy zaufanie licznych klient\u00f3w, oferuj\u0105c wysokiej jako\u015bci produkty i wyj\u0105tkow\u0105 obs\u0142ug\u0119 klienta. Nasza firma s\u0142ynie z konsekwentnego dostarczania oryginalnych produkt\u00f3w. <strong data-start=\"2940\" data-end=\"2965\">Afghani Red Wrap Hash<\/strong>i nadal jeste\u015bmy <strong data-start=\"2994\" data-end=\"3050\">beste Ort, um Afghani Red Wrap Hash online zu kaufen<\/strong>Jeste\u015bmy dumni z pozytywnych opinii i lojalnej bazy klient\u00f3w, jak\u0105 uda\u0142o nam si\u0119 zdoby\u0107, co jest potwierdzeniem rzetelno\u015bci i wiarygodno\u015bci naszych us\u0142ug.<\/p>\n<h3 data-start=\"3240\" data-end=\"3257\">Obs\u0142uga klienta<\/h3>\n<p data-start=\"3259\" data-end=\"3718\">Je\u015bli masz jakiekolwiek pytania na ten temat, <strong data-start=\"3287\" data-end=\"3326\">gdzie kupi\u0107 Afghani Red Wrap Hash<\/strong> Je\u015bli masz jakiekolwiek pytania lub potrzebujesz pomocy przy zam\u00f3wieniu, nasz zesp\u00f3\u0142 obs\u0142ugi klienta jest zawsze do Twojej dyspozycji. Oferujemy profesjonalne i przyjazne wsparcie, aby zapewni\u0107 Ci jak najsprawniejsze zakupy. Niezale\u017cnie od tego, czy potrzebujesz pomocy w wyborze odpowiedniego produktu, czy \u015bledzenia przesy\u0142ki, jeste\u015bmy do Twojej dyspozycji na ka\u017cdym etapie.<\/p>\n<h3 data-start=\"3720\" data-end=\"3729\">Wniosek<\/h3>\n<p data-start=\"3731\" data-end=\"4134\" data-is-last-node=\"\" data-is-only-node=\"\">Je\u015bli szukasz <strong data-start=\"3745\" data-end=\"3782\">Afga\u0144ski czerwony haszysz na sprzeda\u017c<\/strong> Je\u015bli szukasz haszyszu, unkrautmarkt.com to idealne miejsce dla Ciebie. Oferujemy wysokiej jako\u015bci haszysz w konkurencyjnych cenach, bezproblemowe zakupy oraz szybk\u0105 i bezpieczn\u0105 wysy\u0142k\u0119. Je\u015bli si\u0119 zastanawiasz, <strong data-start=\"3982\" data-end=\"4021\">gdzie kupi\u0107 Afghani Red Wrap Hash<\/strong> oder den <strong data-start=\"4031\" data-end=\"4095\">Znajd\u017a najlepsze miejsce do zakupu Afghani Red Wrap Hash online<\/strong>, ist unkrautmarkt.com Ihre erste Wahl.<\/p>","protected":false},"excerpt":{"rendered":"<p>F\u00fcr den Gro\u00dfhandel kontaktieren Sie uns bitte unter<br \/>\nWickr-ID: @williamspro<br \/>\noder per Whatsapp<br \/>\n<img decoding=\"async\" class=\"size-full wp-image-10162 alignleft\" src=\"https:\/\/ograsmarknad.com\/wp-content\/uploads\/2021\/11\/trust.jpg\" alt=\"Trust German\" width=\"300\" height=\"129\" \/><\/p>","protected":false},"featured_media":8470,"comment_status":"open","ping_status":"closed","template":"","meta":{"_joinchat":[]},"product_cat":[322,321],"product_tag":[],"_links":{"self":[{"href":"https:\/\/unkrautmarkt.com\/pl\/wp-json\/wp\/v2\/product\/8461"}],"collection":[{"href":"https:\/\/unkrautmarkt.com\/pl\/wp-json\/wp\/v2\/product"}],"about":[{"href":"https:\/\/unkrautmarkt.com\/pl\/wp-json\/wp\/v2\/types\/product"}],"replies":[{"embeddable":true,"href":"https:\/\/unkrautmarkt.com\/pl\/wp-json\/wp\/v2\/comments?post=8461"}],"wp:featuredmedia":[{"embeddable":true,"href":"https:\/\/unkrautmarkt.com\/pl\/wp-json\/wp\/v2\/media\/8470"}],"wp:attachment":[{"href":"https:\/\/unkrautmarkt.com\/pl\/wp-json\/wp\/v2\/media?parent=8461"}],"wp:term":[{"taxonomy":"product_cat","embeddable":true,"href":"https:\/\/unkrautmarkt.com\/pl\/wp-json\/wp\/v2\/product_cat?post=8461"},{"taxonomy":"product_tag","embeddable":true,"href":"https:\/\/unkrautmarkt.com\/pl\/wp-json\/wp\/v2\/product_tag?post=8461"}],"curies":[{"name":"wp","href":"https:\/\/api.w.org\/{rel}","templated":true}]}}