{"id":8456,"date":"2022-08-03T12:18:03","date_gmt":"2022-08-03T12:18:03","guid":{"rendered":"https:\/\/unkrautmarkt.com\/?post_type=product&#038;p=8456"},"modified":"2026-03-12T06:27:00","modified_gmt":"2026-03-12T06:27:00","slug":"afghan-black-hash","status":"publish","type":"product","link":"https:\/\/unkrautmarkt.com\/pl\/product\/afghan-black-hash\/","title":{"rendered":"Afghan Black Hash"},"content":{"rendered":"<article class=\"text-token-text-primary w-full focus:outline-none [--shadow-height:45px] has-data-writing-block:pointer-events-none has-data-writing-block:-mt-(--shadow-height) has-data-writing-block:pt-(--shadow-height) [&amp;:has([data-writing-block])&gt;*]:pointer-events-auto scroll-mt-(--header-height)\" dir=\"auto\" tabindex=\"-1\" data-turn-id=\"67e99a09-043b-461e-ac14-18a4a955a049\" data-testid=\"conversation-turn-7\" data-scroll-anchor=\"false\" data-turn=\"user\"><\/article>\n<article class=\"text-token-text-primary w-full focus:outline-none [--shadow-height:45px] has-data-writing-block:pointer-events-none has-data-writing-block:-mt-(--shadow-height) has-data-writing-block:pt-(--shadow-height) [&amp;:has([data-writing-block])&gt;*]:pointer-events-auto scroll-mt-[calc(var(--header-height)+min(200px,max(70px,20svh)))]\" dir=\"auto\" tabindex=\"-1\" data-turn-id=\"request-WEB:b3b71863-b3aa-4f21-8e13-39b16a858ae7-3\" data-testid=\"conversation-turn-8\" data-scroll-anchor=\"false\" data-turn=\"assistant\">\n<div class=\"text-base my-auto mx-auto [--thread-content-margin:--spacing(4)] @w-sm\/main:[--thread-content-margin:--spacing(6)] @w-lg\/main:[--thread-content-margin:--spacing(16)] px-(--thread-content-margin)\">\n<div class=\"[--thread-content-max-width:40rem] @w-lg\/main:[--thread-content-max-width:48rem] mx-auto max-w-(--thread-content-max-width) flex-1 group\/turn-messages focus-visible:outline-hidden relative flex w-full min-w-0 flex-col agent-turn\" tabindex=\"-1\">\n<div class=\"flex max-w-full flex-col grow\">\n<div class=\"min-h-8 text-message relative flex w-full flex-col items-end gap-2 text-start break-words whitespace-normal [.text-message+&amp;]:mt-1\" dir=\"auto\" data-message-author-role=\"assistant\" data-message-id=\"8c1d458f-0321-4003-b178-e1de01d2aa37\" data-message-model-slug=\"gpt-5-2\">\n<div class=\"flex w-full flex-col gap-1 empty:hidden first:pt-[1px]\">\n<div class=\"markdown prose dark:prose-invert w-full wrap-break-word dark markdown-new-styling\">\n<h2 data-start=\"0\" data-end=\"567\"><strong>Afghan <\/strong><strong>Black <\/strong><strong>Kup haszysz online<\/strong><\/h2>\n<p data-start=\"0\" data-end=\"567\">Je\u015bli chodzi o <a href=\"https:\/\/unkrautmarkt.com\/pl\/product\/afghan-black-hash\/\"><strong>Kup Afga\u0144ski Czarny Hasz online<\/strong><\/a>Wyb\u00f3r zaufanego sklepu jest kluczowy, aby zagwarantowa\u0107 bezpiecze\u0144stwo transakcji i najwy\u017csz\u0105 jako\u015b\u0107 produkt\u00f3w. Nasz sklep ugruntowa\u0142 swoj\u0105 pozycj\u0119 jednego z wiod\u0105cych sprzedawc\u00f3w internetowych Afghan Black Hash, oferuj\u0105c niezr\u00f3wnane po\u0142\u0105czenie wysokiej jako\u015bci produkt\u00f3w, bezpiecznych zakup\u00f3w i obs\u0142ugi zorientowanej na klienta. Je\u015bli zastanawiasz si\u0119, gdzie kupi\u0107 Afghan Black Hash, oto kluczowe powody, dla kt\u00f3rych nasz sklep jest najlepszym wyborem.<\/p>\n<h3 data-start=\"569\" data-end=\"620\"><strong data-start=\"569\" data-end=\"620\">Niezr\u00f3wnana jako\u015b\u0107 afga\u0144skiego czarnego haszyszu<\/strong><\/h3>\n<p data-start=\"622\" data-end=\"1295\">Jako\u015b\u0107 Afghan Black Hash wyr\u00f3\u017cnia go spo\u015br\u00f3d innych odmian haszyszu dost\u0119pnych na rynku, a naszym priorytetem jest oferowanie wy\u0142\u0105cznie tego, co najlepsze. Nasz Afghan Black Hash pochodzi ze starannie wyselekcjonowanych \u017ar\u00f3de\u0142, od zaufanych producent\u00f3w z Afganistanu, znanych z wysokiej jako\u015bci metod uprawy i autentycznych proces\u00f3w produkcyjnych. Ka\u017cda partia przechodzi rygorystyczn\u0105 kontrol\u0119 jako\u015bci, aby zapewni\u0107 najwy\u017csze standardy mocy, konsystencji i smaku. Kupuj\u0105c u nas Afghan Black Hash, masz pewno\u015b\u0107, \u017ce otrzymujesz produkt premium, autentyczny, mocny i zakorzeniony w tradycji.<\/p>\n<h3 data-start=\"2114\" data-end=\"2172\"><strong data-start=\"2114\" data-end=\"2172\">Przyst\u0119pne ceny i przejrzyste zasady ustalania cen<\/strong><\/h3>\n<p data-start=\"2174\" data-end=\"2902\">Jednym z najcz\u0119\u015bciej zadawanych pyta\u0144 przez klient\u00f3w jest: \u201eCo to jest <strong data-start=\"2240\" data-end=\"2271\">Cena afga\u0144skiego czarnego haszyszu<\/strong>W naszym sklepie wierzymy, \u017ce produkty najwy\u017cszej jako\u015bci powinny by\u0107 dost\u0119pne w uczciwych cenach. <strong data-start=\"2388\" data-end=\"2421\">Afga\u0144ski czarny haszysz na sprzeda\u017c<\/strong> Nasze ceny s\u0105 konkurencyjne, co gwarantuje doskona\u0142\u0105 jako\u015b\u0107 za rozs\u0105dn\u0105 cen\u0119 bez zawy\u017conych koszt\u00f3w. Priorytetem jest dla nas przejrzysto\u015b\u0107 cen, dlatego nie ma ukrytych ani nieoczekiwanych op\u0142at przy finalizacji zam\u00f3wienia. Niezale\u017cnie od tego, czy realizujesz ma\u0142e, czy du\u017ce zam\u00f3wienia, oferujemy elastyczne ceny dopasowane do Twojego bud\u017cetu. Mo\u017cesz mie\u0107 pewno\u015b\u0107, \u017ce otrzymujesz najlepsz\u0105 cen\u0119 za jako\u015b\u0107, kt\u00f3r\u0105 kupujesz.<\/p>\n<h3 data-start=\"2904\" data-end=\"2938\"><strong data-start=\"2904\" data-end=\"2938\">Bezpieczna i dyskretna dostawa<\/strong><\/h3>\n<p data-start=\"2940\" data-end=\"3645\">Kiedy <a href=\"https:\/\/en.wikipedia.org\/wiki\/Hashish\" rel=\"nofollow noopener\" target=\"_blank\"><strong data-start=\"2949\" data-end=\"2984\">Kup Afga\u0144ski Czarny Hasz online<\/strong><\/a>Dyskrecja jest dla nas priorytetem. Rozumiemy, jak wa\u017cna jest ochrona Twojej prywatno\u015bci i zapewnienie, \u017ce Twoje zam\u00f3wienie dotrze bezpiecznie i dyskretnie. Nasz proces wysy\u0142ki przebiega z najwy\u017csz\u0105 staranno\u015bci\u0105, a wysokiej jako\u015bci opakowania gwarantuj\u0105, \u017ce Twoje zam\u00f3wienie dotrze w idealnym stanie. Oferujemy r\u00f3wnie\u017c r\u00f3\u017cnorodne opcje dostawy, dzi\u0119ki czemu mo\u017cesz wybra\u0107 metod\u0119 najlepiej odpowiadaj\u0105c\u0105 Twoim potrzebom \u2013 niezale\u017cnie od tego, czy wolisz szybk\u0105 dostaw\u0119, czy bardziej ekonomiczn\u0105 opcj\u0119. Nasz niezawodny system dostaw gwarantuje, \u017ce Twoje zam\u00f3wienie dotrze bezpiecznie i bez znacznych op\u00f3\u017anie\u0144.<\/p>\n<h3 data-start=\"5542\" data-end=\"5582\"><strong data-start=\"5542\" data-end=\"5582\">Ekskluzywne zni\u017cki i oferty specjalne<\/strong><\/h3>\n<p data-start=\"5584\" data-end=\"6160\">Staramy si\u0119 oferowa\u0107 naszym klientom co\u015b wi\u0119cej ni\u017c tylko produkty wysokiej jako\u015bci. Je\u015bli szukasz mo\u017cliwo\u015bci, <strong data-start=\"5696\" data-end=\"5729\">Afga\u0144ski czarny haszysz na sprzeda\u017c<\/strong> Aby nasze produkty by\u0142y jeszcze ta\u0144sze, nasz sklep regularnie oferuje ekskluzywne promocje i rabaty. Te oferty ograniczone czasowo pozwalaj\u0105 na zakup ulubionych produkt\u00f3w w obni\u017conych cenach, dzi\u0119ki czemu dost\u0119p do wysokiej jako\u015bci produkt\u00f3w staje si\u0119 jeszcze \u0142atwiejszy. <a href=\"https:\/\/unkrautmarkt.com\/pl\/\"><strong data-start=\"5996\" data-end=\"6017\">Afghan Black Hash<\/strong><\/a> Baw si\u0119 dobrze, nie rujnuj\u0105c bud\u017cetu. Regularnie odwiedzaj nasz\u0105 stron\u0119 internetow\u0105, aby odkry\u0107 nowe oferty i promocje specjalne.<\/p>\n<h3 data-start=\"6162\" data-end=\"6171\"><strong data-start=\"6162\" data-end=\"6171\">Wniosek<\/strong><\/h3>\n<p data-start=\"6173\" data-end=\"6945\" data-is-last-node=\"\" data-is-only-node=\"\">Na zat\u0142oczonym rynku znalezienie odpowiedniego sklepu mo\u017ce by\u0107 trudne. <strong data-start=\"6257\" data-end=\"6295\">Kup Afga\u0144ski Czarny Hasz online<\/strong>Jednak dzi\u0119ki naszemu zaanga\u017cowaniu w jako\u015b\u0107 produkt\u00f3w, konkurencyjnym cenom, bezpiecznej i dyskretnej dostawie oraz doskona\u0142ej obs\u0142udze klienta, jeste\u015bmy przekonani, \u017ce mo\u017cemy sprosta\u0107 wymaganiom rynku. <strong data-start=\"6468\" data-end=\"6525\">Najlepszym miejscem do zakupu Afga\u0144skiego Czarnego Haszu online jest<\/strong>. Egal, ob Sie sich fragen \u201e<strong data-start=\"6553\" data-end=\"6594\">Gdzie mog\u0119 kupi\u0107 Afga\u0144ski Czarny Hasz?<\/strong>\u201elub jeste\u015b gotowy z\u0142o\u017cy\u0107 zam\u00f3wienie \u2013 nasz sklep to idealne miejsce dla ka\u017cdego, kto szuka autentycznego, wysokiej jako\u015bci do\u015bwiadczenia. Oferujemy bezproblemowy i bezpieczny spos\u00f3b\u2026\u201d <strong data-start=\"6806\" data-end=\"6847\">Zam\u00f3w Afga\u0144ski Czarny Hasz online<\/strong>, dzi\u0119ki czemu korzystanie z tego cenionego produktu b\u0119dzie \u0142atwiejsze ni\u017c kiedykolwiek wcze\u015bniej, w zaciszu w\u0142asnego domu.<\/p>\n<\/div>\n<\/div>\n<\/div>\n<\/div>\n<\/div>\n<\/div>\n<\/article>","protected":false},"excerpt":{"rendered":"<p>F\u00fcr den Gro\u00dfhandel kontaktieren Sie uns bitte unter<br \/>\nWickr-ID: @williamspro<br \/>\noder per Whatsapp<br \/>\n<img decoding=\"async\" class=\"size-full wp-image-10162 alignleft\" src=\"https:\/\/ograsmarknad.com\/wp-content\/uploads\/2021\/11\/trust.jpg\" alt=\"Trust German\" width=\"300\" height=\"129\" \/><\/p>","protected":false},"featured_media":8460,"comment_status":"open","ping_status":"closed","template":"","meta":{"_joinchat":[]},"product_cat":[322,321],"product_tag":[],"_links":{"self":[{"href":"https:\/\/unkrautmarkt.com\/pl\/wp-json\/wp\/v2\/product\/8456"}],"collection":[{"href":"https:\/\/unkrautmarkt.com\/pl\/wp-json\/wp\/v2\/product"}],"about":[{"href":"https:\/\/unkrautmarkt.com\/pl\/wp-json\/wp\/v2\/types\/product"}],"replies":[{"embeddable":true,"href":"https:\/\/unkrautmarkt.com\/pl\/wp-json\/wp\/v2\/comments?post=8456"}],"wp:featuredmedia":[{"embeddable":true,"href":"https:\/\/unkrautmarkt.com\/pl\/wp-json\/wp\/v2\/media\/8460"}],"wp:attachment":[{"href":"https:\/\/unkrautmarkt.com\/pl\/wp-json\/wp\/v2\/media?parent=8456"}],"wp:term":[{"taxonomy":"product_cat","embeddable":true,"href":"https:\/\/unkrautmarkt.com\/pl\/wp-json\/wp\/v2\/product_cat?post=8456"},{"taxonomy":"product_tag","embeddable":true,"href":"https:\/\/unkrautmarkt.com\/pl\/wp-json\/wp\/v2\/product_tag?post=8456"}],"curies":[{"name":"wp","href":"https:\/\/api.w.org\/{rel}","templated":true}]}}