{"id":8062,"date":"2021-12-18T08:51:42","date_gmt":"2021-12-18T08:51:42","guid":{"rendered":"https:\/\/unkrautmarkt.com\/?post_type=product&#038;p=8062"},"modified":"2023-04-02T22:20:59","modified_gmt":"2023-04-02T22:20:59","slug":"angebotspaket-alle-5-strains-45g","status":"publish","type":"product","link":"https:\/\/unkrautmarkt.com\/pl\/product\/angebotspaket-alle-5-strains-45g\/","title":{"rendered":"Angebotspaket (alle 5 Strains &#8211; 45G)"},"content":{"rendered":"<h2>Pakiet ofert specjalnych dla szczep\u00f3w<\/h2>\n<p>Je\u015bli chcesz spr\u00f3bowa\u0107 r\u00f3\u017cnych rodzaj\u00f3w odmian marihuany, kt\u00f3rych ludzie mog\u0105 si\u0119 spodziewa\u0107 po najpopularniejszych odmianach marihuany, ale nie wiesz, gdzie znale\u017a\u0107 dobr\u0105 ofert\u0119 pakietow\u0105. W sklepie Unkrautmarkt.com  po raz pierwszy oferujemy wszystkim klientom i odbiorcom hurtowym pakiet, kt\u00f3ry obejmuje 5 najlepszych odmian o wysokiej zawarto\u015bci THC. Nie musisz nigdzie wychodzi\u0107, aby skorzysta\u0107 z tej wspania\u0142ej oferty, wystarczy z\u0142o\u017cy\u0107 zam\u00f3wienie na 5 smak\u00f3w po 45 gram\u00f3w, aby uzyska\u0107 wspania\u0142y rabat.<\/p>","protected":false},"excerpt":{"rendered":"<p>For Wholesale please contact us at<br \/>\nWickr ID: @williamspro<br \/>\nor via Whatsapp<br \/>\n<img decoding=\"async\" class=\"size-full wp-image-10162 alignleft\" src=\"https:\/\/ograsmarknad.com\/wp-content\/uploads\/2021\/11\/trust.jpg\" alt=\"Trust German\" width=\"300\" height=\"129\" \/><\/p>","protected":false},"featured_media":8067,"comment_status":"open","ping_status":"closed","template":"","meta":{"_joinchat":[]},"product_cat":[307],"product_tag":[],"_links":{"self":[{"href":"https:\/\/unkrautmarkt.com\/pl\/wp-json\/wp\/v2\/product\/8062"}],"collection":[{"href":"https:\/\/unkrautmarkt.com\/pl\/wp-json\/wp\/v2\/product"}],"about":[{"href":"https:\/\/unkrautmarkt.com\/pl\/wp-json\/wp\/v2\/types\/product"}],"replies":[{"embeddable":true,"href":"https:\/\/unkrautmarkt.com\/pl\/wp-json\/wp\/v2\/comments?post=8062"}],"wp:featuredmedia":[{"embeddable":true,"href":"https:\/\/unkrautmarkt.com\/pl\/wp-json\/wp\/v2\/media\/8067"}],"wp:attachment":[{"href":"https:\/\/unkrautmarkt.com\/pl\/wp-json\/wp\/v2\/media?parent=8062"}],"wp:term":[{"taxonomy":"product_cat","embeddable":true,"href":"https:\/\/unkrautmarkt.com\/pl\/wp-json\/wp\/v2\/product_cat?post=8062"},{"taxonomy":"product_tag","embeddable":true,"href":"https:\/\/unkrautmarkt.com\/pl\/wp-json\/wp\/v2\/product_tag?post=8062"}],"curies":[{"name":"wp","href":"https:\/\/api.w.org\/{rel}","templated":true}]}}