{"id":7854,"date":"2021-10-28T13:08:51","date_gmt":"2021-10-28T13:08:51","guid":{"rendered":"https:\/\/unkrautmarkt.com\/?post_type=product&#038;p=7854"},"modified":"2026-03-16T05:04:59","modified_gmt":"2026-03-16T05:04:59","slug":"super-silver-haze","status":"publish","type":"product","link":"https:\/\/unkrautmarkt.com\/pl\/product\/super-silver-haze\/","title":{"rendered":"Super Silver Haze"},"content":{"rendered":"<h2 style=\"text-align: justify;\">Kup Super Silver Haze online<\/h2>\n<p style=\"text-align: justify;\"><a href=\"https:\/\/en.wikipedia.org\/wiki\/Cannabis_strain\" rel=\"nofollow noopener\" target=\"_blank\">Super Silver Haze<\/a> Super Silver Haze to produkt stworzony z po\u0142\u0105czenia Haze, Northern Lights i Skunk. Kup Super Silver Haze online. Rezultat jest po prostu niesamowity i daje Ci wyj\u0105tkowe doznania Sativa, o kt\u00f3rych zawsze marzy\u0142e\u015b. Z Super Silver Haze osi\u0105gniesz niesamowity, energetyczny haj, kt\u00f3ry utrzyma si\u0119 przez d\u0142ugi czas. Ma r\u00f3wnie\u017c imponuj\u0105cy, pobudzaj\u0105cy efekt. To \u015bwietny spos\u00f3b na radzenie sobie z ekstremalnie wysokim poziomem stresu. Je\u015bli odczuwasz nudno\u015bci lub utrat\u0119 apetytu, Super Silver Haze pomo\u017ce Ci je odzyska\u0107. <a href=\"https:\/\/unkrautmarkt.com\/pl\/product\/super-silver-haze\/\">Kup Super Silver Haze online<\/a> Deutschland, \u00d6sterreich &amp; Schweiz!<\/p>\n<p style=\"text-align: justify;\">Odmiana Super Silver Haze to hybryda z przewag\u0105 sativy, zapewniaj\u0105ca maksymalny haj przez ca\u0142y dzie\u0144. Zawiera oko\u0142o 18% THC i 0,10% CBD. Zapewnia to nie tylko uspokajaj\u0105cy i relaksuj\u0105cy efekt, ale tak\u017ce pozwala na wykonywanie wa\u017cnych zada\u0144 w ci\u0105gu dnia. Kontrastuje to z niekt\u00f3rymi innymi odmianami, kt\u00f3re cz\u0119sto wywo\u0142uj\u0105 efekt kanapowego lenistwa.<\/p>\n<h3 style=\"text-align: justify;\">Korzy\u015bci medyczne Super Silver Haze<\/h3>\n<p style=\"text-align: justify;\">Wielu u\u017cytkownik\u00f3w tej odmiany potwierdzi\u0142o jej znacz\u0105ce w\u0142a\u015bciwo\u015bci lecznicze. Super Silver Haze oferuje aromaty przypraw, skunksa i cytrus\u00f3w i mo\u017ce zapewni\u0107 silne efekty psychoaktywne i fizyczne. Cho\u0107 jest niezwykle energetyzuj\u0105ca, Super Silver Haze zmienia biegi w drugiej po\u0142owie d\u0142ugotrwa\u0142ego haju, zaczynaj\u0105c dzia\u0142a\u0107 koj\u0105co na organizm. U\u017cytkownicy mog\u0105 odczuwa\u0107 rozja\u015bnienie kolor\u00f3w i wyostrzenie ton\u00f3w. Dla wi\u0119kszo\u015bci u\u017cytkownik\u00f3w ta odmiana mo\u017ce by\u0107 skutecznym lekarstwem na zm\u0119czenie, wahania nastroju, nudno\u015bci i migreny w ci\u0105gu dnia. Inni u\u017cytkownicy mog\u0105 odczuwa\u0107 efekty fizyczne bardziej intensywnie ni\u017c inni, ale mo\u017ce z\u0142agodzi\u0107 przewlek\u0142y b\u00f3l. Super Silver Haze jest na sprzeda\u017c. <a href=\"https:\/\/unkrautmarkt.com\/pl\/\">Unkrautmarkt<\/a><\/p>\n<p style=\"text-align: justify;\">Niew\u0105tpliwie ta odmiana zyska\u0142a popularno\u015b\u0107 w ostatnich latach. Jednak jej u\u017cytkownicy nadal maj\u0105 trudno\u015bci z zakupem Super Silver Haze online. Wynika to z faktu, \u017ce wi\u0119kszo\u015b\u0107 z nich woli robi\u0107 zakupy online w aptekach internetowych. Niemniej jednak, zawsze ch\u0119tnie pomo\u017cemy Ci w zakupach. \u017byczymy udanych zakup\u00f3w i mi\u0142ego dnia.<\/p>","protected":false},"excerpt":{"rendered":"<p>For Wholesale please contact us at<br \/>\nWickr ID: @williamspro<br \/>\nor via Whatsapp<br \/>\n<img decoding=\"async\" class=\"size-full wp-image-10162 alignleft\" src=\"https:\/\/ograsmarknad.com\/wp-content\/uploads\/2021\/11\/trust.jpg\" alt=\"Trust German\" width=\"300\" height=\"129\" \/><\/p>","protected":false},"featured_media":7859,"comment_status":"open","ping_status":"closed","template":"","meta":{"_joinchat":[]},"product_cat":[307],"product_tag":[],"_links":{"self":[{"href":"https:\/\/unkrautmarkt.com\/pl\/wp-json\/wp\/v2\/product\/7854"}],"collection":[{"href":"https:\/\/unkrautmarkt.com\/pl\/wp-json\/wp\/v2\/product"}],"about":[{"href":"https:\/\/unkrautmarkt.com\/pl\/wp-json\/wp\/v2\/types\/product"}],"replies":[{"embeddable":true,"href":"https:\/\/unkrautmarkt.com\/pl\/wp-json\/wp\/v2\/comments?post=7854"}],"wp:featuredmedia":[{"embeddable":true,"href":"https:\/\/unkrautmarkt.com\/pl\/wp-json\/wp\/v2\/media\/7859"}],"wp:attachment":[{"href":"https:\/\/unkrautmarkt.com\/pl\/wp-json\/wp\/v2\/media?parent=7854"}],"wp:term":[{"taxonomy":"product_cat","embeddable":true,"href":"https:\/\/unkrautmarkt.com\/pl\/wp-json\/wp\/v2\/product_cat?post=7854"},{"taxonomy":"product_tag","embeddable":true,"href":"https:\/\/unkrautmarkt.com\/pl\/wp-json\/wp\/v2\/product_tag?post=7854"}],"curies":[{"name":"wp","href":"https:\/\/api.w.org\/{rel}","templated":true}]}}