{"id":7848,"date":"2021-10-28T13:03:14","date_gmt":"2021-10-28T13:03:14","guid":{"rendered":"https:\/\/unkrautmarkt.com\/?post_type=product&#038;p=7848"},"modified":"2026-03-16T05:05:41","modified_gmt":"2026-03-16T05:05:41","slug":"strawberry-haze","status":"publish","type":"product","link":"https:\/\/unkrautmarkt.com\/pl\/product\/strawberry-haze\/","title":{"rendered":"Strawberry Haze"},"content":{"rendered":"<h2 style=\"text-align: justify;\">Strawberry Haze online<\/h2>\n<p style=\"text-align: justify;\"><a href=\"https:\/\/en.wikipedia.org\/wiki\/Cannabis_strain\" rel=\"nofollow noopener\" target=\"_blank\">Strawberry Haze<\/a> P\u0105ki Strawberry Haze pachn\u0105 truskawkami i zapewniaj\u0105 s\u0142odki smak, kt\u00f3ry jest dodatkowo wzmocniony, gdy korzenie swobodnie rosn\u0105 w glebie. Charakteryzuje si\u0119 wysok\u0105 ro\u015blin\u0105 z d\u0142ugimi ga\u0142\u0119ziami. Jest \u0142atwa w uprawie i utrzymaniu, poniewa\u017c dobrze znosi wilgotne warunki. Okres kwitnienia wynosi oko\u0142o 10 tygodni, a zawarto\u015b\u0107 THC do 20% i CBD 1,2%.<\/p>\n<p style=\"text-align: justify;\"><a href=\"https:\/\/unkrautmarkt.com\/pl\/product\/strawberry-haze\/\">Unkrautmarkt.com<\/a> Jeste\u015bmy uznawani za jedn\u0105 z najlepszych aptek internetowych z marihuan\u0105. To zas\u0142uga jako\u015bci naszych produkt\u00f3w, naszego zaanga\u017cowania w zadowolenie klienta oraz pe\u0142nego zaanga\u017cowania w zapewnienie Pa\u0144stwu satysfakcji. Strawberry Haze, znany r\u00f3wnie\u017c jako \u201eArjan's Strawberry Haze\u201d, zosta\u0142 opracowany przez Arjana i wprowadzony na rynek w 2006 roku. W 2005 roku Strawberry Haze zdoby\u0142 pierwsz\u0105 nagrod\u0119 w konkursie Green House Very Important Smokers Panel. Teraz mo\u017cesz kupi\u0107 Strawberry Haze u nas online w konkurencyjnych cenach z gwarantowan\u0105 dyskretn\u0105 dostaw\u0105 na ca\u0142y \u015bwiat.<\/p>\n<h3 style=\"text-align: justify;\">Strawberry Haze Efekty<\/h3>\n<p style=\"text-align: justify;\">Przeprowadzili\u015bmy badania na osobach, kt\u00f3re stale kupuj\u0105 Strawberry Haze i oto, co uda\u0142o nam si\u0119 ustali\u0107.<\/p>\n<p style=\"text-align: justify;\"><em><strong>113 os\u00f3b powiedzia\u0142o nam o efektach:<\/strong><\/em><\/p>\n<p style=\"text-align: justify;\">\u2022 <a href=\"https:\/\/unkrautmarkt.com\/pl\/\">Gef\u00fchle<\/a><br \/>\n- Negatywny<br \/>\n- Pomaga w<\/p>\n<p style=\"text-align: justify;\">Energetyczny: 53% os\u00f3b twierdzi, \u017ce czuje si\u0119 energicznie<br \/>\nSzcz\u0119\u015bliwi: 53% os\u00f3b twierdzi, \u017ce czuje si\u0119 szcz\u0119\u015bliwa<br \/>\n53% os\u00f3b twierdzi, \u017ce czuje si\u0119 podniesiona na duchu<br \/>\nSucho\u015b\u0107 w ustach: 26% os\u00f3b zg\u0142asza, \u017ce ma sucho\u015b\u0107 w ustach<br \/>\nSucho\u015b\u0107 oczu: 21% os\u00f3b zg\u0142asza sucho\u015b\u0107 oczu.<br \/>\nParanoja: 11% os\u00f3b zg\u0142asza uczucie paranoi<br \/>\nDepresja: 31% os\u00f3b twierdzi, \u017ce pomaga na depresj\u0119<br \/>\nStres: 28% os\u00f3b twierdzi, \u017ce pomaga na stres<br \/>\nL\u0119k: 22% os\u00f3b twierdzi, \u017ce pomaga w stanach l\u0119kowych<\/p>","protected":false},"excerpt":{"rendered":"<p>For Wholesale please contact us at<br \/>\nWickr ID: @williamspro<br \/>\nor via Whatsapp<br \/>\n<img decoding=\"async\" class=\"size-full wp-image-10162 alignleft\" src=\"https:\/\/ograsmarknad.com\/wp-content\/uploads\/2021\/11\/trust.jpg\" alt=\"Trust German\" width=\"300\" height=\"129\" \/><\/p>","protected":false},"featured_media":7853,"comment_status":"open","ping_status":"closed","template":"","meta":{"_joinchat":[]},"product_cat":[307],"product_tag":[],"_links":{"self":[{"href":"https:\/\/unkrautmarkt.com\/pl\/wp-json\/wp\/v2\/product\/7848"}],"collection":[{"href":"https:\/\/unkrautmarkt.com\/pl\/wp-json\/wp\/v2\/product"}],"about":[{"href":"https:\/\/unkrautmarkt.com\/pl\/wp-json\/wp\/v2\/types\/product"}],"replies":[{"embeddable":true,"href":"https:\/\/unkrautmarkt.com\/pl\/wp-json\/wp\/v2\/comments?post=7848"}],"wp:featuredmedia":[{"embeddable":true,"href":"https:\/\/unkrautmarkt.com\/pl\/wp-json\/wp\/v2\/media\/7853"}],"wp:attachment":[{"href":"https:\/\/unkrautmarkt.com\/pl\/wp-json\/wp\/v2\/media?parent=7848"}],"wp:term":[{"taxonomy":"product_cat","embeddable":true,"href":"https:\/\/unkrautmarkt.com\/pl\/wp-json\/wp\/v2\/product_cat?post=7848"},{"taxonomy":"product_tag","embeddable":true,"href":"https:\/\/unkrautmarkt.com\/pl\/wp-json\/wp\/v2\/product_tag?post=7848"}],"curies":[{"name":"wp","href":"https:\/\/api.w.org\/{rel}","templated":true}]}}