{"id":7836,"date":"2021-10-28T12:20:23","date_gmt":"2021-10-28T12:20:23","guid":{"rendered":"https:\/\/unkrautmarkt.com\/?post_type=product&#038;p=7836"},"modified":"2026-03-16T05:10:06","modified_gmt":"2026-03-16T05:10:06","slug":"pineapple-express","status":"publish","type":"product","link":"https:\/\/unkrautmarkt.com\/pl\/product\/pineapple-express\/","title":{"rendered":"Pineapple Express"},"content":{"rendered":"<h2 style=\"text-align: justify;\">Pineapple Express online kaufen von der besten Online-Apotheke<\/h2>\n<p style=\"text-align: justify;\">Ananas Express na sprzeda\u017c w Polsce, Niemczech, Szwajcarii Austand mo\u017cna kupi\u0107 na Unkrautmarkt.com w przyst\u0119pnych cenach w chwili obecnej. Nasz ca\u0142y zesp\u00f3\u0142 sprzedawc\u00f3w i dostawc\u00f3w jest dost\u0119pny 24\/7, aby pom\u00f3c Ci kupi\u0107 Ananas Express online. Jeste\u015bmy do\u015bwiadczon\u0105 aptek\u0105 internetow\u0105, kt\u00f3ra rozumie swoich klient\u00f3w. Tutaj mo\u017cesz kupi\u0107 najlepsze produkty. Zam\u00f3w teraz Pineapple Express Niemcy, Austria i Szwajcaria!<\/p>\n<h3 style=\"text-align: justify;\">Jakie s\u0105 funkcje programu Pineapple Express?<\/h3>\n<p style=\"text-align: justify;\"><a href=\"https:\/\/unkrautmarkt.com\/pl\/product\/pineapple-express\/\"><strong>Pineapple Express<\/strong><\/a> Pineapple Express to tropikalna odmiana powsta\u0142a ze skrzy\u017cowania Trainwreck i Hawaiian. Daje g\u0142adki i s\u0142odki dym, wystarczaj\u0105cy, aby palacze mogli si\u0119 odurzy\u0107. Ta mocna odmiana zyska\u0142a ogromn\u0105 popularno\u015b\u0107 na rynkach internetowych w USA, Wielkiej Brytanii, Kanadzie, Niemczech i Australii. Zawarto\u015b\u0107 THC w tej odmianie wynosi zazwyczaj ponad 24%. Pachnie jak stragan z owocami. P\u0105ki Pineapple Express maj\u0105 oliwkowy kolor i kszta\u0142t przypominaj\u0105cy kamie\u0144. Smakuj\u0105 jak \u015bwie\u017cy plaster ananasa. Dzi\u0119ki tej odmianie szybko wykonasz swoj\u0105 kr\u00f3tk\u0105 list\u0119 rzeczy do zrobienia. Mo\u017cesz uprawia\u0107 t\u0119 ro\u015blin\u0119 zar\u00f3wno na zewn\u0105trz, jak i wewn\u0105trz. Kwitnienie trwa oko\u0142o 7-8 tygodni.<\/p>\n<ul>\n<li style=\"text-align: justify;\">Smak jest bardzo mocny.<\/li>\n<li style=\"text-align: justify;\">Jego szum jest pot\u0119\u017cny.<\/li>\n<li style=\"text-align: justify;\">Daje to uczucie unoszenia si\u0119 w powietrzu.<\/li>\n<li style=\"text-align: justify;\">Powoduje lekkie odr\u0119twienie oraz odurzaj\u0105cy i radosny haj.<\/li>\n<li style=\"text-align: justify;\">Sprawia, \u017ce u\u017cytkownicy staj\u0105 si\u0119 kreatywni i gadatliwi.<\/li>\n<li style=\"text-align: justify;\">Pomaga si\u0119 skoncentrowa\u0107 i by\u0107 produktywnym.<\/li>\n<li style=\"text-align: justify;\">Jest pomocny dla os\u00f3b cierpi\u0105cych na stany l\u0119kowe, zm\u0119czenie, depresj\u0119, przewlek\u0142y stres i og\u00f3lny niepok\u00f3j. <a href=\"https:\/\/unkrautmarkt.com\/pl\/\"><strong>Unkrautmarkt<\/strong><\/a><\/li>\n<li style=\"text-align: justify;\">Ma r\u00f3wnie\u017c pewne niewielkie w\u0142a\u015bciwo\u015bci uspokajaj\u0105ce.<\/li>\n<\/ul>\n<h3 style=\"text-align: justify;\">Jak kupi\u0107 ich Pineapple Express online?<\/h3>\n<p style=\"text-align: justify;\">Kiedy <a href=\"https:\/\/en.wikipedia.org\/wiki\/Pineapple_Express\" rel=\"nofollow noopener\" target=\"_blank\">Pineapple Express in Deutschland<\/a>Je\u015bli chcesz zam\u00f3wi\u0107 online z Austrii lub Szwajcarii, wybierz Unkrautmarkt.com. Zapakujemy Twoje zam\u00f3wienie bezpiecznie i wy\u015blemy je na wskazany adres. Nie b\u0119dzie \u017cadnych op\u00f3\u017anie\u0144 z naszej strony. Skontaktuj si\u0119 z nami ju\u017c teraz!<\/p>","protected":false},"excerpt":{"rendered":"<p>For Wholesale please contact us at<br \/>\nWickr ID: @williamspro<br \/>\nor via Whatsapp<br \/>\n<img decoding=\"async\" class=\"size-full wp-image-10162 alignleft\" src=\"https:\/\/ograsmarknad.com\/wp-content\/uploads\/2021\/11\/trust.jpg\" alt=\"Trust German\" width=\"300\" height=\"129\" \/><\/p>","protected":false},"featured_media":7841,"comment_status":"open","ping_status":"closed","template":"","meta":{"_joinchat":[]},"product_cat":[307],"product_tag":[],"_links":{"self":[{"href":"https:\/\/unkrautmarkt.com\/pl\/wp-json\/wp\/v2\/product\/7836"}],"collection":[{"href":"https:\/\/unkrautmarkt.com\/pl\/wp-json\/wp\/v2\/product"}],"about":[{"href":"https:\/\/unkrautmarkt.com\/pl\/wp-json\/wp\/v2\/types\/product"}],"replies":[{"embeddable":true,"href":"https:\/\/unkrautmarkt.com\/pl\/wp-json\/wp\/v2\/comments?post=7836"}],"wp:featuredmedia":[{"embeddable":true,"href":"https:\/\/unkrautmarkt.com\/pl\/wp-json\/wp\/v2\/media\/7841"}],"wp:attachment":[{"href":"https:\/\/unkrautmarkt.com\/pl\/wp-json\/wp\/v2\/media?parent=7836"}],"wp:term":[{"taxonomy":"product_cat","embeddable":true,"href":"https:\/\/unkrautmarkt.com\/pl\/wp-json\/wp\/v2\/product_cat?post=7836"},{"taxonomy":"product_tag","embeddable":true,"href":"https:\/\/unkrautmarkt.com\/pl\/wp-json\/wp\/v2\/product_tag?post=7836"}],"curies":[{"name":"wp","href":"https:\/\/api.w.org\/{rel}","templated":true}]}}