{"id":7830,"date":"2021-10-28T12:15:41","date_gmt":"2021-10-28T12:15:41","guid":{"rendered":"https:\/\/unkrautmarkt.com\/?post_type=product&#038;p=7830"},"modified":"2026-03-16T05:10:47","modified_gmt":"2026-03-16T05:10:47","slug":"orange-kush","status":"publish","type":"product","link":"https:\/\/unkrautmarkt.com\/pl\/product\/orange-kush\/","title":{"rendered":"Orange Kush"},"content":{"rendered":"<h2 style=\"text-align: justify;\">Kup Orange Kush online<\/h2>\n<p style=\"text-align: justify;\"><a href=\"https:\/\/unkrautmarkt.com\/pl\/product\/orange-kush\/\">Orange Kush<\/a> wurde von Green Devil Genetics gez\u00fcchtet und ist das Kind von Orange Bud und OG Kush. Es bringt den K\u00f6rper in Entspannung und hebt die Stimmung mit einem s\u00fc\u00dfen und w\u00fcrzigen Zitrusgeschmack. Diese Sorte ist resistent gegen die meisten Sch\u00e4dlinge und Schimmelpilze und hat lange, dichte Knospen mit vielen orangefarbenen Haaren und Trichomkristallen. Kaufen Sie Orange Kush Online in Deutschland, \u00d6sterreich und der Schweiz.<\/p>\n<p style=\"text-align: justify;\">Wyhodowana przez Green Devil Genetics, odmiana Orange Kush jest potomkiem Orange Bud i OG Kush. Wywo\u0142uje relaks i poprawia nastr\u00f3j dzi\u0119ki s\u0142odko-pikantnemu cytrusowemu smakowi. Ta odmiana jest odporna na wi\u0119kszo\u015b\u0107 szkodnik\u00f3w i ple\u015bni, a jej cech\u0105 charakterystyczn\u0105 s\u0105 d\u0142ugie, g\u0119ste p\u0105ki z licznymi pomara\u0144czowymi w\u0142oskami i kryszta\u0142kami trichom\u00f3w. Kup Orange Kush online w Niemczech, Austrii i Szwajcarii.<\/p>\n<p style=\"text-align: justify;\">Ta hybrydowa odmiana marihuany z przewag\u0105 sativy zosta\u0142a opracowana z my\u015bl\u0105 o odporno\u015bci i sile wzrostu. Ro\u015bliny Organic Kush pochodz\u0105 od rodzic\u00f3w OG Kush i SAGE i, jak wiele odmian sativa, charakteryzuj\u0105 si\u0119 nieco d\u0142u\u017cszym okresem kwitnienia, wynosz\u0105cym 10-11 tygodni. Ro\u015bliny te maj\u0105 wiele ga\u0142\u0119zi z ciemnozielonymi li\u015b\u0107mi, ale ich p\u0105ki s\u0105 jaskrawozielone i pachn\u0105 \u015bwie\u017co \u015bci\u0119t\u0105 sosn\u0105. Organic Kush to doskona\u0142y wyb\u00f3r na pobudzenie m\u00f3zgu i mo\u017ce pobudzi\u0107 kreatywno\u015b\u0107.<\/p>\n<p style=\"text-align: justify;\"><strong>Nazwa szczepu: Orange Kush<\/strong><\/p>\n<p style=\"text-align: justify;\">Note: B+<\/p>\n<p style=\"text-align: justify;\">Typ: <a href=\"https:\/\/unkrautmarkt.com\/pl\/\">Indica<\/a><\/p>\n<p style=\"text-align: justify;\"><strong>Wygl\u0105d<\/strong><br \/>\nJasnozielony z jasnymi, g\u0119stymi, pomara\u0144czowymi w\u0142oskami. Wiele kryszta\u0142\u00f3w b\u0142yszczy w \u015bwietle. 10\/10<\/p>\n<p style=\"text-align: justify;\"><strong>Zapach<\/strong><br \/>\nLekki zapach ziemistych zi\u00f3\u0142, ale poza tym bezzapachowy. Bardzo subtelny. 7\/10<\/p>\n<p style=\"text-align: justify;\"><strong>Smak:<\/strong><br \/>\nPodobnie jak w przypadku zapachu, tak naprawd\u0119 nie ma smaku. To bardzo delikatny, lekko ziemisty, zio\u0142owy aromat. Roz\u0142\u00f3\u017c grube worki wulkaniczne. 7\/10<\/p>\n<p style=\"text-align: justify;\"><strong>Impact<\/strong><br \/>\n<a href=\"https:\/\/en.wikipedia.org\/wiki\/Kush_(cannabis)\" rel=\"nofollow noopener\" target=\"_blank\">Stosowanie w nocy<\/a>Nie sko\u0144czy\u0142em jeszcze nawet jednej saszetki Volcano, a m\u00f3j \u017co\u0142\u0105dek ryczy jak lew, a w\u0142a\u015bnie zjad\u0142em\u2026 Wygl\u0105da na to, \u017ce to jedna z tych odmian, kt\u00f3re wywo\u0142uj\u0105 skrajny g\u0142\u00f3d. Silne dzia\u0142anie indica z relatywnie jasnym my\u015bleniem. Dobra na b\u00f3l i uczucie niepokoju. 9\/10<\/p>\n<p style=\"text-align: justify;\">Potenz: 8\/10<\/p>\n<p style=\"text-align: justify;\"><strong>Dobre dla<\/strong><br \/>\nZwi\u0119kszony apetyt, nudno\u015bci, \u0142agodne u\u015bmierzanie b\u00f3lu, relaks, stres, astma. Zam\u00f3w odmian\u0119 Orange Kush w Niemczech, Austrii i Szwajcarii.<\/p>","protected":false},"excerpt":{"rendered":"<p>For Wholesale please contact us at<br \/>\nWickr ID: @williamspro<br \/>\nor via Whatsapp<br \/>\n<img decoding=\"async\" class=\"size-full wp-image-10162 alignleft\" src=\"https:\/\/ograsmarknad.com\/wp-content\/uploads\/2021\/11\/trust.jpg\" alt=\"Trust German\" width=\"300\" height=\"129\" \/><\/p>","protected":false},"featured_media":7835,"comment_status":"open","ping_status":"closed","template":"","meta":{"_joinchat":[]},"product_cat":[307],"product_tag":[],"_links":{"self":[{"href":"https:\/\/unkrautmarkt.com\/pl\/wp-json\/wp\/v2\/product\/7830"}],"collection":[{"href":"https:\/\/unkrautmarkt.com\/pl\/wp-json\/wp\/v2\/product"}],"about":[{"href":"https:\/\/unkrautmarkt.com\/pl\/wp-json\/wp\/v2\/types\/product"}],"replies":[{"embeddable":true,"href":"https:\/\/unkrautmarkt.com\/pl\/wp-json\/wp\/v2\/comments?post=7830"}],"wp:featuredmedia":[{"embeddable":true,"href":"https:\/\/unkrautmarkt.com\/pl\/wp-json\/wp\/v2\/media\/7835"}],"wp:attachment":[{"href":"https:\/\/unkrautmarkt.com\/pl\/wp-json\/wp\/v2\/media?parent=7830"}],"wp:term":[{"taxonomy":"product_cat","embeddable":true,"href":"https:\/\/unkrautmarkt.com\/pl\/wp-json\/wp\/v2\/product_cat?post=7830"},{"taxonomy":"product_tag","embeddable":true,"href":"https:\/\/unkrautmarkt.com\/pl\/wp-json\/wp\/v2\/product_tag?post=7830"}],"curies":[{"name":"wp","href":"https:\/\/api.w.org\/{rel}","templated":true}]}}