{"id":7824,"date":"2021-10-28T10:58:14","date_gmt":"2021-10-28T10:58:14","guid":{"rendered":"https:\/\/unkrautmarkt.com\/?post_type=product&#038;p=7824"},"modified":"2026-03-13T09:19:26","modified_gmt":"2026-03-13T09:19:26","slug":"lemon-haze","status":"publish","type":"product","link":"https:\/\/unkrautmarkt.com\/pl\/product\/lemon-haze\/","title":{"rendered":"Lemon Haze"},"content":{"rendered":"<h2 style=\"text-align: justify;\">Lemon Haze online<\/h2>\n<p style=\"text-align: justify;\"><a href=\"https:\/\/unkrautmarkt.com\/pl\/product\/lemon-haze\/\"><strong>Lemon Haze<\/strong><\/a> to odmiana pochodz\u0105ca z Kalifornii, g\u0142\u0119boko zakorzeniona w kulturze konopi na Zachodnim Wybrze\u017cu. Ta zachwycaj\u0105ca hybryda z przewag\u0105 sativy powsta\u0142a ze skrzy\u017cowania Silver Haze i Lemon Skunk. Jej niepowtarzalny, cierpki, cytrynowo-sosnowy aromat i smak, w po\u0142\u0105czeniu z jej radosnym i energetyzuj\u0105cym charakterem, czyni\u0105 j\u0105 ulubienic\u0105 fan\u00f3w na ca\u0142ym \u015bwiecie. <strong>Kup Lemon Haze w Niemczech<\/strong>, \u00d6sterreich und der Schweiz.<\/p>\n<h3 style=\"text-align: justify;\">Impact<\/h3>\n<p style=\"text-align: justify;\">Testy laboratoryjne tej doskona\u0142ej hybrydy dowodz\u0105 potencja\u0142u tego szczepu. \u015arednio zawiera on <strong>15-18%<\/strong> THC, co jest do\u015b\u0107 niezwyk\u0142e w przypadku hybrydy z przewag\u0105 sativy. Wysoka zawarto\u015b\u0107 THC i niska zawarto\u015b\u0107 CBD (&lt;1%) <strong><a href=\"https:\/\/en.wikipedia.org\/wiki\/Super_Lemon_Haze\" rel=\"nofollow noopener\" target=\"_blank\">Lemon Haze<\/a><\/strong> Wywo\u0142uj\u0105 odurzaj\u0105cy, psychodeliczny haj, pe\u0142en pozytywnych wibracji i \u015bmiechu. M\u00f3zgowe, podnosz\u0105ce na duchu dzia\u0142anie tej odmiany sprawia, \u017ce \u200b\u200bidealnie nadaje si\u0119 do radzenia sobie z l\u0119kiem, depresj\u0105 i stresem dnia codziennego. To sprawia, \u017ce \u200b\u200bjest to \u015bwietna odmiana na ca\u0142y dzie\u0144, poniewa\u017c wspomaga koncentracj\u0119 i sprzyja interakcjom spo\u0142ecznym. W\u0142a\u015bciwo\u015bci przeciwb\u00f3lowe i uspokajaj\u0105ce s\u0105 raczej s\u0142abe, co jest norm\u0105 dla odmian z przewag\u0105 sativy.<\/p>\n<h3 style=\"text-align: justify;\">Wygl\u0105d i aromat<\/h3>\n<p style=\"text-align: justify;\">Najbardziej uderzaj\u0105c\u0105 cech\u0105 <a href=\"https:\/\/unkrautmarkt.com\/pl\/\">Lemon Haze<\/a> Uwodzicielski zapach przywodzi na my\u015bl \u015bwie\u017co wyci\u015bni\u0119t\u0105 lemoniad\u0119 \u2013 aromat cierpkiej sk\u00f3rki cytrusowej miesza si\u0119 ze s\u0142odk\u0105, sosnow\u0105 nut\u0105, tworz\u0105c orze\u017awiaj\u0105cy aromat. Sto\u017ckowate p\u0105ki s\u0105 g\u0119sto upakowane i zawieraj\u0105 mn\u00f3stwo widocznych, puszystych trichom\u00f3w. Niewielka ilo\u015b\u0107 jasnopomara\u0144czowych s\u0142upk\u00f3w skrywa si\u0119 po\u015br\u00f3d jasnozielonych kwiat\u00f3w, a po ich rozerwaniu uwalniaj\u0105 jeszcze wi\u0119cej THC.<\/p>\n<h3 style=\"text-align: justify;\">Typ wysoki<\/h3>\n<p style=\"text-align: justify;\">Ta odmiana marihuany wywo\u0142uje podnosz\u0105c\u0105 na duchu eufori\u0119 m\u00f3zgow\u0105, po kt\u00f3rej nast\u0119puje blokada kanapy. Zwi\u0119ksza energi\u0119, zach\u0119ca do chichot\u00f3w i interakcji spo\u0142ecznych. Zmniejsza stres, \u0142agodzi depresj\u0119 i nudno\u015bci, ma umiarkowane w\u0142a\u015bciwo\u015bci przeciwb\u00f3lowe, pobudza apetyt.<\/p>\n<h3 style=\"text-align: justify;\">Genetyka<\/h3>\n<p style=\"text-align: justify;\">Ta odmiana marihuany jest krzy\u017c\u00f3wk\u0105 Lemon Skunk i Super Silver Haze.<\/p>","protected":false},"excerpt":{"rendered":"<p>For Wholesale please contact us at<br \/>\nWickr ID: @williamspro<br \/>\nor via Whatsapp<br \/>\n<img decoding=\"async\" class=\"size-full wp-image-10162 alignleft\" src=\"https:\/\/ograsmarknad.com\/wp-content\/uploads\/2021\/11\/trust.jpg\" alt=\"Trust German\" width=\"300\" height=\"129\" \/><\/p>","protected":false},"featured_media":7829,"comment_status":"open","ping_status":"closed","template":"","meta":{"_joinchat":[]},"product_cat":[307],"product_tag":[],"_links":{"self":[{"href":"https:\/\/unkrautmarkt.com\/pl\/wp-json\/wp\/v2\/product\/7824"}],"collection":[{"href":"https:\/\/unkrautmarkt.com\/pl\/wp-json\/wp\/v2\/product"}],"about":[{"href":"https:\/\/unkrautmarkt.com\/pl\/wp-json\/wp\/v2\/types\/product"}],"replies":[{"embeddable":true,"href":"https:\/\/unkrautmarkt.com\/pl\/wp-json\/wp\/v2\/comments?post=7824"}],"wp:featuredmedia":[{"embeddable":true,"href":"https:\/\/unkrautmarkt.com\/pl\/wp-json\/wp\/v2\/media\/7829"}],"wp:attachment":[{"href":"https:\/\/unkrautmarkt.com\/pl\/wp-json\/wp\/v2\/media?parent=7824"}],"wp:term":[{"taxonomy":"product_cat","embeddable":true,"href":"https:\/\/unkrautmarkt.com\/pl\/wp-json\/wp\/v2\/product_cat?post=7824"},{"taxonomy":"product_tag","embeddable":true,"href":"https:\/\/unkrautmarkt.com\/pl\/wp-json\/wp\/v2\/product_tag?post=7824"}],"curies":[{"name":"wp","href":"https:\/\/api.w.org\/{rel}","templated":true}]}}