{"id":7818,"date":"2021-10-28T10:51:46","date_gmt":"2021-10-28T10:51:46","guid":{"rendered":"https:\/\/unkrautmarkt.com\/?post_type=product&#038;p=7818"},"modified":"2026-03-13T09:19:47","modified_gmt":"2026-03-13T09:19:47","slug":"hawaiian-snow","status":"publish","type":"product","link":"https:\/\/unkrautmarkt.com\/pl\/product\/hawaiian-snow\/","title":{"rendered":"Hawajski \u015bnieg"},"content":{"rendered":"<h2 style=\"text-align: justify;\">Hawaiian Snow online<\/h2>\n<p style=\"text-align: justify;\"><a href=\"https:\/\/unkrautmarkt.com\/pl\/\">Hawajski \u015bnieg<\/a> to odmiana czystej sativy, kt\u00f3ra zdoby\u0142a pierwsze miejsce w wielu konkursach i jest znana z zawarto\u015bci THC si\u0119gaj\u0105cej 24%. Odmiana ta nale\u017cy do grupy Haze ze wzgl\u0119du na silny, zamglony i oszo\u0142omiony efekt m\u00f3zgowy.<\/p>\n<p style=\"text-align: justify;\">Podwy\u017cszonemu nastrojowi hawajskiego \u015bniegu cz\u0119sto towarzyszy energia i kreatywno\u015b\u0107. Te fale euforii zaczynaj\u0105 si\u0119 w umy\u015ble i rozchodz\u0105 si\u0119 na zewn\u0105trz, uspokajaj\u0105c i koj\u0105c cia\u0142o. Niekt\u00f3rzy u\u017cytkownicy odczuwaj\u0105 silne chrupanie, a inni uwa\u017caj\u0105, \u017ce efekty m\u00f3zgowe s\u0105 intensywne i odurzaj\u0105ce. Odmiana ta ma aromat sosnowy i kwiatowy. Negatywne skutki mog\u0105 obejmowa\u0107 waciki, sucho\u015b\u0107 oczu, zawroty g\u0142owy, paranoj\u0119 lub niepok\u00f3j. Zam\u00f3w Hawaiian Snow w Polsce, Rumunii, W\u0142oszech, Czechach, Austrii i Szwajcarii.<\/p>\n<p style=\"text-align: justify;\"><a href=\"https:\/\/en.wikipedia.org\/wiki\/Cannabis_strain\" rel=\"nofollow noopener\" target=\"_blank\">Hawajski \u015bnieg<\/a> jest idealny do stosowania w ci\u0105gu dnia i najcz\u0119\u015bciej zalecany osobom cierpi\u0105cym na stres, l\u0119ki i depresj\u0119. Efekty fizyczne s\u0105 jednak r\u00f3wnie\u017c przydatne w \u0142agodzeniu b\u00f3lu przewlek\u0142ego, np. b\u00f3lu staw\u00f3w. Odmiana ta mo\u017ce r\u00f3wnie\u017c zmniejszy\u0107 stan zapalny. Pacjenci stosuj\u0105 j\u0105 czasem w celu \u0142agodzenia nudno\u015bci i zwalczania zaburze\u0144 od\u017cywiania. W mniejszym stopniu jest stosowany w migrenach, jaskrze, b\u00f3lach g\u0142owy i bezsenno\u015bci.<\/p>\n<p style=\"text-align: justify;\">Hawaiian Snow wywodzi si\u0119 ca\u0142kowicie od odmian Haze, zw\u0142aszcza od czystej Haze, Hawaiian Haze i Neville's Haze. Odmiana ta zosta\u0142a wyhodowana przez Green House Seeds i mo\u017ce by\u0107 uprawiana zar\u00f3wno w pomieszczeniach, jak i na zewn\u0105trz. W pomieszczeniach zamkni\u0119tych ro\u015bliny te kwitn\u0105 przez 11 tygodni i mog\u0105 wytworzy\u0107 do 700 gram\u00f3w na metr kwadratowy. Na zewn\u0105trz, na p\u00f3\u0142kuli po\u0142udniowej, s\u0105 one zazwyczaj gotowe w czerwcu. Na p\u00f3\u0142kuli p\u00f3\u0142nocnej owoce dojrzewaj\u0105 mi\u0119dzy pa\u017adziernikiem a listopadem i mog\u0105 dawa\u0107 do 1200 gram\u00f3w z ro\u015bliny. <a href=\"https:\/\/unkrautmarkt.com\/pl\/\">Unkrautmarkt<\/a><\/p>","protected":false},"excerpt":{"rendered":"<p>For Wholesale please contact us at<br \/>\nWickr ID: @williamspro<br \/>\nor via Whatsapp<br \/>\n<img decoding=\"async\" class=\"size-full wp-image-10162 alignleft\" src=\"https:\/\/ograsmarknad.com\/wp-content\/uploads\/2021\/11\/trust.jpg\" alt=\"Trust German\" width=\"300\" height=\"129\" \/><\/p>","protected":false},"featured_media":7823,"comment_status":"open","ping_status":"closed","template":"","meta":{"_joinchat":[]},"product_cat":[307],"product_tag":[],"_links":{"self":[{"href":"https:\/\/unkrautmarkt.com\/pl\/wp-json\/wp\/v2\/product\/7818"}],"collection":[{"href":"https:\/\/unkrautmarkt.com\/pl\/wp-json\/wp\/v2\/product"}],"about":[{"href":"https:\/\/unkrautmarkt.com\/pl\/wp-json\/wp\/v2\/types\/product"}],"replies":[{"embeddable":true,"href":"https:\/\/unkrautmarkt.com\/pl\/wp-json\/wp\/v2\/comments?post=7818"}],"wp:featuredmedia":[{"embeddable":true,"href":"https:\/\/unkrautmarkt.com\/pl\/wp-json\/wp\/v2\/media\/7823"}],"wp:attachment":[{"href":"https:\/\/unkrautmarkt.com\/pl\/wp-json\/wp\/v2\/media?parent=7818"}],"wp:term":[{"taxonomy":"product_cat","embeddable":true,"href":"https:\/\/unkrautmarkt.com\/pl\/wp-json\/wp\/v2\/product_cat?post=7818"},{"taxonomy":"product_tag","embeddable":true,"href":"https:\/\/unkrautmarkt.com\/pl\/wp-json\/wp\/v2\/product_tag?post=7818"}],"curies":[{"name":"wp","href":"https:\/\/api.w.org\/{rel}","templated":true}]}}