{"id":7806,"date":"2021-10-28T10:27:45","date_gmt":"2021-10-28T10:27:45","guid":{"rendered":"https:\/\/unkrautmarkt.com\/?post_type=product&#038;p=7806"},"modified":"2026-03-12T06:24:30","modified_gmt":"2026-03-12T06:24:30","slug":"cinex","status":"publish","type":"product","link":"https:\/\/unkrautmarkt.com\/pl\/product\/cinex\/","title":{"rendered":"Cinex"},"content":{"rendered":"<h2 style=\"text-align: justify;\">Kup Cinex online<\/h2>\n<p style=\"text-align: justify;\"><strong>Cinex<\/strong>, hybryda odmian Cinderella 99 i Vortex, pocz\u0105tkowo oferuje mieszank\u0119 smak\u00f3w od s\u0142odkich cytrus\u00f3w po ziemisty skunks. Dodatkowo, efekty s\u0105 wyra\u017ane i pobudzaj\u0105ce, idealne do budowania pozytywnego nastawienia i stymulowania kreatywnej energii. Konsumenci ceni\u0105 Cinex za jego zdolno\u015b\u0107 do \u0142agodzenia b\u00f3lu i depresji.<\/p>\n<h3 style=\"text-align: justify;\">Ponadto efekt(y)<\/h3>\n<p style=\"text-align: justify;\">Po pierwsze, m\u00f3zgowe<br \/>\nTw\u00f3rczy<br \/>\nEnergiczny<br \/>\neuforia<br \/>\nSkupiony<br \/>\nSzcz\u0119\u015bliwy<br \/>\nSchmerzlinderung<br \/>\nRelaxed<br \/>\nSozial<br \/>\nGespr\u00e4chig<br \/>\n<a href=\"https:\/\/unkrautmarkt.com\/pl\/product\/cinex\/\">Na koniec, ale nie mniej wa\u017cne, podnosz\u0105ce na duchu<\/a><\/p>\n<h3>Smaki<\/h3>\n<p>Owoce cytrusowe<br \/>\nZiemisty<br \/>\nSkunks<br \/>\nZoet<\/p>\n<h3 style=\"text-align: justify;\">Konopie siewne<\/h3>\n<p style=\"text-align: justify;\">Kr\u00f3tko m\u00f3wi\u0105c, ro\u015bliny *Cannabis sativa* stanowi\u0105 przeciwie\u0144stwo odmian typu Indica: rosn\u0105 wysokie i smuk\u0142e, a ich li\u015bcie s\u0105 w\u0105skie. Ro\u015bliny Sativa zazwyczaj wyr\u00f3\u017cniaj\u0105 si\u0119 r\u00f3wnie\u017c ja\u015bniejszym odcieniem zieleni ni\u017c ich odpowiednik \u2013 odmiana Indica. Ponadto szczepy Sativa wymagaj\u0105 d\u0142u\u017cszego czasu na wzrost i dojrzewanie, a tak\u017ce potrzebuj\u0105 wi\u0119cej \u015bwiat\u0142a. Leki pozyskiwane z ro\u015blin *Cannabis sativa* charakteryzuj\u0105 si\u0119 ni\u017csz\u0105 zawarto\u015bci\u0105 CBD oraz wy\u017csz\u0105 zawarto\u015bci\u0105 THC. <strong>Kup odmian\u0119 Cinex online<\/strong>, Szwajcaria, Austria!<\/p>\n<p style=\"text-align: justify;\">Kr\u00f3tko m\u00f3wi\u0105c, ro\u015bliny *Cannabis sativa* stanowi\u0105 przeciwie\u0144stwo odmian typu Indica: rosn\u0105 wysokie i smuk\u0142e, a ich li\u015bcie s\u0105 w\u0105skie. Ro\u015bliny Sativa zazwyczaj wyr\u00f3\u017cniaj\u0105 si\u0119 r\u00f3wnie\u017c ja\u015bniejszym odcieniem zieleni ni\u017c ich odpowiednik \u2013 odmiana Indica. Ponadto szczepy Sativa wymagaj\u0105 d\u0142u\u017cszego czasu na wzrost i dojrzewanie, a tak\u017ce potrzebuj\u0105 wi\u0119cej \u015bwiat\u0142a. Leki pozyskiwane z ro\u015blin *Cannabis sativa* charakteryzuj\u0105 si\u0119 ni\u017csz\u0105 zawarto\u015bci\u0105 CBD oraz wy\u017csz\u0105 zawarto\u015bci\u0105 THC. <a href=\"https:\/\/en.wikipedia.org\/wiki\/Cannabis_strain\" rel=\"nofollow noopener\" target=\"_blank\"><strong>Kup Cinex<\/strong><\/a><\/p>\n<p style=\"text-align: justify;\">Do najwa\u017cniejszych cech medycznych odmian sativa nale\u017c\u0105: Kup Cinex w Niemczech, Szwajcarii, Austrii<\/p>\n<p style=\"text-align: justify;\">D'abord,<br \/>\nAnty-Angst<br \/>\nLek przeciwdepresyjny<br \/>\nBehandelt chronische pijn<br \/>\nZwi\u0119ksza koncentracj\u0119 i kreatywno\u015b\u0107.<br \/>\nZwi\u0119ksza poziom serotoniny (neuroprzeka\u017anika bior\u0105cego udzia\u0142 w regulacji uczenia si\u0119, nastroju, snu, l\u0119ku i apetytu).<br \/>\nWreszcie \u2013 do codziennego u\u017cytku.<\/p>\n<h3 style=\"text-align: justify;\">Kup odmian\u0119 Cinex online<\/h3>\n<p style=\"text-align: justify;\"><a href=\"https:\/\/unkrautmarkt.com\/pl\/\"><strong>Ro\u015bliny konopi typu sativa<\/strong><\/a> Maj\u0105 cie\u0144sze li\u015bcie i d\u0142u\u017csze cykle kwitnienia ni\u017c ich odpowiedniki z odmiany Indica. S\u0105 r\u00f3wnie\u017c wy\u017csze: niekt\u00f3re Sativy mog\u0105 osi\u0105ga\u0107 nawet 25 st\u00f3p wysoko\u015bci, cho\u0107 wi\u0119kszo\u015b\u0107 nie przekracza 12 st\u00f3p. <strong>Kup odmian\u0119 Cinex online \u2013 Polska, Szwajcaria, Austria!<\/strong><\/p>","protected":false},"excerpt":{"rendered":"<p>For Wholesale please contact us at<br \/>\nWickr ID: @williamspro<br \/>\nor via Whatsapp<br \/>\n<img decoding=\"async\" class=\"size-full wp-image-10162 alignleft\" src=\"https:\/\/ograsmarknad.com\/wp-content\/uploads\/2021\/11\/trust.jpg\" alt=\"Trust German\" width=\"300\" height=\"129\" \/><\/p>","protected":false},"featured_media":7811,"comment_status":"open","ping_status":"closed","template":"","meta":{"_joinchat":[]},"product_cat":[307],"product_tag":[],"_links":{"self":[{"href":"https:\/\/unkrautmarkt.com\/pl\/wp-json\/wp\/v2\/product\/7806"}],"collection":[{"href":"https:\/\/unkrautmarkt.com\/pl\/wp-json\/wp\/v2\/product"}],"about":[{"href":"https:\/\/unkrautmarkt.com\/pl\/wp-json\/wp\/v2\/types\/product"}],"replies":[{"embeddable":true,"href":"https:\/\/unkrautmarkt.com\/pl\/wp-json\/wp\/v2\/comments?post=7806"}],"wp:featuredmedia":[{"embeddable":true,"href":"https:\/\/unkrautmarkt.com\/pl\/wp-json\/wp\/v2\/media\/7811"}],"wp:attachment":[{"href":"https:\/\/unkrautmarkt.com\/pl\/wp-json\/wp\/v2\/media?parent=7806"}],"wp:term":[{"taxonomy":"product_cat","embeddable":true,"href":"https:\/\/unkrautmarkt.com\/pl\/wp-json\/wp\/v2\/product_cat?post=7806"},{"taxonomy":"product_tag","embeddable":true,"href":"https:\/\/unkrautmarkt.com\/pl\/wp-json\/wp\/v2\/product_tag?post=7806"}],"curies":[{"name":"wp","href":"https:\/\/api.w.org\/{rel}","templated":true}]}}