{"id":7800,"date":"2021-10-28T09:11:17","date_gmt":"2021-10-28T09:11:17","guid":{"rendered":"https:\/\/unkrautmarkt.com\/?post_type=product&#038;p=7800"},"modified":"2026-03-12T06:24:51","modified_gmt":"2026-03-12T06:24:51","slug":"cherry-pie","status":"publish","type":"product","link":"https:\/\/unkrautmarkt.com\/pl\/product\/cherry-pie\/","title":{"rendered":"Cherry Pie"},"content":{"rendered":"<h2 style=\"text-align: justify;\">Cherry Pie Strain<\/h2>\n<p style=\"text-align: justify;\">Po pierwsze, jest to <a href=\"https:\/\/unkrautmarkt.com\/pl\/product\/cherry-pie\/\"><strong>Kup Cherry Pie online<\/strong><\/a>W Austrii i Szwajcarii jest to hybryda o silnej dominacji gen\u00f3w Indica (do 80%) \u2013 krzy\u017c\u00f3wka odmian Durban Poison i Granddaddy Purple. Bior\u0105c pod uwag\u0119 tak \u201egwiazdorskich\u201d rodzic\u00f3w, mo\u017cna by oczekiwa\u0107, \u017ce odmiana ta b\u0119dzie najwy\u017cszej jako\u015bci; i je\u015bli nab\u0119dziesz j\u0105 z w\u0142a\u015bciwego \u017ar\u00f3d\u0142a, z pewno\u015bci\u0105 si\u0119 nie rozczarujesz.<\/p>\n<p style=\"text-align: justify;\">Cherry Kush ma s\u0142abo pomara\u0144czowe w\u0142oski, g\u0119ste kwiatostany i zapach, kt\u00f3ry trudno zepsu\u0107. Wygl\u0105da wspaniale, z ciemnozielonym \u015brodkiem otoczonym g\u0119stymi br\u0105zowymi w\u0142oskami i pokrytym kryszta\u0142kami. Po zerwaniu p\u0105ka mo\u017cna zobaczy\u0107 nowe kryszta\u0142y, kt\u00f3re po prostu b\u0142yszcz\u0105 w \u015bwietle. <a href=\"https:\/\/en.wikipedia.org\/wiki\/Cannabis_strain\" rel=\"nofollow noopener\" target=\"_blank\">Wikipedia<\/a><\/p>\n<h3 style=\"text-align: justify;\">Sorteninfo \u2013 Cherry Pie<\/h3>\n<p style=\"text-align: justify;\">Po drugie. Kup Cherry Pie Online to hybryda z przewag\u0105 indica, b\u0119d\u0105ca po\u0142\u0105czeniem Grand Daddy Purple i Durban Poison. Chocia\u017c trudno jest znale\u017a\u0107 autentyczn\u0105 wersj\u0119 tej konkretnej odmiany medycznej marihuany. Z pewno\u015bci\u0105 nie trudno b\u0119dzie uwierzy\u0107, \u017ce jest to najlepsza odmiana. W swojej strukturze ma g\u0119ste p\u0105ki z pomara\u0144czowymi w\u0142oskami i lekko purpurowym odcieniem. Nazwa tej odmiany marihuany medycznej pochodzi od inspiracji. Kup ciasto wi\u015bniowe w Niemczech, Austrii i Szwajcarii, o aromacie ciasta wi\u015bniowego. Jest on najcz\u0119\u015bciej stosowany przez pacjent\u00f3w z wyra\u017anymi objawami PTSD, l\u0119ku, choroby dwubiegunowej, migreny i innych zespo\u0142\u00f3w zwi\u0105zanych ze stresem.<\/p>\n<p style=\"text-align: justify;\">Cho\u0107 stosowanie tej odmiany przez pacjent\u00f3w mo\u017ce prowadzi\u0107 do sucho\u015bci oczu i ust, z pewno\u015bci\u0105 pomaga ona wzmaga\u0107 uczucie euforii, odpr\u0119\u017ca\u0107 zar\u00f3wno cia\u0142o, jak i umys\u0142, poprawia\u0107 nastr\u00f3j oraz wyostrza\u0107 koncentracj\u0119. Dla pacjent\u00f3w poszukuj\u0105cych konkretnie \u015brodka \u0142agodz\u0105cego sztywno\u015b\u0107 mi\u0119\u015bni oraz towarzysz\u0105cy jej dyskomfort, odmiana ta mo\u017ce okaza\u0107 si\u0119 prawdziwym wybawieniem. Podsumowuj\u0105c, stanowi ona wzorcowy przyk\u0142ad odmiany marihuany o w\u0142a\u015bciwo\u015bciach leczniczych \u2013 takiej, kt\u00f3r\u0105 pacjenci ceni\u0105 wy\u017cej ni\u017c wszystkie inne; \u0142agodzi ona wspomniane objawy w spos\u00f3b maksymalnie relaksuj\u0105cy, a cho\u0107 jej dzia\u0142anie sedatywne mo\u017ce niekiedy wywo\u0142ywa\u0107 lekkie zirytowanie, jej warto\u015b\u0107 terapeutyczna pozostaje niezaprzeczalna. <a href=\"https:\/\/unkrautmarkt.com\/pl\/p\/\"><strong>Cherry Pie<\/strong><\/a> Kup online w Niemczech, Austrii i Szwajcarii!<\/p>","protected":false},"excerpt":{"rendered":"<p>For Wholesale please contact us at<br \/>\nWickr ID: @williamspro<br \/>\nor via Whatsapp<br \/>\n<img decoding=\"async\" class=\"size-full wp-image-10162 alignleft\" src=\"https:\/\/ograsmarknad.com\/wp-content\/uploads\/2021\/11\/trust.jpg\" alt=\"Trust German\" width=\"300\" height=\"129\" \/><\/p>","protected":false},"featured_media":7805,"comment_status":"open","ping_status":"closed","template":"","meta":{"_joinchat":[]},"product_cat":[307],"product_tag":[],"_links":{"self":[{"href":"https:\/\/unkrautmarkt.com\/pl\/wp-json\/wp\/v2\/product\/7800"}],"collection":[{"href":"https:\/\/unkrautmarkt.com\/pl\/wp-json\/wp\/v2\/product"}],"about":[{"href":"https:\/\/unkrautmarkt.com\/pl\/wp-json\/wp\/v2\/types\/product"}],"replies":[{"embeddable":true,"href":"https:\/\/unkrautmarkt.com\/pl\/wp-json\/wp\/v2\/comments?post=7800"}],"wp:featuredmedia":[{"embeddable":true,"href":"https:\/\/unkrautmarkt.com\/pl\/wp-json\/wp\/v2\/media\/7805"}],"wp:attachment":[{"href":"https:\/\/unkrautmarkt.com\/pl\/wp-json\/wp\/v2\/media?parent=7800"}],"wp:term":[{"taxonomy":"product_cat","embeddable":true,"href":"https:\/\/unkrautmarkt.com\/pl\/wp-json\/wp\/v2\/product_cat?post=7800"},{"taxonomy":"product_tag","embeddable":true,"href":"https:\/\/unkrautmarkt.com\/pl\/wp-json\/wp\/v2\/product_tag?post=7800"}],"curies":[{"name":"wp","href":"https:\/\/api.w.org\/{rel}","templated":true}]}}