{"id":7794,"date":"2021-10-28T08:55:56","date_gmt":"2021-10-28T08:55:56","guid":{"rendered":"https:\/\/unkrautmarkt.com\/?post_type=product&#038;p=7794"},"modified":"2026-03-12T06:24:59","modified_gmt":"2026-03-12T06:24:59","slug":"blueberry-kush","status":"publish","type":"product","link":"https:\/\/unkrautmarkt.com\/pl\/product\/blueberry-kush\/","title":{"rendered":"Blueberry Kush"},"content":{"rendered":"<h2 style=\"text-align: justify;\">Blueberry Kush online<\/h2>\n<p style=\"text-align: justify;\"><a href=\"https:\/\/en.wikipedia.org\/wiki\/Cannabis_(drug)\" rel=\"nofollow noopener\" target=\"_blank\"><strong>Blueberry Kush:<\/strong><\/a> Ta pochodz\u0105ca z Zachodniego Wybrze\u017ca mieszanka leczniczej Blueberry i popularnej OG Kush zapewnia g\u0142\u0119boko koj\u0105ce, nap\u0119dzane przez konopie indyjskie dzia\u0142anie, kt\u00f3re mo\u017ce z\u0142agodzi\u0107 najbardziej uporczyw\u0105 bezsenno\u015b\u0107 i u\u015bmierzy\u0107 nawet najsilniejszy b\u00f3l. Dzi\u0119ki nasionom marihuany Blueberry Kush od Growers Choice mo\u017cesz z\u0142agodzi\u0107 b\u00f3l, stosuj\u0105c ca\u0142kowicie naturaln\u0105 alternatyw\u0119 dla farmaceutycznych opioid\u00f3w i lek\u00f3w nasennych, kt\u00f3re nie pozwala\u0142y Ci zasn\u0105\u0107.<\/p>\n<h3 style=\"text-align: justify;\">Blueberry Bor\u00f3wki<\/h3>\n<p style=\"text-align: justify;\">Afg \u2013 Afga\u0144ska Indica<\/p>\n<p style=\"text-align: justify;\">Tha \u2013 Thai-Sativa<\/p>\n<p style=\"text-align: justify;\">Pth \u2013 Lila Thai Sativa<\/p>\n<h3 style=\"text-align: justify;\">Jakie s\u0105 skutki?<\/h3>\n<p style=\"text-align: justify;\">Blueberry Kush sprawi, \u017ce poczujesz si\u0119 szcz\u0119\u015bliwy, zrelaksowany i lekko euforyczny, zanim za\u015bniesz. Dzi\u0119ki leczniczemu dzia\u0142aniu CBD i unikalnej mieszance innych kannabinoid\u00f3w indica, Blueberry Kush mo\u017ce z\u0142agodzi\u0107 depresj\u0119 oraz zmniejszy\u0107 stres i napi\u0119cie. Umiarkowana euforia, jak\u0105 zapewnia ta odmiana, nie powinna zniech\u0119ca\u0107 os\u00f3b poszukuj\u0105cych pomocy medycznej, poniewa\u017c sen szybko za ni\u0105 pod\u0105\u017cy.<\/p>\n<h3 style=\"text-align: justify;\">Aplica\u00e7\u00f5es m\u00e9dicas<\/h3>\n<p style=\"text-align: justify;\">Pacjenci z powodzeniem stosowali nasiona konopi Blueberry Kush w leczeniu stan\u00f3w l\u0119kowych i migren, nudno\u015bci, zaburze\u0144 nastroju i chor\u00f3b takich jak ADHD. To owocowe zio\u0142o mo\u017ce zwalcza\u0107 objawy chemioterapii, a niekt\u00f3rzy uwa\u017caj\u0105, \u017ce umiarkowane st\u0119\u017cenie CBD przeciwdzia\u0142a drgawkom i napadom.<\/p>\n<h3 style=\"text-align: justify;\">Kup Blueberry Kush w Polska, Niemcy, Austria, Szwajcaria<\/h3>\n<p style=\"text-align: justify;\">Po wykie\u0142kowaniu nasion marihuany Blueberry Kush powinny pojawi\u0107 si\u0119 ro\u015bliny \u015bredniej wielko\u015bci. Do udanej uprawy wymagaj\u0105 niewielkiej wiedzy specjalistycznej. Okres kwitnienia trwaj\u0105cy od sze\u015bciu do dziewi\u0119ciu tygodni powinien zaowocowa\u0107 umiarkowanymi zbiorami kwiatostan\u00f3w zawieraj\u0105cych \u017cywic\u0119 - do 400 gram\u00f3w na metr kwadratowy w przypadku uprawy w pomieszczeniach.<\/p>\n<p style=\"text-align: justify;\">W idealnych temperaturach mo\u017cna uzyska\u0107 do 600 gram\u00f3w z jednej ro\u015bliny uprawianej na zewn\u0105trz. W zale\u017cno\u015bci od warunk\u00f3w, mo\u017cliwe s\u0105 ni\u017csze zbiory, ale ta doskona\u0142a odmiana lecznicza nie jest zazwyczaj uprawiana dla ogromnych zbior\u00f3w; pacjenci uprawiaj\u0105cy j\u0105 w domu oczekuj\u0105 raczej silnych efekt\u00f3w.<\/p>\n<p style=\"text-align: justify;\">Bei <strong><a href=\"https:\/\/unkrautmarkt.com\/pl\/product\/blueberry-kush\/\">Unkrautmarkt.com<\/a><\/strong> sprzedajemy tylko najlepsze produkty. Nasze nasiona marihuany Blueberry Kush s\u0105 kolejnym przyk\u0142adem naszego zaanga\u017cowania w jako\u015b\u0107. Testowane w laboratorium pod wzgl\u0119dem genetycznym i r\u0119cznie selekcjonowane przed dostaw\u0105, nasze nasiona marihuany Blueberry Kush s\u0105 pakowane w szklane fiolki medyczne. Dzi\u0119ki temu nasiona zachowuj\u0105 \u015bwie\u017co\u015b\u0107 i \u017cywotno\u015b\u0107 przez jak najd\u0142u\u017cszy czas.<\/p>\n<p style=\"text-align: justify;\">Ka\u017cde zam\u00f3wienie obj\u0119te jest gwarancj\u0105 kie\u0142kowania na poziomie 90%. W razie pyta\u0144 dotycz\u0105cych tego produktu premium skontaktuj si\u0119 z naszym pomocnym i kompetentnym zespo\u0142em wsparcia. <a href=\"https:\/\/unkrautmarkt.com\/pl\/\"><strong>Bestellen Sie noch heute Blueberry Kush<\/strong><\/a> Hanfsamen.<\/p>\n<p style=\"text-align: justify;\">Je\u015bli chcesz kupi\u0107 te produkty, z\u0142\u00f3\u017c zam\u00f3wienie. Nasz zesp\u00f3\u0142 obs\u0142u\u017cy Ci\u0119 na wyci\u0105gni\u0119cie r\u0119ki. Zapraszamy r\u00f3wnie\u017c do zapoznania si\u0119 z innymi naszymi produktami.<\/p>","protected":false},"excerpt":{"rendered":"<p>For Wholesale please contact us at<br \/>\nWickr ID: @williamspro<br \/>\nor via Whatsapp<br \/>\n<img decoding=\"async\" class=\"size-full wp-image-10162 alignleft\" src=\"https:\/\/ograsmarknad.com\/wp-content\/uploads\/2021\/11\/trust.jpg\" alt=\"Trust German\" width=\"300\" height=\"129\" \/><\/p>","protected":false},"featured_media":7799,"comment_status":"open","ping_status":"closed","template":"","meta":{"_joinchat":[]},"product_cat":[307],"product_tag":[],"_links":{"self":[{"href":"https:\/\/unkrautmarkt.com\/pl\/wp-json\/wp\/v2\/product\/7794"}],"collection":[{"href":"https:\/\/unkrautmarkt.com\/pl\/wp-json\/wp\/v2\/product"}],"about":[{"href":"https:\/\/unkrautmarkt.com\/pl\/wp-json\/wp\/v2\/types\/product"}],"replies":[{"embeddable":true,"href":"https:\/\/unkrautmarkt.com\/pl\/wp-json\/wp\/v2\/comments?post=7794"}],"wp:featuredmedia":[{"embeddable":true,"href":"https:\/\/unkrautmarkt.com\/pl\/wp-json\/wp\/v2\/media\/7799"}],"wp:attachment":[{"href":"https:\/\/unkrautmarkt.com\/pl\/wp-json\/wp\/v2\/media?parent=7794"}],"wp:term":[{"taxonomy":"product_cat","embeddable":true,"href":"https:\/\/unkrautmarkt.com\/pl\/wp-json\/wp\/v2\/product_cat?post=7794"},{"taxonomy":"product_tag","embeddable":true,"href":"https:\/\/unkrautmarkt.com\/pl\/wp-json\/wp\/v2\/product_tag?post=7794"}],"curies":[{"name":"wp","href":"https:\/\/api.w.org\/{rel}","templated":true}]}}