{"id":5568,"date":"2018-11-05T22:21:36","date_gmt":"2018-11-05T22:21:36","guid":{"rendered":"https:\/\/unkrautmarkt.com\/?post_type=product&#038;p=5568"},"modified":"2026-03-12T06:25:17","modified_gmt":"2026-03-12T06:25:17","slug":"banana-kush","status":"publish","type":"product","link":"https:\/\/unkrautmarkt.com\/pl\/product\/banana-kush\/","title":{"rendered":"Banana Kush"},"content":{"rendered":"<h2 style=\"text-align: justify;\">Banana Kush Strain online<\/h2>\n<p style=\"text-align: justify;\">Odmiana Banana Kush jest now\u0105 odmian\u0105, kt\u00f3ra pojawi\u0142a si\u0119 na rynku kilka miesi\u0119cy temu. Odmiana ta staje si\u0119 coraz bardziej popularna i uwielbiana przez wielu.<\/p>\n<p style=\"text-align: justify;\">Odmiana ta ma lekk\u0105 przewag\u0119 sativy (60% sativa\/40% indica). Nazwa m\u00f3wi, poniewa\u017c<\/p>\n<p style=\"text-align: justify;\">Jego owocowy i deserowy aromat oraz smak to prawdziwa uczta dla zmys\u0142\u00f3w. Banana Kush przyprawia kubki smakowe o mrowienie i wprowadza w stan relaksu, na kt\u00f3ry zas\u0142ugujesz. Kup wi\u0119c Banana Kush Europe, Banana Kush weed, zawarto\u015b\u0107 THC w Banana Kush, . <a href=\"https:\/\/unkrautmarkt.com\/pl\/product\/banana-kush\/\"><strong>Banana Kush Strain online<\/strong><\/a><\/p>\n<h3 style=\"text-align: justify;\">Wygl\u0105d<\/h3>\n<p style=\"text-align: justify;\">Odmiana ta pozostaje wierna swojemu dziedzictwu i s\u0142ynie z owocowego i deserowego aromatu. Chocia\u017c Banana Kush ma g\u0119st\u0105 struktur\u0119. Jest on reprezentatywny dla swojego pochodzenia, a jednocze\u015bnie ma sw\u00f3j w\u0142asny aromat. Tak wi\u0119c, kup Banana Weed online, kup Banana Kush Niemcy, zam\u00f3w Banana Kush online Austria, kup Banana Strain Szwajcaria.<\/p>\n<h3 style=\"text-align: justify;\">Efekty dzia\u0142ania Banana Kush<\/h3>\n<p style=\"text-align: justify;\">Jego uwodzicielski smak oparty jest na jab\u0142kach z nut\u0105 owocowego, s\u0142odkiego i cukierkowego aromatu. Z pewno\u015bci\u0105 da Ci silny haj, kt\u00f3ry rozlu\u017ani wszystkie Twoje mi\u0119\u015bnie. Lepiej wi\u0119c spo\u017cywa\u0107 to zio\u0142o<\/p>\n<p style=\"text-align: justify;\">w leniwe dni i po pracowitym dniu. Mo\u017ce to nawet doprowadzi\u0107 do stanu zablokowania kanapy. W zwi\u0105zku z tym mo\u017cna wyszuka\u0107 Banana Weed na sprzeda\u017c w Niemczech. Aby dowiedzie\u0107 si\u0119 wi\u0119cej o tym szczepie. Ludzie cz\u0119sto pytaj\u0105 te\u017c, czy Banana Kush to Sativa czy Indica.<\/p>\n<h3 style=\"text-align: justify;\">Korzy\u015bci medyczne<\/h3>\n<p style=\"text-align: justify;\">Z medycznego punktu widzenia Banana Kush jest znana z tego, \u017ce pomaga w rozwi\u0105zywaniu intensywnych problem\u00f3w ze snem. Banana Kush jest r\u00f3wnie\u017c znana jako bardzo pomocna w leczeniu depresji. Depresja jest do\u015b\u0107 powszechna i wi\u0119kszo\u015b\u0107 ludzi nie wie, \u017ce na ni\u0105 cierpi. W zwi\u0105zku z tym odmian\u0119 Banana Kush mog\u0105 wykry\u0107 tylko lekarze. Ponadto wiadomo, \u017ce Banana Kush doskonale sprawdza si\u0119 w leczeniu raka i wielu innych chor\u00f3b. Kup Banana Kush w Austrii.<\/p>\n<p style=\"text-align: justify;\">Popularne has\u0142a wyszukiwania dla tego szczepu to Banana Strain Review, Buy Banana Kush for sale Europe, Banana weed for sale. Mo\u017cesz tak\u017ce wyszuka\u0107 Banana Kush sprzeda\u017c Szwajcaria, Banana Kush sprzeda\u017c Niemcy, Banana Kush sprzeda\u017c Austria.<\/p>\n<h3>Dlaczego warto kupi\u0107 Banana Kush online u nas?<\/h3>\n<p>Jako wiod\u0105cy internetowy sprzedawca marihuany, przywi\u0105zujemy najwy\u017csz\u0105 wag\u0119 do niezr\u00f3wnanej jako\u015bci, absolutnej dyskrecji i doskona\u0142ej obs\u0142ugi klienta. Je\u015bli\u2026 <a href=\"https:\/\/en.wikipedia.org\/wiki\/Kush_(cannabis)\" rel=\"nofollow noopener\" target=\"_blank\"><strong>Zam\u00f3w Banana Kush online u nas<\/strong><\/a>, gwarantujemy Pa\u0144stwu:<\/p>\n<p><strong>Jako\u015b\u0107 premium:<\/strong> Nasze odmiany pochodz\u0105 od uznanych producent\u00f3w, dzi\u0119ki czemu otrzymujesz wy\u0142\u0105cznie najlepsz\u0105, przebadan\u0105 laboratoryjnie marihuan\u0119.<br \/>\n<strong>Dyskretna wysy\u0142ka:<\/strong> Twoje zam\u00f3wienie zostanie zapakowane i wys\u0142ane z zachowaniem najwy\u017cszej dyskrecji i bezpiecze\u0144stwa \u2013 na ca\u0142y \u015bwiat.<br \/>\nOpr\u00f3cz Banana Kush znajdziesz u nas r\u00f3wnie\u017c szeroki wyb\u00f3r odmian konopi, produkt\u00f3w spo\u017cywczych, koncentrat\u00f3w i akcesori\u00f3w.<br \/>\n<strong>Obs\u0142uga klienta:<\/strong> Nasi kompetentni pracownicy ch\u0119tnie odpowiedz\u0105 na Twoje pytania i przeprowadz\u0105 Ci\u0119 przez ca\u0142y proces sk\u0142adania zam\u00f3wienia.<\/p>\n<p><strong>* Komfort:<\/strong> Zam\u00f3w wysokiej jako\u015bci marihuan\u0119 w zaciszu w\u0142asnego domu i uniknij kolejek.<\/p>\n<p>Nie przegap okazji, by poczu\u0107 orze\u017awiaj\u0105ce i aromatyczne dzia\u0142anie Banana Kush. <strong>Chcesz kupi\u0107 Banana Kush online?<\/strong>Upewnij si\u0119, \u017ce znajdziesz renomowanego dostawc\u0119. Zam\u00f3w ju\u017c dzi\u015b i przekonaj si\u0119 sam. <a href=\"https:\/\/unkrautmarkt.com\/pl\/\"><strong>unkrautmark.com<\/strong><\/a> Jeste\u015bmy najlepszym wyborem, je\u015bli chodzi o marihuan\u0119 premium. Oferujemy naszym klientom na ca\u0142ym \u015bwiecie bezpieczny, niezawodny i przyjemny spos\u00f3b zakupu marihuany online.<\/p>","protected":false},"excerpt":{"rendered":"<p>For Wholesale please contact us at<br \/>\nWickr ID: @williamspro<br \/>\nor via Whatsapp<br \/>\n<img decoding=\"async\" class=\"size-full wp-image-10162 alignleft\" src=\"https:\/\/ograsmarknad.com\/wp-content\/uploads\/2021\/11\/trust.jpg\" alt=\"Trust German\" width=\"300\" height=\"129\" \/><\/p>","protected":false},"featured_media":7793,"comment_status":"open","ping_status":"closed","template":"","meta":{"_joinchat":[]},"product_cat":[307],"product_tag":[],"_links":{"self":[{"href":"https:\/\/unkrautmarkt.com\/pl\/wp-json\/wp\/v2\/product\/5568"}],"collection":[{"href":"https:\/\/unkrautmarkt.com\/pl\/wp-json\/wp\/v2\/product"}],"about":[{"href":"https:\/\/unkrautmarkt.com\/pl\/wp-json\/wp\/v2\/types\/product"}],"replies":[{"embeddable":true,"href":"https:\/\/unkrautmarkt.com\/pl\/wp-json\/wp\/v2\/comments?post=5568"}],"wp:featuredmedia":[{"embeddable":true,"href":"https:\/\/unkrautmarkt.com\/pl\/wp-json\/wp\/v2\/media\/7793"}],"wp:attachment":[{"href":"https:\/\/unkrautmarkt.com\/pl\/wp-json\/wp\/v2\/media?parent=5568"}],"wp:term":[{"taxonomy":"product_cat","embeddable":true,"href":"https:\/\/unkrautmarkt.com\/pl\/wp-json\/wp\/v2\/product_cat?post=5568"},{"taxonomy":"product_tag","embeddable":true,"href":"https:\/\/unkrautmarkt.com\/pl\/wp-json\/wp\/v2\/product_tag?post=5568"}],"curies":[{"name":"wp","href":"https:\/\/api.w.org\/{rel}","templated":true}]}}