{"id":8745,"date":"2022-12-14T10:07:34","date_gmt":"2022-12-14T10:07:34","guid":{"rendered":"https:\/\/unkrautmarkt.com\/?page_id=8745"},"modified":"2024-12-31T05:56:58","modified_gmt":"2024-12-31T05:56:58","slug":"wie-man-cannabis-online-bestellt","status":"publish","type":"page","link":"https:\/\/unkrautmarkt.com\/pl\/jak-zamowic-marihuane-online\/","title":{"rendered":"Jak zam\u00f3wi\u0107 marihuan\u0119 online 2024"},"content":{"rendered":"<h2>Jak zam\u00f3wi\u0107 w UnkrautMarkt \/ Jak zam\u00f3wi\u0107 marihuan\u0119 online 2024<\/h2>\n<p>Jak zam\u00f3wi\u0107 marihuan\u0119 online 2024, Ci\u0119\u017cko pracowali\u015bmy, aby maksymalnie upro\u015bci\u0107 proces zamawiania na naszej stronie internetowej. Dzi\u0119ki temu klienci mog\u0105 zrealizowa\u0107 swoje zam\u00f3wienia w mniej ni\u017c minut\u0119.<\/p>\n<p>Poni\u017cej przedstawiono proste procedury umo\u017cliwiaj\u0105ce skuteczne z\u0142o\u017cenie zam\u00f3wienia.<\/p>\n<p>Krok 1: Wybierz \u017c\u0105dan\u0105 kategori\u0119 produkt\u00f3w. Wystarczy klikn\u0105\u0107 stron\u0119 sklepu, aby zobaczy\u0107 wszystko, co sklep ma do zaoferowania.<\/p>\n<p>Krok 2: Znajd\u017a przedmiot, kt\u00f3ry chcesz kupi\u0107 na stronie naszego sklepu i kliknij go, aby zobaczy\u0107 wi\u0119cej opcji.<\/p>\n<p>Krok 3: Wybierz \u017c\u0105dan\u0105 ilo\u015b\u0107, dodaj j\u0105 do koszyka i przejd\u017a do strony p\u0142atno\u015bci. Je\u015bli chcesz doda\u0107 wi\u0119cej towar\u00f3w do koszyka, powt\u00f3rz kroki 1 i 2.<\/p>\n<p>Krok 4: Na stronie p\u0142atno\u015bci wprowad\u017a sw\u00f3j adres rozliczeniowy i adres wysy\u0142ki. Po podaniu wymaganych informacji nale\u017cy zaakceptowa\u0107 regulamin.<\/p>\n<p>Krok 5: Na ekranie kasy wybierz metod\u0119 p\u0142atno\u015bci, a nast\u0119pnie kliknij przycisk, aby sfinalizowa\u0107 zam\u00f3wienie.<\/p>\n<p>Krok 6: Po z\u0142o\u017ceniu zam\u00f3wienia sprawd\u017a poczt\u0119 e-mail, poniewa\u017c wkr\u00f3tce wy\u015blemy Ci instrukcje dotycz\u0105ce p\u0142atno\u015bci. Pozosta\u0142y tylko dwa kroki: dokonanie p\u0142atno\u015bci i odpowied\u017a na wiadomo\u015b\u0107 e-mail z informacjami o p\u0142atno\u015bci.<a href=\"https:\/\/en.wikipedia.org\/wiki\/Weed_control\" rel=\"nofollow noopener\" target=\"_blank\">.<\/a><\/p>\n<p>Zam\u00f3wienie nie zostanie wys\u0142ane, je\u015bli p\u0142atno\u015b\u0107 nie zosta\u0142a dokonana po klikni\u0119ciu przycisku \"Zam\u00f3w\".<a href=\"https:\/\/unkrautmarkt.com\/pl\/\">.<\/a><\/p>","protected":false},"excerpt":{"rendered":"<p>So bestellen Sie bei UnkrautMarkt \/ Wie man Cannabis online bestellt 2024 Wie man Cannabis online bestellt 2024, Wir haben hart daran gearbeitet, den Bestellvorgang auf unserer Website so weit wie m\u00f6glich zu vereinfachen. Aus diesem Grund k\u00f6nnen Kunden ihre Bestellungen in weniger als einer Minute abschlie\u00dfen. Die einfachen Verfahren zum effektiven Aufgeben Ihrer Bestellung sind unten aufgef\u00fchrt. Schritt 1: W\u00e4hlen Sie die gew\u00fcnschte Produktkategorie aus. Klicken Sie einfach auf die Shop-Seite, um alles zu sehen, was der Shop zu bieten hat. Schritt 2: Suchen Sie den Artikel, den Sie kaufen m\u00f6chten, auf unserer Shop-Seite und klicken Sie darauf, um weitere Optionen anzuzeigen. Schritt 3: W\u00e4hlen Sie die gew\u00fcnschte Menge aus, legen Sie sie in Ihren Warenkorb und gehen Sie zur Zahlungsseite. Wenn Sie weitere Waren in Ihren Warenkorb legen m\u00f6chten, wiederholen Sie die Schritte 1 und 2. Schritt 4: Geben Sie auf der Checkout-Seite bitte Ihre Rechnungs- und Lieferadresse [&hellip;]<\/p>","protected":false},"author":1,"featured_media":0,"parent":0,"menu_order":0,"comment_status":"closed","ping_status":"closed","template":"","meta":{"footnotes":"","_joinchat":[]},"_links":{"self":[{"href":"https:\/\/unkrautmarkt.com\/pl\/wp-json\/wp\/v2\/pages\/8745"}],"collection":[{"href":"https:\/\/unkrautmarkt.com\/pl\/wp-json\/wp\/v2\/pages"}],"about":[{"href":"https:\/\/unkrautmarkt.com\/pl\/wp-json\/wp\/v2\/types\/page"}],"author":[{"embeddable":true,"href":"https:\/\/unkrautmarkt.com\/pl\/wp-json\/wp\/v2\/users\/1"}],"replies":[{"embeddable":true,"href":"https:\/\/unkrautmarkt.com\/pl\/wp-json\/wp\/v2\/comments?post=8745"}],"version-history":[{"count":7,"href":"https:\/\/unkrautmarkt.com\/pl\/wp-json\/wp\/v2\/pages\/8745\/revisions"}],"predecessor-version":[{"id":9399,"href":"https:\/\/unkrautmarkt.com\/pl\/wp-json\/wp\/v2\/pages\/8745\/revisions\/9399"}],"wp:attachment":[{"href":"https:\/\/unkrautmarkt.com\/pl\/wp-json\/wp\/v2\/media?parent=8745"}],"curies":[{"name":"wp","href":"https:\/\/api.w.org\/{rel}","templated":true}]}}