{"id":7877,"date":"2021-10-29T07:47:49","date_gmt":"2021-10-29T07:47:49","guid":{"rendered":"https:\/\/unkrautmarkt.com\/?page_id=7877"},"modified":"2021-10-30T07:57:41","modified_gmt":"2021-10-30T07:57:41","slug":"uber-uns","status":"publish","type":"page","link":"https:\/\/unkrautmarkt.com\/pl\/uber-uns\/","title":{"rendered":"O nas"},"content":{"rendered":"<section class=\"wpb-content-wrapper\"><div class=\"vc_row wpb_row vc_row-fluid\"><div class=\"wpb_column vc_column_container vc_col-sm-12\"><div class=\"vc_column-inner\"><div class=\"wpb_wrapper\"><div class=\"heading  theme-icon align-left color-black subcolor-main transform-default ltx-theme-header icon-type-default heading-tag-h4\" id=\"like_sc_header_1749853653\"><h4 class=\"header ltx-sr-id-like_sc_header_1749853653206965557 ltx-sr ltx-sr-effect-fade_in ltx-sr-el-block ltx-sr-delay-0 ltx-sr-duration-1000 ltx-sr-sequences-0\">O nas<\/h4><\/div>\n\t<div class=\"wpb_text_column wpb_content_element\" >\n\t\t<div class=\"wpb_wrapper\">\n\t\t\t<p style=\"text-align: center;\">Po przekonaniu si\u0119, jak trudno by\u0142o kupi\u0107 trawk\u0119 online w 2015 roku, Weed Market rozpocz\u0105\u0142 realizacj\u0119 marzenia o przybli\u017ceniu marihuany i jej produkt\u00f3w mi\u0142o\u015bnikom zio\u0142a. Obecnie jeste\u015bmy znani jako najlepszy internetowy punkt sprzeda\u017cy, kt\u00f3remu mo\u017cna zaufa\u0107 w bran\u017cy. Odgrywamy wiod\u0105c\u0105 rol\u0119 w sprzeda\u017cy marihuany, konopi indyjskich i produkt\u00f3w z konopi indyjskich online. Weed Market s\u0142u\u017cy jako organizacja spo\u0142eczna wspieraj\u0105ca instytuty zajmuj\u0105ce si\u0119 walk\u0105 z rakiem na ca\u0142ym \u015bwiecie. Jako firma pracujemy po to, aby spe\u0142ni\u0107 nasze marzenie o jak najwi\u0119kszej dost\u0119pno\u015bci marihuany i jej produkt\u00f3w, aby doceni\u0107 znaczenie i moc medycznej marihuany dla chorych na raka, a tym samym pom\u00f3c w legalizacji marihuany w ca\u0142ej Europie.<\/p>\n\n\t\t<\/div>\n\t<\/div>\n<\/div><\/div><\/div><\/div><div class=\"vc_row wpb_row vc_row-fluid\"><div class=\"wpb_column vc_column_container vc_col-sm-6\"><div class=\"vc_column-inner\"><div class=\"wpb_wrapper\">\n\t<div class=\"wpb_text_column wpb_content_element\" >\n\t\t<div class=\"wpb_wrapper\">\n\t\t\t<p style=\"text-align: justify;\">Jeste\u015bmy g\u0142\u0119boko przekonani, \u017ce ka\u017cdy Polak, kt\u00f3ry potrzebuje medycznej marihuany, powinien mie\u0107 do niej \u0142atwy dost\u0119p. Rz\u0105d nadal twierdzi, \u017ce \"nie popiera u\u017cywania marihuany, ale s\u0105dy najwy\u017csze wymaga\u0142y rozs\u0105dnego dost\u0119pu dla uprawnionych pacjent\u00f3w.\" Chcemy zrobi\u0107 wszystko, co w naszej mocy, aby zapewni\u0107 tym pacjentom jak najlepszy dost\u0119p do najlepszej marihuany medycznej, jak\u0105 oferuj\u0105 Niemcy. Koniec ko\u0144c\u00f3w, kochamy wysokiej jako\u015bci marihuan\u0119 i wszystkie jej pochodne, i uwielbiamy dzieli\u0107 si\u0119 ni\u0105 z naszymi klientami i przyjaci\u00f3\u0142mi, kt\u00f3rzy jej potrzebuj\u0105.<\/p>\n\n\t\t<\/div>\n\t<\/div>\n<\/div><\/div><\/div><div class=\"wpb_column vc_column_container vc_col-sm-6\"><div class=\"vc_column-inner\"><div class=\"wpb_wrapper\">\n\t<div  class=\"wpb_single_image wpb_content_element vc_align_right\">\n\t\t\n\t\t<figure class=\"wpb_wrapper vc_figure\">\n\t\t\t<div class=\"vc_single_image-wrapper   vc_box_border_grey\"><img width=\"1100\" height=\"734\" src=\"https:\/\/unkrautmarkt.com\/wp-content\/uploads\/2021\/10\/medical-marijuana.jpg\" class=\"vc_single_image-img attachment-full\" alt=\"medical-marijuana\" decoding=\"async\" title=\"medical-marijuana\" srcset=\"https:\/\/unkrautmarkt.com\/wp-content\/uploads\/2021\/10\/medical-marijuana.jpg 1100w, https:\/\/unkrautmarkt.com\/wp-content\/uploads\/2021\/10\/medical-marijuana-300x200.jpg 300w, https:\/\/unkrautmarkt.com\/wp-content\/uploads\/2021\/10\/medical-marijuana-1024x683.jpg 1024w, https:\/\/unkrautmarkt.com\/wp-content\/uploads\/2021\/10\/medical-marijuana-768x512.jpg 768w, https:\/\/unkrautmarkt.com\/wp-content\/uploads\/2021\/10\/medical-marijuana-340x227.jpg 340w, https:\/\/unkrautmarkt.com\/wp-content\/uploads\/2021\/10\/medical-marijuana-600x400.jpg 600w, https:\/\/unkrautmarkt.com\/wp-content\/uploads\/2021\/10\/medical-marijuana-128x84.jpg 128w, https:\/\/unkrautmarkt.com\/wp-content\/uploads\/2021\/10\/medical-marijuana-125x83.jpg 125w\" sizes=\"(max-width: 1100px) 100vw, 1100px\" \/><\/div>\n\t\t<\/figure>\n\t<\/div>\n<\/div><\/div><\/div><\/div><div data-vc-full-width=\"true\" data-vc-full-width-init=\"false\" class=\"vc_row wpb_row vc_row-fluid vc_custom_1635580645089\"><div class=\"wpb_column vc_column_container vc_col-sm-4 bg-color-gray\"><div class=\"vc_column-inner\"><div class=\"wpb_wrapper\"><ul class=\"ltx-block-icon icons-count-1    vc_custom_1635580549985 ltx-icon-top align-center ltx-icon-type-transparent layout-cols1\"  id=\"like_sc_block_icon_932715420\"><li ><div  data-mh=\"ltx-block-icon-in-1349\" class=\"in matchHeight\"><span class=\"ltx-icon icon-znak\" data-mh=\"ltx-icon-span-like_sc_block_icon_932715420\"><\/span> <h5 class=\"header\"> Szczepy wysokiej jako\u015bci <\/h5> <div class=\"descr\">Specjalizujemy si\u0119 w oferowaniu odmian marihuany naszym klientom, kt\u00f3rzy nie otrzymuj\u0105 odmian wysokiej jako\u015bci.<\/div><\/div><\/li><\/ul><\/div><\/div><\/div><div class=\"wpb_column vc_column_container vc_col-sm-4 bg-color-gray\"><div class=\"vc_column-inner\"><div class=\"wpb_wrapper\"><ul class=\"ltx-block-icon icons-count-1    vc_custom_1635580562974 ltx-icon-top align-center ltx-icon-type-transparent layout-cols1\"  id=\"like_sc_block_icon_1236310628\"><li ><div  data-mh=\"ltx-block-icon-in-1386\" class=\"in matchHeight\"><span class=\"ltx-icon icon-znak\" data-mh=\"ltx-icon-span-like_sc_block_icon_1236310628\"><\/span> <h5 class=\"header\"> 100% gwarancji jako\u015bci <\/h5> <div class=\"descr\">Mamy 100% oryginalnych produkt\u00f3w wysokiej jako\u015bci i oferujemy te same produkty, kt\u00f3re mo\u017cna zobaczy\u0107 na naszej stronie internetowej.<\/div><\/div><\/li><\/ul><\/div><\/div><\/div><div class=\"wpb_column vc_column_container vc_col-sm-4 bg-color-gray\"><div class=\"vc_column-inner\"><div class=\"wpb_wrapper\"><ul class=\"ltx-block-icon icons-count-1    vc_custom_1635580568096 ltx-icon-top align-center ltx-icon-type-transparent layout-cols1\"  id=\"like_sc_block_icon_579060899\"><li ><div  data-mh=\"ltx-block-icon-in-1432\" class=\"in matchHeight\"><span class=\"ltx-icon icon-znak\" data-mh=\"ltx-icon-span-like_sc_block_icon_579060899\"><\/span> <h5 class=\"header\"> Dostawa nast\u0119pnego dnia <\/h5> <div class=\"descr\">W przypadku klient\u00f3w z Niemiec jeste\u015bmy w stanie dostarczy\u0107 przesy\u0142k\u0119 ju\u017c nast\u0119pnego dnia.<\/div><\/div><\/li><\/ul><\/div><\/div><\/div><\/div><div class=\"vc_row-full-width vc_clearfix\"><\/div>\n<\/section>","protected":false},"excerpt":{"rendered":"\u00dcber uns Nachdem Unkraut Markt im Jahr 2015 gesehen hatte, wie schwierig es war, Gras online zu kaufen, begann der Traum, das Marihuana und seine Produkte den Unkrautliebhabern n\u00e4her zu bringen. Heute bekannt als die beste Online-Apotheke, der Sie in der Branche vertrauen k\u00f6nnen, spielen wir eine f\u00fchrende Rolle beim Online-Verkauf von Marihuana, Cannabis und Cannabisprodukten. Unkraut Markt hat als CSR Krebsinstitute auf der ganzen Welt zu unterst\u00fctzen. Wir arbeiten als Unternehmen, um unseren Traum zu unterst\u00fctzen, Cannabis und Cannabisprodukte so zug\u00e4nglich wie m\u00f6glich zu machen, um die Bedeutung und Macht von medizinischem Marihuana f\u00fcr Krebspatienten zu erkennen und so bei der Legalisierung von Marihuana in ganz Europa zu helfen. Wir sind der festen \u00dcberzeugung, dass jeder Deutsche, der medizinisches Marihuana ben\u00f6tigt, einfachen Zugang dazu haben sollte. Die Regierung sagt weiterhin, dass sie \u201eden Konsum von Marihuana nicht bef\u00fcrwortet, aber die obersten Gerichte haben angemessenen Zugang zu autorisierten Patienten verlangt\u201c. [...]","protected":false},"author":1,"featured_media":0,"parent":0,"menu_order":0,"comment_status":"closed","ping_status":"closed","template":"page-templates\/full-width.php","meta":{"footnotes":"","_joinchat":[]},"_links":{"self":[{"href":"https:\/\/unkrautmarkt.com\/pl\/wp-json\/wp\/v2\/pages\/7877"}],"collection":[{"href":"https:\/\/unkrautmarkt.com\/pl\/wp-json\/wp\/v2\/pages"}],"about":[{"href":"https:\/\/unkrautmarkt.com\/pl\/wp-json\/wp\/v2\/types\/page"}],"author":[{"embeddable":true,"href":"https:\/\/unkrautmarkt.com\/pl\/wp-json\/wp\/v2\/users\/1"}],"replies":[{"embeddable":true,"href":"https:\/\/unkrautmarkt.com\/pl\/wp-json\/wp\/v2\/comments?post=7877"}],"version-history":[{"count":0,"href":"https:\/\/unkrautmarkt.com\/pl\/wp-json\/wp\/v2\/pages\/7877\/revisions"}],"wp:attachment":[{"href":"https:\/\/unkrautmarkt.com\/pl\/wp-json\/wp\/v2\/media?parent=7877"}],"curies":[{"name":"wp","href":"https:\/\/api.w.org\/{rel}","templated":true}]}}