{"id":7830,"date":"2021-10-28T12:15:41","date_gmt":"2021-10-28T12:15:41","guid":{"rendered":"https:\/\/unkrautmarkt.com\/?post_type=product&#038;p=7830"},"modified":"2026-03-16T05:10:47","modified_gmt":"2026-03-16T05:10:47","slug":"orange-kush","status":"publish","type":"product","link":"https:\/\/unkrautmarkt.com\/nl\/product\/orange-kush\/","title":{"rendered":"Orange Kush"},"content":{"rendered":"<h2 style=\"text-align: justify;\">Orange Kush online kopen<\/h2>\n<p style=\"text-align: justify;\"><a href=\"https:\/\/unkrautmarkt.com\/nl\/product\/orange-kush\/\">Orange Kush<\/a> wurde von Green Devil Genetics gez\u00fcchtet und ist das Kind von Orange Bud und OG Kush. Es bringt den K\u00f6rper in Entspannung und hebt die Stimmung mit einem s\u00fc\u00dfen und w\u00fcrzigen Zitrusgeschmack. Diese Sorte ist resistent gegen die meisten Sch\u00e4dlinge und Schimmelpilze und hat lange, dichte Knospen mit vielen orangefarbenen Haaren und Trichomkristallen. Kaufen Sie Orange Kush Online in Deutschland, \u00d6sterreich und der Schweiz.<\/p>\n<p style=\"text-align: justify;\">Orange Kush, gekweekt door Green Devil Genetics, is de nakomeling van Orange Bud en OG Kush. Ze zorgt voor ontspanning en verbetert de stemming met een zoete en kruidige citrussmaak. Deze soort is resistent tegen de meeste plagen en schimmels en heeft lange, dichte toppen met overvloedige oranje haartjes en trichomenkristallen. Koop Orange Kush online in Duitsland, Oostenrijk en Zwitserland.<\/p>\n<p style=\"text-align: justify;\">Deze sativa-dominante marihuanahybride is ontwikkeld om een veerkrachtige en robuuste groeier te zijn. Biologische Kush-planten zijn afkomstig van OG Kush en SAGE-ouders en hebben, zoals veel sativa's, een iets langere bloeitijd van 10-11 weken. Deze planten hebben veel takken met donkergroene bladeren, maar hun toppen zijn heldergroen en ruiken naar vers gekapte dennen. Biologische Kush is een geweldige keuze voor een cerebrale kick en kan je creativiteit aanwakkeren.<\/p>\n<p style=\"text-align: justify;\"><strong>Soortnaam: Orange Kush<\/strong><\/p>\n<p style=\"text-align: justify;\">Note: B+<\/p>\n<p style=\"text-align: justify;\">Typ: <a href=\"https:\/\/unkrautmarkt.com\/nl\/\">Indica<\/a><\/p>\n<p style=\"text-align: justify;\"><strong>Uiterlijk<\/strong><br \/>\nLichtgroen met heldere, dikke oranje haartjes. Veel kristallen glinsteren in het licht. 10\/10<\/p>\n<p style=\"text-align: justify;\"><strong>Geur<\/strong><br \/>\nEen lichte geur van aardse kruiden, maar verder geurloos. Heel subtiel. 7\/10<\/p>\n<p style=\"text-align: justify;\"><strong>De smaak<\/strong><br \/>\nNet als de geur, is er eigenlijk geen smaak. Het is een heel zachte, licht aardse, kruidige smaak. Leg dikke vulkanische zakken neer. 7\/10<\/p>\n<p style=\"text-align: justify;\"><strong>Impact<\/strong><br \/>\n<a href=\"https:\/\/en.wikipedia.org\/wiki\/Kush_(cannabis)\" rel=\"nofollow noopener\" target=\"_blank\">Nachtgebruik<\/a>Ik heb nog niet eens een zakje Volcano op en mijn maag knort als een leeuw, en ik heb net gegeten\u2026 Het lijkt een van die soorten te zijn die extreme honger opwekt. Sterke indica-effecten met relatief helder denken. Goed tegen pijn en een griezelig gevoel. 9\/10<\/p>\n<p style=\"text-align: justify;\">Potenz: 8\/10<\/p>\n<p style=\"text-align: justify;\"><strong>Goed voor<\/strong><br \/>\nVerhoogde eetlust, misselijkheid, milde pijnverlichting, ontspanning, stress, astma. Bestel de Orange Kush-soort in Duitsland, Oostenrijk en Zwitserland.<\/p>","protected":false},"excerpt":{"rendered":"<p>For Wholesale please contact us at<br \/>\nWickr ID: @williamspro<br \/>\nor via Whatsapp<br \/>\n<img decoding=\"async\" class=\"size-full wp-image-10162 alignleft\" src=\"https:\/\/ograsmarknad.com\/wp-content\/uploads\/2021\/11\/trust.jpg\" alt=\"Trust German\" width=\"300\" height=\"129\" \/><\/p>","protected":false},"featured_media":7835,"comment_status":"open","ping_status":"closed","template":"","meta":{"_joinchat":[]},"product_cat":[307],"product_tag":[],"_links":{"self":[{"href":"https:\/\/unkrautmarkt.com\/nl\/wp-json\/wp\/v2\/product\/7830"}],"collection":[{"href":"https:\/\/unkrautmarkt.com\/nl\/wp-json\/wp\/v2\/product"}],"about":[{"href":"https:\/\/unkrautmarkt.com\/nl\/wp-json\/wp\/v2\/types\/product"}],"replies":[{"embeddable":true,"href":"https:\/\/unkrautmarkt.com\/nl\/wp-json\/wp\/v2\/comments?post=7830"}],"wp:featuredmedia":[{"embeddable":true,"href":"https:\/\/unkrautmarkt.com\/nl\/wp-json\/wp\/v2\/media\/7835"}],"wp:attachment":[{"href":"https:\/\/unkrautmarkt.com\/nl\/wp-json\/wp\/v2\/media?parent=7830"}],"wp:term":[{"taxonomy":"product_cat","embeddable":true,"href":"https:\/\/unkrautmarkt.com\/nl\/wp-json\/wp\/v2\/product_cat?post=7830"},{"taxonomy":"product_tag","embeddable":true,"href":"https:\/\/unkrautmarkt.com\/nl\/wp-json\/wp\/v2\/product_tag?post=7830"}],"curies":[{"name":"wp","href":"https:\/\/api.w.org\/{rel}","templated":true}]}}