{"id":7812,"date":"2021-10-28T10:34:02","date_gmt":"2021-10-28T10:34:02","guid":{"rendered":"https:\/\/unkrautmarkt.com\/?post_type=product&#038;p=7812"},"modified":"2026-03-12T06:24:02","modified_gmt":"2026-03-12T06:24:02","slug":"ghost-train-haze","status":"publish","type":"product","link":"https:\/\/unkrautmarkt.com\/nl\/product\/ghost-train-haze\/","title":{"rendered":"Ghost Train Haze"},"content":{"rendered":"<h2 style=\"text-align: justify;\">Ghost Train Haze online kopen<\/h2>\n<p style=\"text-align: justify;\"><a href=\"https:\/\/unkrautmarkt.com\/nl\/product\/ghost-train-haze\/\"><strong>Koop Ghost Train Haze in Duitsland<\/strong><\/a>, \u00d6sterreich, Schweiz, es ist eine legend\u00e4re Sativa-dominante Hybridsorte von Cannabis, die von Rare Dankness gez\u00fcchtet wurde. Ghost Train Haze ist eine Kreuzung zwischen Neville\u2019s Wreck und Ghost OG. Die hellgr\u00fcnen Knospen der Ghost Train Haze Nuggets sind dick und dicht, reich an Trichomen und mit hellorangen Haaren \u00fcberzogen. Dies \u00f6ffnet in einem neuen Fenster. Als meisterhafte genetische Kreuzung der Elternsorten <strong>Ghost OG (Hybride)<\/strong> En Nevil\u2019s Wreck (Sativa) is Ghost Train Haze, een extreem krachtige wietsoort \u2013 berucht omdat het een van de sterkste soorten ter wereld is en een gemiddeld THC-gehalte van 28% heeft.<\/p>\n<p style=\"text-align: justify;\"><strong>Koop Ghost Train Haze<\/strong>Het is een sativa-dominante hybride die gemakkelijk te kweken is en grote hoeveelheden suikerrijke, trichoomrijke toppen produceert tijdens een bloeiperiode van 65-80 dagen. Ghost Train Haze heeft een zure citrussmaak die vergelijkbaar is met het aroma. Het is licht pittig in de aanzet, gevolgd door aardse, kruidige smaken die doen denken aan de Haze-genetica. Ghost Train Haze is een legendarische, sativa-dominante cannabishybride, gekweekt door Rare Dankness. Het aroma van Ghost Train Haze is zoet en dennenachtig, met hints van citrus, citroen en kruiden. Zelfs het openbreken van een topje verspreidt een sterke, wazige geur die de hele ruimte vult. Dit opent in een nieuw venster. Ghost Train Haze, een meesterlijke genetische kruising van de ouderplanten Ghost OG (hybride) en Nevil\u2019s Wreck (sativa), is een extreem krachtig marihuanawonder \u2013 berucht als een van de sterkste wietsoorten ter wereld en met een gemiddeld THC-gehalte van 28%. Sour Diesel wiet wordt geclassificeerd als een sativa-marihuanasoort, die zeer weinig indica-achtige eigenschappen vertoont en een verhouding heeft van 90% sativa tot 10% indica. <a href=\"https:\/\/unkrautmarkt.com\/nl\/\"><strong>Unkrautmarkt<\/strong><\/a><\/p>\n<h3>Ghost Train Haze<\/h3>\n<p>Zin in een flinke dosis spanning? Deze soort is perfect voor je favoriete horrorfilm! Ghost Train Haze (GTH), ontwikkeld door Rare Dankness, is een sativa-dominante hybride van Neville's Wreck en Ghost OG. <strong><a href=\"https:\/\/en.wikipedia.org\/wiki\/Cannabis_strain\" rel=\"nofollow noopener\" target=\"_blank\">Ghost Train Haze is beschikbaar<\/a>.<\/strong><\/p>\n<p><strong>Ghost Train Haze<\/strong> Deze soort is een ware cannabislegende: ze won de eerste prijs in de Sativa-categorie op de High Times Cannabis Cup in 2014, werd tweede in de categorie \"Beste medicinale Sativa\" in 2013 en heeft meerdere malen de \"World's Strongest Strain\"-award van High Times ontvangen. Met een gemiddeld THC-gehalte van 27% is ze niet voor bangeriken!<br \/>\nHet krachtige effect \u2014 gecombineerd met zoete, pittige citroen- en frisse dennenaroma's \u2014 zorgt gegarandeerd voor een geweldige stemming, energie, gelach en pure levenslust. Klinkt verleidelijk? Waar wacht je dan nog op?<\/p>","protected":false},"excerpt":{"rendered":"<p>For Wholesale please contact us at<br \/>\nWickr ID: @williamspro<br \/>\nor via Whatsapp<br \/>\n<img decoding=\"async\" class=\"size-full wp-image-10162 alignleft\" src=\"https:\/\/ograsmarknad.com\/wp-content\/uploads\/2021\/11\/trust.jpg\" alt=\"Trust German\" width=\"300\" height=\"129\" \/><\/p>","protected":false},"featured_media":7817,"comment_status":"open","ping_status":"closed","template":"","meta":{"_joinchat":[]},"product_cat":[307],"product_tag":[],"_links":{"self":[{"href":"https:\/\/unkrautmarkt.com\/nl\/wp-json\/wp\/v2\/product\/7812"}],"collection":[{"href":"https:\/\/unkrautmarkt.com\/nl\/wp-json\/wp\/v2\/product"}],"about":[{"href":"https:\/\/unkrautmarkt.com\/nl\/wp-json\/wp\/v2\/types\/product"}],"replies":[{"embeddable":true,"href":"https:\/\/unkrautmarkt.com\/nl\/wp-json\/wp\/v2\/comments?post=7812"}],"wp:featuredmedia":[{"embeddable":true,"href":"https:\/\/unkrautmarkt.com\/nl\/wp-json\/wp\/v2\/media\/7817"}],"wp:attachment":[{"href":"https:\/\/unkrautmarkt.com\/nl\/wp-json\/wp\/v2\/media?parent=7812"}],"wp:term":[{"taxonomy":"product_cat","embeddable":true,"href":"https:\/\/unkrautmarkt.com\/nl\/wp-json\/wp\/v2\/product_cat?post=7812"},{"taxonomy":"product_tag","embeddable":true,"href":"https:\/\/unkrautmarkt.com\/nl\/wp-json\/wp\/v2\/product_tag?post=7812"}],"curies":[{"name":"wp","href":"https:\/\/api.w.org\/{rel}","templated":true}]}}