{"id":7877,"date":"2021-10-29T07:47:49","date_gmt":"2021-10-29T07:47:49","guid":{"rendered":"https:\/\/unkrautmarkt.com\/?page_id=7877"},"modified":"2021-10-30T07:57:41","modified_gmt":"2021-10-30T07:57:41","slug":"uber-uns","status":"publish","type":"page","link":"https:\/\/unkrautmarkt.com\/nl\/uber-uns\/","title":{"rendered":"Over ons"},"content":{"rendered":"<section class=\"wpb-content-wrapper\"><div class=\"vc_row wpb_row vc_row-fluid\"><div class=\"wpb_column vc_column_container vc_col-sm-12\"><div class=\"vc_column-inner\"><div class=\"wpb_wrapper\"><div class=\"heading  theme-icon align-left color-black subcolor-main transform-default ltx-theme-header icon-type-default heading-tag-h4\" id=\"like_sc_header_1834445583\"><h4 class=\"header ltx-sr-id-like_sc_header_1834445583505822520 ltx-sr ltx-sr-effect-fade_in ltx-sr-el-block ltx-sr-delay-0 ltx-sr-duration-1000 ltx-sr-sequences-0\">Over ons<\/h4><\/div>\n\t<div class=\"wpb_text_column wpb_content_element\" >\n\t\t<div class=\"wpb_wrapper\">\n\t\t\t<p style=\"text-align: center;\">Nadat ze in 2015 zagen hoe moeilijk het was om online wiet te kopen, begon Weed Market met de droom om marihuana en zijn producten dichter bij wietliefhebbers te brengen. Vandaag de dag staan wij bekend als de beste online dispensary die u kunt vertrouwen in de industrie. Wij spelen een leidende rol in de verkoop van marihuana, cannabis en cannabis producten online. Weed Market heeft als CSR gediend om kankerinstituten over de hele wereld te steunen. Wij werken als bedrijf aan onze droom om cannabis en cannabisproducten zo toegankelijk mogelijk te maken, om het belang en de kracht van medische marihuana voor kankerpati\u00ebnten te erkennen en zo bij te dragen aan de legalisering van marihuana in heel Europa.<\/p>\n\n\t\t<\/div>\n\t<\/div>\n<\/div><\/div><\/div><\/div><div class=\"vc_row wpb_row vc_row-fluid\"><div class=\"wpb_column vc_column_container vc_col-sm-6\"><div class=\"vc_column-inner\"><div class=\"wpb_wrapper\">\n\t<div class=\"wpb_text_column wpb_content_element\" >\n\t\t<div class=\"wpb_wrapper\">\n\t\t\t<p style=\"text-align: justify;\">Wij zijn ervan overtuigd dat elke Belg die medische marihuana nodig heeft er gemakkelijk toegang toe moet hebben. De regering blijft zeggen dat ze \"het gebruik van marihuana niet goedkeurt, maar de hoogste rechtbanken hebben redelijke toegang ge\u00ebist voor pati\u00ebnten met een vergunning\". Wij willen alles doen wat in ons vermogen ligt om ervoor te zorgen dat deze pati\u00ebnten de beste toegang hebben tot de beste medische marihuana die Duitsland te bieden heeft. Uiteindelijk houden we van cannabis van hoge kwaliteit en alle afgeleiden daarvan, en delen we het graag met onze klanten en vrienden die het nodig hebben.<\/p>\n\n\t\t<\/div>\n\t<\/div>\n<\/div><\/div><\/div><div class=\"wpb_column vc_column_container vc_col-sm-6\"><div class=\"vc_column-inner\"><div class=\"wpb_wrapper\">\n\t<div  class=\"wpb_single_image wpb_content_element vc_align_right\">\n\t\t\n\t\t<figure class=\"wpb_wrapper vc_figure\">\n\t\t\t<div class=\"vc_single_image-wrapper   vc_box_border_grey\"><img width=\"1100\" height=\"734\" src=\"https:\/\/unkrautmarkt.com\/wp-content\/uploads\/2021\/10\/medical-marijuana.jpg\" class=\"vc_single_image-img attachment-full\" alt=\"medical-marijuana\" decoding=\"async\" title=\"medical-marijuana\" srcset=\"https:\/\/unkrautmarkt.com\/wp-content\/uploads\/2021\/10\/medical-marijuana.jpg 1100w, https:\/\/unkrautmarkt.com\/wp-content\/uploads\/2021\/10\/medical-marijuana-300x200.jpg 300w, https:\/\/unkrautmarkt.com\/wp-content\/uploads\/2021\/10\/medical-marijuana-1024x683.jpg 1024w, https:\/\/unkrautmarkt.com\/wp-content\/uploads\/2021\/10\/medical-marijuana-768x512.jpg 768w, https:\/\/unkrautmarkt.com\/wp-content\/uploads\/2021\/10\/medical-marijuana-340x227.jpg 340w, https:\/\/unkrautmarkt.com\/wp-content\/uploads\/2021\/10\/medical-marijuana-600x400.jpg 600w, https:\/\/unkrautmarkt.com\/wp-content\/uploads\/2021\/10\/medical-marijuana-128x84.jpg 128w, https:\/\/unkrautmarkt.com\/wp-content\/uploads\/2021\/10\/medical-marijuana-125x83.jpg 125w\" sizes=\"(max-width: 1100px) 100vw, 1100px\" \/><\/div>\n\t\t<\/figure>\n\t<\/div>\n<\/div><\/div><\/div><\/div><div data-vc-full-width=\"true\" data-vc-full-width-init=\"false\" class=\"vc_row wpb_row vc_row-fluid vc_custom_1635580645089\"><div class=\"wpb_column vc_column_container vc_col-sm-4 bg-color-gray\"><div class=\"vc_column-inner\"><div class=\"wpb_wrapper\"><ul class=\"ltx-block-icon icons-count-1    vc_custom_1635580549985 ltx-icon-top align-center ltx-icon-type-transparent layout-cols1\"  id=\"like_sc_block_icon_1000093825\"><li ><div  data-mh=\"ltx-block-icon-in-1321\" class=\"in matchHeight\"><span class=\"ltx-icon icon-znak\" data-mh=\"ltx-icon-span-like_sc_block_icon_1000093825\"><\/span> <h5 class=\"header\"> Kwaliteitsrassen <\/h5> <div class=\"descr\">Wij zijn gespecialiseerd in het aanbieden van cannabissoorten aan onze klanten die geen soorten van hoge kwaliteit krijgen.<\/div><\/div><\/li><\/ul><\/div><\/div><\/div><div class=\"wpb_column vc_column_container vc_col-sm-4 bg-color-gray\"><div class=\"vc_column-inner\"><div class=\"wpb_wrapper\"><ul class=\"ltx-block-icon icons-count-1    vc_custom_1635580562974 ltx-icon-top align-center ltx-icon-type-transparent layout-cols1\"  id=\"like_sc_block_icon_664012810\"><li ><div  data-mh=\"ltx-block-icon-in-1710\" class=\"in matchHeight\"><span class=\"ltx-icon icon-znak\" data-mh=\"ltx-icon-span-like_sc_block_icon_664012810\"><\/span> <h5 class=\"header\"> 100% kwaliteit gegarandeerd <\/h5> <div class=\"descr\">Wij hebben 100% echte kwaliteitsproducten en bieden dezelfde producten aan die u op onze website ziet.<\/div><\/div><\/li><\/ul><\/div><\/div><\/div><div class=\"wpb_column vc_column_container vc_col-sm-4 bg-color-gray\"><div class=\"vc_column-inner\"><div class=\"wpb_wrapper\"><ul class=\"ltx-block-icon icons-count-1    vc_custom_1635580568096 ltx-icon-top align-center ltx-icon-type-transparent layout-cols1\"  id=\"like_sc_block_icon_1472575811\"><li ><div  data-mh=\"ltx-block-icon-in-1152\" class=\"in matchHeight\"><span class=\"ltx-icon icon-znak\" data-mh=\"ltx-icon-span-like_sc_block_icon_1472575811\"><\/span> <h5 class=\"header\"> Volgende dag levering <\/h5> <div class=\"descr\">Voor onze klanten in Duitsland kunnen wij uw pakket de volgende dag leveren.<\/div><\/div><\/li><\/ul><\/div><\/div><\/div><\/div><div class=\"vc_row-full-width vc_clearfix\"><\/div>\n<\/section>","protected":false},"excerpt":{"rendered":"\u00dcber uns Nachdem Unkraut Markt im Jahr 2015 gesehen hatte, wie schwierig es war, Gras online zu kaufen, begann der Traum, das Marihuana und seine Produkte den Unkrautliebhabern n\u00e4her zu bringen. Heute bekannt als die beste Online-Apotheke, der Sie in der Branche vertrauen k\u00f6nnen, spielen wir eine f\u00fchrende Rolle beim Online-Verkauf von Marihuana, Cannabis und Cannabisprodukten. Unkraut Markt hat als CSR Krebsinstitute auf der ganzen Welt zu unterst\u00fctzen. Wir arbeiten als Unternehmen, um unseren Traum zu unterst\u00fctzen, Cannabis und Cannabisprodukte so zug\u00e4nglich wie m\u00f6glich zu machen, um die Bedeutung und Macht von medizinischem Marihuana f\u00fcr Krebspatienten zu erkennen und so bei der Legalisierung von Marihuana in ganz Europa zu helfen. Wir sind der festen \u00dcberzeugung, dass jeder Deutsche, der medizinisches Marihuana ben\u00f6tigt, einfachen Zugang dazu haben sollte. Die Regierung sagt weiterhin, dass sie \u201eden Konsum von Marihuana nicht bef\u00fcrwortet, aber die obersten Gerichte haben angemessenen Zugang zu autorisierten Patienten verlangt\u201c. [...]","protected":false},"author":1,"featured_media":0,"parent":0,"menu_order":0,"comment_status":"closed","ping_status":"closed","template":"page-templates\/full-width.php","meta":{"footnotes":"","_joinchat":[]},"_links":{"self":[{"href":"https:\/\/unkrautmarkt.com\/nl\/wp-json\/wp\/v2\/pages\/7877"}],"collection":[{"href":"https:\/\/unkrautmarkt.com\/nl\/wp-json\/wp\/v2\/pages"}],"about":[{"href":"https:\/\/unkrautmarkt.com\/nl\/wp-json\/wp\/v2\/types\/page"}],"author":[{"embeddable":true,"href":"https:\/\/unkrautmarkt.com\/nl\/wp-json\/wp\/v2\/users\/1"}],"replies":[{"embeddable":true,"href":"https:\/\/unkrautmarkt.com\/nl\/wp-json\/wp\/v2\/comments?post=7877"}],"version-history":[{"count":0,"href":"https:\/\/unkrautmarkt.com\/nl\/wp-json\/wp\/v2\/pages\/7877\/revisions"}],"wp:attachment":[{"href":"https:\/\/unkrautmarkt.com\/nl\/wp-json\/wp\/v2\/media?parent=7877"}],"curies":[{"name":"wp","href":"https:\/\/api.w.org\/{rel}","templated":true}]}}