{"id":8531,"date":"2022-08-03T14:01:36","date_gmt":"2022-08-03T14:01:36","guid":{"rendered":"https:\/\/unkrautmarkt.com\/?post_type=product&#038;p=8531"},"modified":"2026-03-16T05:07:45","modified_gmt":"2026-03-16T05:07:45","slug":"skywalker-og-wax","status":"publish","type":"product","link":"https:\/\/unkrautmarkt.com\/it\/product\/skywalker-og-wax\/","title":{"rendered":"Skywalker OG Wax"},"content":{"rendered":"<h2>Skywalker OG: immergiti nella pura gioia con un potente ibrido Indica.<\/h2>\n<p><a href=\"https:\/\/unkrautmarkt.com\/it\/\">Skywalker OG Wax<\/a>Skywalker OG, una potente variet\u00e0 ibrida a predominanza indica nata dal delizioso incrocio tra Skywalker e OG Kush, aiuta a rilassarsi e a sentirsi sollevati. Questa variet\u00e0 \u00e8 ideale per rilassarsi la sera o per liberarsi dallo stress durante la giornata, poich\u00e9 combina una rapida esplosione di creativit\u00e0 ed euforia con un profondo rilassamento fisico. Con un contenuto di THC del 95%, Skywalker OG \u00e8 la scelta perfetta per un effetto equilibrato e rilassante che lenisce corpo e mente.<\/p>\n<h3>Profilo aromatico e di sapore<\/h3>\n<p>All'apertura della Skywalker OG Wax, si avverte un intenso aroma che ricorda la sua eredit\u00e0 Kush OG. \u00c8 una dolce miscela di note fruttate e terrose con un pizzico di frutta secca speziata. Questa variet\u00e0 offre un'esperienza di fumo o svapo piacevole e saporita grazie al suo ricco contenuto di terpeni.<\/p>\n<h3>Effetti e benefici<\/h3>\n<p>Con un contenuto di THC del 95%, Skywalker OG Wax offre il rilassamento profondo e rilassante che gli amanti delle Indica desiderano. L'effetto di Skywalker OG \u00e8 forte e rilassante, provocando una forte letargia e una fame chimica. Questo \u00e8 accompagnato da un effetto euforico e vivace che si trasforma dolcemente in un sonno profondo e tranquillo. Gli effetti calmanti di questa variet\u00e0 la rendono ideale per i pazienti che cercano cannabis terapeutica per alleviare stress cronico, emicranie, sbalzi d'umore, nausea, perdita di appetito, dolore cronico, spasmi muscolari e insonnia. Offre un gradito sollievo sia per il corpo che per la mente.<\/p>\n<p>Cerchi un negozio di cannabis che offra qualit\u00e0 e un'atmosfera fantastica? <a href=\"https:\/\/en.wikipedia.org\/wiki\/Cannabis\" rel=\"nofollow noopener\" target=\"_blank\">Unkrautmarkt<\/a> Questa farmacia \u00e8 tra le migliori di Grand Rapids e offre prodotti di alta qualit\u00e0 in un'atmosfera rilassata e amichevole. Dai fiori aromatici ai concentrati potenti, dagli irresistibili prodotti commestibili alle morbide sigarette elettroniche, qui troverete tutto. <a href=\"https:\/\/unkrautmarkt.com\/it\/product\/skywalker-og-wax\/\">Skywalker OG Wax<\/a> e canne rollate professionalmente: da noi troverai tutto ci\u00f2 di cui hai bisogno per il tuo piacere individuale con la cannabis.<\/p>\n<p>Che tu sia un cliente abituale o che tu stia cercando le migliori farmacie, il nostro team di esperti sar\u00e0 lieto di aiutarti a trovare il prodotto perfetto. Con offerte in continua evoluzione e un men\u00f9 ricco di prodotti freschi, Unkrautmarkt merita sempre una visita.<\/p>","protected":false},"excerpt":{"rendered":"<p>F\u00fcr den Gro\u00dfhandel kontaktieren Sie uns bitte unter<br \/>\nWickr-ID: @williamspro<br \/>\noder per Whatsapp<br \/>\n<img decoding=\"async\" class=\"size-full wp-image-10162 alignleft\" src=\"https:\/\/ograsmarknad.com\/wp-content\/uploads\/2021\/11\/trust.jpg\" alt=\"Trust German\" width=\"300\" height=\"129\" \/><\/p>","protected":false},"featured_media":8535,"comment_status":"open","ping_status":"closed","template":"","meta":{"_joinchat":[]},"product_cat":[325],"product_tag":[],"_links":{"self":[{"href":"https:\/\/unkrautmarkt.com\/it\/wp-json\/wp\/v2\/product\/8531"}],"collection":[{"href":"https:\/\/unkrautmarkt.com\/it\/wp-json\/wp\/v2\/product"}],"about":[{"href":"https:\/\/unkrautmarkt.com\/it\/wp-json\/wp\/v2\/types\/product"}],"replies":[{"embeddable":true,"href":"https:\/\/unkrautmarkt.com\/it\/wp-json\/wp\/v2\/comments?post=8531"}],"wp:featuredmedia":[{"embeddable":true,"href":"https:\/\/unkrautmarkt.com\/it\/wp-json\/wp\/v2\/media\/8535"}],"wp:attachment":[{"href":"https:\/\/unkrautmarkt.com\/it\/wp-json\/wp\/v2\/media?parent=8531"}],"wp:term":[{"taxonomy":"product_cat","embeddable":true,"href":"https:\/\/unkrautmarkt.com\/it\/wp-json\/wp\/v2\/product_cat?post=8531"},{"taxonomy":"product_tag","embeddable":true,"href":"https:\/\/unkrautmarkt.com\/it\/wp-json\/wp\/v2\/product_tag?post=8531"}],"curies":[{"name":"wp","href":"https:\/\/api.w.org\/{rel}","templated":true}]}}