{"id":8521,"date":"2022-08-03T13:55:58","date_gmt":"2022-08-03T13:55:58","guid":{"rendered":"https:\/\/unkrautmarkt.com\/?post_type=product&#038;p=8521"},"modified":"2026-03-16T05:09:14","modified_gmt":"2026-03-16T05:09:14","slug":"royal-kush-wax-crumble","status":"publish","type":"product","link":"https:\/\/unkrautmarkt.com\/it\/product\/royal-kush-wax-crumble\/","title":{"rendered":"Royal Kush Wax Crumble"},"content":{"rendered":"<h2>Acquista Royal Kush Crumble online nel nostro negozio<\/h2>\n<p><strong><a href=\"https:\/\/unkrautmarkt.com\/it\/product\/royal-kush-wax-crumble\/\">Royal Kush Wax Crumble<\/a><\/strong> Royal Kush \u00e8 la scelta ideale se vuoi ridurre lo stress senza soffocare la tua creativit\u00e0. Il suo effetto rilassante scioglie la tensione e favorisce una mente lucida e motivata. Questo crumble \u00e8 perfetto per rilassarsi o stimolare la creativit\u00e0. Prova Royal Kush e scopri di persona perch\u00e9 piace cos\u00ec tanto a cos\u00ec tante persone. Guarda tu stesso!<\/p>\n<p>Il nostro \u00e8 uno dei gradi di tetraidrocannabinolo di qualit\u00e0 pi\u00f9 elevata sul mercato. <strong>Royal Kush Wax Crumble<\/strong> Con un livello di purezza del 90%, questa cera \u00e8 composta principalmente da THC, con tracce di altri cannabinoidi e il 10% di terpeni. Viene estratta con CO\u2082. Il consumo non produce effetti inebrianti. L'aroma dolce e caramellato di questa cera \u00e8 sicuramente deliziose. \u00c8 morbida e flessibile, ma fragile, anche se raffreddata. Offre una forte espansione polmonare e un sapore robusto e delicato che non provoca una sensazione di bruciore al naso durante l'espirazione.<\/p>\n<p>Riduce l'ansia e induce pensieri euforici. Con il suo aroma terroso e skunk e i suoi effetti intensi, simili alla trance, la Royal Kush \u00e8 una delle migliori variet\u00e0 ibride.<\/p>\n<h3>Cosa lo rende speciale<\/h3>\n<p><a href=\"https:\/\/en.wikipedia.org\/wiki\/Cannabis_in_Italy\" rel=\"nofollow noopener\" target=\"_blank\">Royal Kush<\/a> Offre il perfetto mix di creativit\u00e0 e relax, poich\u00e9 \u00e8 realizzato con ingredienti naturali e prodotto con cura in piccoli lotti. Vorrai concederti questa esperienza ancora e ancora. Cosa aspetti? Concediti Royal Kush oggi stesso! <a href=\"https:\/\/unkrautmarkt.com\/it\/\"><strong>Unkrautmarkt<\/strong><\/a><\/p>\n<h3>Effetto Crumble<\/h3>\n<p>Stress, malessere persistente o persino depressione? Royal Kush Wax Crumble pu\u00f2 aiutarti. Le sue propriet\u00e0 calmanti sono eccellenti per alleviare i disturbi fisici, migliorare l'umore e lenire corpo e mente. Si tratta di sentirsi completamente bene, non solo di staccare la spina. Lascia che Royal Kush ti aiuti a rilassarti e a goderti la vita senza stress.<\/p>","protected":false},"excerpt":{"rendered":"<p>F\u00fcr den Gro\u00dfhandel kontaktieren Sie uns bitte unter<br \/>\nWickr-ID: @williamspro<br \/>\noder per Whatsapp<br \/>\n<img decoding=\"async\" class=\"size-full wp-image-10162 alignleft\" src=\"https:\/\/ograsmarknad.com\/wp-content\/uploads\/2021\/11\/trust.jpg\" alt=\"Trust German\" width=\"300\" height=\"129\" \/><\/p>","protected":false},"featured_media":8526,"comment_status":"open","ping_status":"closed","template":"","meta":{"_joinchat":[]},"product_cat":[325],"product_tag":[],"_links":{"self":[{"href":"https:\/\/unkrautmarkt.com\/it\/wp-json\/wp\/v2\/product\/8521"}],"collection":[{"href":"https:\/\/unkrautmarkt.com\/it\/wp-json\/wp\/v2\/product"}],"about":[{"href":"https:\/\/unkrautmarkt.com\/it\/wp-json\/wp\/v2\/types\/product"}],"replies":[{"embeddable":true,"href":"https:\/\/unkrautmarkt.com\/it\/wp-json\/wp\/v2\/comments?post=8521"}],"wp:featuredmedia":[{"embeddable":true,"href":"https:\/\/unkrautmarkt.com\/it\/wp-json\/wp\/v2\/media\/8526"}],"wp:attachment":[{"href":"https:\/\/unkrautmarkt.com\/it\/wp-json\/wp\/v2\/media?parent=8521"}],"wp:term":[{"taxonomy":"product_cat","embeddable":true,"href":"https:\/\/unkrautmarkt.com\/it\/wp-json\/wp\/v2\/product_cat?post=8521"},{"taxonomy":"product_tag","embeddable":true,"href":"https:\/\/unkrautmarkt.com\/it\/wp-json\/wp\/v2\/product_tag?post=8521"}],"curies":[{"name":"wp","href":"https:\/\/api.w.org\/{rel}","templated":true}]}}