{"id":8520,"date":"2022-08-03T13:52:20","date_gmt":"2022-08-03T13:52:20","guid":{"rendered":"https:\/\/unkrautmarkt.com\/?post_type=product&#038;p=8520"},"modified":"2026-03-13T09:19:36","modified_gmt":"2026-03-13T09:19:36","slug":"holy-grail-og-wax","status":"publish","type":"product","link":"https:\/\/unkrautmarkt.com\/it\/product\/holy-grail-og-wax\/","title":{"rendered":"Holy Grail OG Wax"},"content":{"rendered":"<h2>Acquista Holy Grail OG Wax: ordina online un relax premium<\/h2>\n<p>Cerchi un concentrato di cannabis forte e di alta qualit\u00e0 per un'esperienza di rilassamento intenso? <a href=\"https:\/\/unkrautmarkt.com\/it\/\"><strong>Holy Grail OG Wax<\/strong><\/a> Grazie al suo ricco profilo terpenico e ai suoi effetti potenti, Holy Grail OG Wax offre un effetto eccezionale. Derivata da variet\u00e0 di cannabis di prima qualit\u00e0, questa cera \u00e8 ideale per chi cerca un profondo rilassamento, sollievo dallo stress e un'euforia intensa. Che siate esperti di concentrati o nuovi nel mondo dei concentrati di cannabis, Holy Grail OG Wax offre un'esperienza morbida e saporita di altissimo livello.<\/p>\n<h3>Cos'\u00e8 Holy Grail OG Wax?<\/h3>\n<p><strong>Holy Grail OG Wax<\/strong> Si tratta di un concentrato di cannabis di alta qualit\u00e0, caratterizzato dalla sua consistenza appiccicosa e cerosa e dall'alto contenuto di THC. Viene estratto con metodi moderni per preservarne la purezza e il sapore. La cera offre un effetto forte e antistress.<\/p>\n<h3>Caratteristiche e vantaggi principali<\/h3>\n<p>\u2013 Elevata potenza: con un contenuto di THC che spesso supera il 70-80%, Holy Grail OG Wax offre un effetto forte e duraturo, ideale per il rilassamento e il sollievo dal dolore.<\/p>\n<p>\u2013 Profilo aromatico ricco: un gusto morbido e terroso con sentori di pino e agrumi garantisce un'esperienza deliziosa.<\/p>\n<p>\u2013 Acci\u00f3n r\u00e1pida: Como concentrado, act\u00faa m\u00e1s r\u00e1pido que las flores convencionales y por lo tanto es ideal para un alivio r\u00e1pido.<\/p>\n<p>\u2013 Applicazione versatile: adatto per dab rig, vaporizzatori o come topping per un tocco in pi\u00f9.<\/p>\n<h3>Come usare la cera Holy Grail OG<\/h3>\n<p>Per un'esperienza ottimale con la cannabis, consigliamo di utilizzare un dab rig o un vaporizzatore per concentrati. I principianti dovrebbero iniziare con una piccola dose (circa le dimensioni di un chicco di riso) e aumentarla gradualmente secondo necessit\u00e0. Utilizzate sempre un carb cap per proteggere i terpeni e garantire un'esperienza di svapo fluida.<\/p>\n<h3>Perch\u00e9 acquistare Holy Grail OG Wax online da noi?<\/h3>\n<p>Siamo un negozio online affidabile di prodotti a base di cannabis e spediamo con discrezione prodotti di alta qualit\u00e0 negli Stati Uniti, in Canada, in Europa (Regno Unito, Germania, Francia, Spagna) e in altri paesi. I nostri prodotti vengono sottoposti a rigorosi test di laboratorio per garantirne purezza, potenza e sicurezza. Grazie alla spedizione veloce e ai metodi di pagamento sicuri, <strong><a href=\"https:\/\/unkrautmarkt.com\/it\/product\/holy-grail-og-wax\/\">Acquisto online di Holy Grail OG Wax<\/a> <\/strong>Non \u00e8 mai stato cos\u00ec facile.<\/p>\n<h3>Ordina oggi stesso la tua cera Holy Grail OG!<\/h3>\n<p>Non perderti questa eccezionale esperienza di relax. Acquista subito Holy Grail OG Wax e goditi una consegna discreta e veloce direttamente a casa tua. Che tu sia negli Stati Uniti, in Canada o in Europa, consegniamo concentrati di cannabis di prima qualit\u00e0.<\/p>\n<p><strong>Ordina subito e ottimizza la tua sessione con Holy Grail OG Wax! <a href=\"https:\/\/en.wikipedia.org\/wiki\/Hashish\" rel=\"nofollow noopener\" target=\"_blank\">Unkrautmarkt<\/a><\/strong><\/p>","protected":false},"excerpt":{"rendered":"<p>F\u00fcr den Gro\u00dfhandel kontaktieren Sie uns bitte unter<br \/>\nWickr-ID: @williamspro<br \/>\noder per Whatsapp<br \/>\n<img decoding=\"async\" class=\"size-full wp-image-10162 alignleft\" src=\"https:\/\/ograsmarknad.com\/wp-content\/uploads\/2021\/11\/trust.jpg\" alt=\"Trust German\" width=\"300\" height=\"129\" \/><\/p>","protected":false},"featured_media":8525,"comment_status":"open","ping_status":"closed","template":"","meta":{"_joinchat":[]},"product_cat":[325],"product_tag":[],"_links":{"self":[{"href":"https:\/\/unkrautmarkt.com\/it\/wp-json\/wp\/v2\/product\/8520"}],"collection":[{"href":"https:\/\/unkrautmarkt.com\/it\/wp-json\/wp\/v2\/product"}],"about":[{"href":"https:\/\/unkrautmarkt.com\/it\/wp-json\/wp\/v2\/types\/product"}],"replies":[{"embeddable":true,"href":"https:\/\/unkrautmarkt.com\/it\/wp-json\/wp\/v2\/comments?post=8520"}],"wp:featuredmedia":[{"embeddable":true,"href":"https:\/\/unkrautmarkt.com\/it\/wp-json\/wp\/v2\/media\/8525"}],"wp:attachment":[{"href":"https:\/\/unkrautmarkt.com\/it\/wp-json\/wp\/v2\/media?parent=8520"}],"wp:term":[{"taxonomy":"product_cat","embeddable":true,"href":"https:\/\/unkrautmarkt.com\/it\/wp-json\/wp\/v2\/product_cat?post=8520"},{"taxonomy":"product_tag","embeddable":true,"href":"https:\/\/unkrautmarkt.com\/it\/wp-json\/wp\/v2\/product_tag?post=8520"}],"curies":[{"name":"wp","href":"https:\/\/api.w.org\/{rel}","templated":true}]}}