{"id":8506,"date":"2022-08-03T13:39:55","date_gmt":"2022-08-03T13:39:55","guid":{"rendered":"https:\/\/unkrautmarkt.com\/?post_type=product&#038;p=8506"},"modified":"2026-03-12T06:33:50","modified_gmt":"2026-03-12T06:33:50","slug":"blue-dream-hash-oil","status":"publish","type":"product","link":"https:\/\/unkrautmarkt.com\/it\/product\/blue-dream-hash-oil\/","title":{"rendered":"Blue Dream Hash Oil"},"content":{"rendered":"<h2><strong>Acquista online l'olio di hashish Blue Dream<br \/>\n<\/strong><\/h2>\n<p>&nbsp;<\/p>\n<p>Cerchi un concentrato di cannabis di alta qualit\u00e0 che offra l'equilibrio ideale tra un delicato rilassamento fisico e una stimolazione mentale? Allora sei nel posto giusto. Per intenditori esigenti alla ricerca di un'esperienza di svapo o dabbing eccezionale, il nostro <a href=\"https:\/\/unkrautmarkt.com\/it\/product\/blue-dream-hash-oil\/\">Blue Dream Hash Oil<\/a> Sviluppato con la massima cura. Puoi ordinare questo straordinario prodotto online e contare sulla sua altissima qualit\u00e0. Consegniamo concentrati di cannabis potenti, puri e di alta qualit\u00e0 in modo discreto e affidabile direttamente a casa tua, negli Stati Uniti, in Canada, in Europa e in tutto il mondo.<\/p>\n<p>Il nostro olio di hashish cattura perfettamente l'essenza di Blue Dream, una variet\u00e0 classica apprezzata per il suo armonioso equilibrio tra caratteristiche indica e sativa. Acquistare olio di hashish Blue Dream online \u00e8 pi\u00f9 di un semplice prodotto a base di cannabis: \u00e8 un investimento in un'esperienza. Questa variet\u00e0 \u00e8 ideale per i consumatori a scopo ricreativo e per coloro che cercano sollievo terapeutico, poich\u00e9 in genere vanta un contenuto di THC compreso tra il 17 e il 24% e un basso livello di CBD. Anche il suo profilo terpenico \u00e8 notevole, spesso contenente mircene, pinene e cariofillene, che contribuiscono alle sue delicate note aromatiche e al dolce aroma di frutti di bosco.<br \/>\n<strong><br \/>\nSortentyp:<\/strong> Hybrid<\/p>\n<p><strong>Gesamt-THC:<\/strong> (THC + THCa): 51,45 %<\/p>\n<p><strong>Gesamt-CBD:<\/strong> (CBD + CBDa): 0,18 %<\/p>\n<p><strong>Die gesamten Cannabinoide:<\/strong> 57,59 %<\/p>\n<p><strong>Peso<\/strong> 3 ml, 5 ml, 10 ml<\/p>\n<h3>Perch\u00e9 l'olio di hashish Blue Dream?<\/h3>\n<p>Una delle qualit\u00e0 pi\u00f9 apprezzate dell'olio di hashish Blue Dream \u00e8 la sua versatilit\u00e0. I \u200b\u200bclienti spesso riferiscono un piacevole effetto stimolante che favorisce la creativit\u00e0 e solleva l'umore senza sovraccaricare i sensi. Pertanto, \u00e8 eccellente per l'uso diurno, consentendo di rimanere concentrati e produttivi, provando al contempo una profonda sensazione di felicit\u00e0. Allo stesso tempo, si manifesta una lieve sensazione fisica calmante, che riduce lo stress e migliora il benessere generale.<\/p>","protected":false},"excerpt":{"rendered":"<p>F\u00fcr den Gro\u00dfhandel kontaktieren Sie uns bitte unter<br \/>\nWickr-ID: @williamspro<br \/>\noder per Whatsapp<br \/>\n<img decoding=\"async\" class=\"size-full wp-image-10162 alignleft\" src=\"https:\/\/ograsmarknad.com\/wp-content\/uploads\/2021\/11\/trust.jpg\" alt=\"Trust German\" width=\"300\" height=\"129\" \/><\/p>","protected":false},"featured_media":8512,"comment_status":"open","ping_status":"closed","template":"","meta":{"_joinchat":[]},"product_cat":[324],"product_tag":[],"_links":{"self":[{"href":"https:\/\/unkrautmarkt.com\/it\/wp-json\/wp\/v2\/product\/8506"}],"collection":[{"href":"https:\/\/unkrautmarkt.com\/it\/wp-json\/wp\/v2\/product"}],"about":[{"href":"https:\/\/unkrautmarkt.com\/it\/wp-json\/wp\/v2\/types\/product"}],"replies":[{"embeddable":true,"href":"https:\/\/unkrautmarkt.com\/it\/wp-json\/wp\/v2\/comments?post=8506"}],"wp:featuredmedia":[{"embeddable":true,"href":"https:\/\/unkrautmarkt.com\/it\/wp-json\/wp\/v2\/media\/8512"}],"wp:attachment":[{"href":"https:\/\/unkrautmarkt.com\/it\/wp-json\/wp\/v2\/media?parent=8506"}],"wp:term":[{"taxonomy":"product_cat","embeddable":true,"href":"https:\/\/unkrautmarkt.com\/it\/wp-json\/wp\/v2\/product_cat?post=8506"},{"taxonomy":"product_tag","embeddable":true,"href":"https:\/\/unkrautmarkt.com\/it\/wp-json\/wp\/v2\/product_tag?post=8506"}],"curies":[{"name":"wp","href":"https:\/\/api.w.org\/{rel}","templated":true}]}}