{"id":8501,"date":"2022-08-03T13:29:39","date_gmt":"2022-08-03T13:29:39","guid":{"rendered":"https:\/\/unkrautmarkt.com\/?post_type=product&#038;p=8501"},"modified":"2026-03-16T05:04:34","modified_gmt":"2026-03-16T05:04:34","slug":"tahoe-og-cannabis-oil","status":"publish","type":"product","link":"https:\/\/unkrautmarkt.com\/it\/product\/tahoe-og-cannabis-oil\/","title":{"rendered":"Tahoe OG Cannabis Oil"},"content":{"rendered":"<h2>Acquista online l'olio di cannabis Tahoe OG<\/h2>\n<p><a href=\"https:\/\/en.wikipedia.org\/wiki\/Cannabidiol\" rel=\"nofollow noopener\" target=\"_blank\"><strong>Olio di cannabis Tahoe OG online<\/strong><\/a>Con un rapporto sativa\/indica di 90:10, questa variet\u00e0 di cannabis offre una potente miscela di sativa euforica e indica a livello fisico. Grazie al suo contenuto di THC fino al 20%, \u00e8 particolarmente adatta a chi cerca di migliorare l'umore e ridurre lo stress. La componente sativa fornisce una forte sensazione euforica e stimolante, mentre gli effetti dell'olio sono principalmente rilassanti, sia a livello fisico che mentale. Questa variet\u00e0 di cannabis \u00e8 spesso utilizzata per trattare emicranie, depressione, ansia e dolore cronico.<\/p>\n<h3>Ulteriori informazioni su Tahoe OG<\/h3>\n<p>Rilassamento, gioia, euforia, sonnolenza e stimolazione dell'appetito sono alcuni degli effetti documentati di Tahoe OG.<\/p>\n<p>Anwender berichten, dass Tahoe OG ihnen bei Stress, Schmerzen, Schlaflosigkeit, Depressionen und Appetitlosigkeit hilft.<\/p>\n<p><a href=\"https:\/\/unkrautmarkt.com\/it\/product\/tahoe-og-cannabis-oil\/\"><strong>Tahoe OG<\/strong><\/a> Tahoe OG \u00e8 la variet\u00e0 ideale per le giornate di pioggia. \u00c8 potente e ad azione rapida, quindi non dovrebbe essere consumata subito prima di uscire di casa. Tra le variet\u00e0 Indica, Tahoe OG \u00e8 nota per la sua efficacia nel trattamento di dolore, insonnia e perdita di appetito. \u00c8 eccellente per l'uso serale, poich\u00e9 induce una sensazione di letargia e pesantezza. Grazie a un'eccellente selezione genetica, Tahoe OG offre un effetto euforico, simile a quello della Sativa, oltre ai tipici benefici dell'Indica. Questa variet\u00e0 \u00e8 un fenotipo di OG Kush e ha un sapore terroso e di limone. <a href=\"https:\/\/unkrautmarkt.com\/it\/\">Unkrautmarkt<\/a><\/p>\n<h4><strong>Alcuni degli effetti riportati dall'olio di cannabis OG Kush sono:<\/strong><\/h4>\n<p>Rilassato<\/p>\n<p>Vrolijk<\/p>\n<p>Euforico<\/p>\n<p>Sonnolento<\/p>\n<p>Fame<\/p>\n<p><strong>I pazienti riferiscono che l'olio di cannabis OG Kush li aiuta ad affrontare la situazione:<\/strong><\/p>\n<p>La paura<\/p>\n<p>Allevia il dolore<\/p>\n<p>Insonnia<\/p>\n<p>Depresi\u00f3n<\/p>\n<p>Perdita di appetito<\/p>\n<p><strong>Peso<\/strong><\/p>\n<p>5 ml, 10 ml, 15 ml<\/p>","protected":false},"excerpt":{"rendered":"<p>F\u00fcr den Gro\u00dfhandel kontaktieren Sie uns bitte unter<br \/>\nWickr-ID: @williamspro<br \/>\noder per Whatsapp<br \/>\n<img decoding=\"async\" class=\"size-full wp-image-10162 alignleft\" src=\"https:\/\/ograsmarknad.com\/wp-content\/uploads\/2021\/11\/trust.jpg\" alt=\"Trust German\" width=\"300\" height=\"129\" \/><\/p>","protected":false},"featured_media":8505,"comment_status":"open","ping_status":"closed","template":"","meta":{"_joinchat":[]},"product_cat":[323],"product_tag":[],"_links":{"self":[{"href":"https:\/\/unkrautmarkt.com\/it\/wp-json\/wp\/v2\/product\/8501"}],"collection":[{"href":"https:\/\/unkrautmarkt.com\/it\/wp-json\/wp\/v2\/product"}],"about":[{"href":"https:\/\/unkrautmarkt.com\/it\/wp-json\/wp\/v2\/types\/product"}],"replies":[{"embeddable":true,"href":"https:\/\/unkrautmarkt.com\/it\/wp-json\/wp\/v2\/comments?post=8501"}],"wp:featuredmedia":[{"embeddable":true,"href":"https:\/\/unkrautmarkt.com\/it\/wp-json\/wp\/v2\/media\/8505"}],"wp:attachment":[{"href":"https:\/\/unkrautmarkt.com\/it\/wp-json\/wp\/v2\/media?parent=8501"}],"wp:term":[{"taxonomy":"product_cat","embeddable":true,"href":"https:\/\/unkrautmarkt.com\/it\/wp-json\/wp\/v2\/product_cat?post=8501"},{"taxonomy":"product_tag","embeddable":true,"href":"https:\/\/unkrautmarkt.com\/it\/wp-json\/wp\/v2\/product_tag?post=8501"}],"curies":[{"name":"wp","href":"https:\/\/api.w.org\/{rel}","templated":true}]}}