{"id":8495,"date":"2022-08-03T13:26:38","date_gmt":"2022-08-03T13:26:38","guid":{"rendered":"https:\/\/unkrautmarkt.com\/?post_type=product&#038;p=8495"},"modified":"2026-03-16T05:20:36","modified_gmt":"2026-03-16T05:20:36","slug":"sour-diesel-cannabis-oil","status":"publish","type":"product","link":"https:\/\/unkrautmarkt.com\/it\/product\/sour-diesel-cannabis-oil\/","title":{"rendered":"Sour Diesel Cannabis Oil"},"content":{"rendered":"<h2>Sour-Diesel-Cannabis\u00f6l online kaufen f\u00fcr sofortige Schmerzlinderung.<\/h2>\n<p>Suchen Sie nach einer nat\u00fcrlichen Methode, um die Schmerzen zu lindern, unter denen Sie infolge von Unf\u00e4llen oder chronischen Erkrankungen leiden? Wir vom <a href=\"https:\/\/unkrautmarkt.com\/it\/\">Unkrautmarkt<\/a> Shop haben die L\u00f6sung f\u00fcr Ihr Problem. Wir vertreiben 100 % echtes <a href=\"https:\/\/unkrautmarkt.com\/it\/product\/sour-diesel-cannabis-oil\/\">Sour-Diesel-Cannabis\u00f6l<\/a>, das Ihnen die dringend ben\u00f6tigte Linderung verschaffen kann. Indem Sie die gew\u00fcnschte Menge in Ihren Warenkorb legen, k\u00f6nnen Sie dieses Produkt sicher und bequem in unserem Shop erwerben. Nichts sollte Sie davon abhalten, bei uns zu bestellen \u2013 denn wir bieten faire Preise und weltweiten Versand.<\/p>\n<p><strong>Einige der Wirkungen, die von Sour Diesel Cannabis Oilberichtet wurden, sind:<\/strong><\/p>\n<p>Rilassato<\/p>\n<p>Vrolijk<\/p>\n<p>Euforico<\/p>\n<p>Sonnolento<\/p>\n<p>Fame<\/p>\n<p><strong>Patienten berichten, dass Sour Diesel Cannabis Oil ihnen bei der Bew\u00e4ltigung hilft:<\/strong><\/p>\n<p>La paura<\/p>\n<p>Allevia il dolore<\/p>\n<p>Insonnia<\/p>\n<p>Depresi\u00f3n<\/p>\n<p>Perdita di appetito<\/p>\n<p><strong>Peso<\/strong><\/p>\n<p>5 ml, 10 ml, 15 ml<\/p>\n<h3>Warum sollte ich Sour-Diesel-Cannabis\u00f6l kaufen?<\/h3>\n<p>Sour Diesel hat sich unter den Sativa-dominanten Sorten einen Namen gemacht. Sie zeichnet sich durch einen unverwechselbaren, an Treibstoff erinnernden Duft aus, der als charakteristisches Merkmal dieser Cannabissorte gilt. Der THC-Gehalt der Sorte Sour D liegt zwischen 20 % und 25 %. Dies bedeutet, dass das daraus gewonnene \u00d6l \u00e4u\u00dferst potent ist. Falls Sie kein erfahrener Cannabiskonsument sind, raten wir Ihnen davon ab, gro\u00dfe Mengen an Sour-D-Cannabis\u00f6l einzunehmen. Es empfiehlt sich, mit einer niedrigen Dosierung zu beginnen und diese schrittweise zu steigern. Die von Ihnen gew\u00e4hlte Dosierung bestimmt ma\u00dfgeblich die Wirkung, die Sie erfahren werden. Im Allgemeinen bewirkt das \u00d6l einen angenehmen mentalen Rausch, der ein Gef\u00fchl der Entspannung vermittelt, den Konsumenten jedoch gleichzeitig energiegeladen bleiben l\u00e4sst.<\/p>\n<p>Sie werden gespr\u00e4chiger und aufgeschlossener, wenn Sie gemeinsam mit Freunden Cannabis\u00f6l verdampfen. Sour-D-\u00d6l kann jedoch auch n\u00fctzlich sein, wenn Sie Ihre Konzentration auf eine bestimmte Aufgabe richten m\u00f6chten \u2013 etwa beim Schreiben eines Romans. Mit dem Online-Kauf von Sour-Diesel-Cannabis\u00f6l treffen Sie stets die richtige Wahl, da es zudem die Kreativit\u00e4t f\u00f6rdert.<br \/>\nEin weiterer Grund, warum dieses Cannabisprodukt bei unseren Kunden so beliebt ist, liegt in seinen therapeutischen Eigenschaften. Sour Diesel kann Linderung bei Schmerzen unterschiedlichster Intensit\u00e4t verschaffen \u2013 von moderat bis schwer. Es verursacht keinerlei gesundheitliche Nebenwirkungen und wirkt dabei effektiver als rezeptfreie Schmerzmittel. Dar\u00fcber hinaus kann es Angstzust\u00e4nde und depressive Symptome lindern. Regelm\u00e4\u00dfige Anwender von Cannabis\u00f6l berichten von Verbesserungen ihrer allgemeinen psychischen Gesundheit.<br \/>\nSie k\u00f6nnen sich darauf verlassen, dass wir Ihnen erschwingliches Sour-Diesel-Cannabis\u00f6l anbieten. Wir werden unser Bestes geben, um Ihr Einkaufserlebnis so angenehm wie m\u00f6glich zu gestalten.<\/p>","protected":false},"excerpt":{"rendered":"<p>F\u00fcr den Gro\u00dfhandel kontaktieren Sie uns bitte unter<br \/>\nWickr-ID: @williamspro<br \/>\noder per Whatsapp<br \/>\n<img decoding=\"async\" class=\"size-full wp-image-10162 alignleft\" src=\"https:\/\/ograsmarknad.com\/wp-content\/uploads\/2021\/11\/trust.jpg\" alt=\"Trust German\" width=\"300\" height=\"129\" \/><\/p>","protected":false},"featured_media":8499,"comment_status":"open","ping_status":"closed","template":"","meta":{"_joinchat":[]},"product_cat":[323],"product_tag":[],"_links":{"self":[{"href":"https:\/\/unkrautmarkt.com\/it\/wp-json\/wp\/v2\/product\/8495"}],"collection":[{"href":"https:\/\/unkrautmarkt.com\/it\/wp-json\/wp\/v2\/product"}],"about":[{"href":"https:\/\/unkrautmarkt.com\/it\/wp-json\/wp\/v2\/types\/product"}],"replies":[{"embeddable":true,"href":"https:\/\/unkrautmarkt.com\/it\/wp-json\/wp\/v2\/comments?post=8495"}],"wp:featuredmedia":[{"embeddable":true,"href":"https:\/\/unkrautmarkt.com\/it\/wp-json\/wp\/v2\/media\/8499"}],"wp:attachment":[{"href":"https:\/\/unkrautmarkt.com\/it\/wp-json\/wp\/v2\/media?parent=8495"}],"wp:term":[{"taxonomy":"product_cat","embeddable":true,"href":"https:\/\/unkrautmarkt.com\/it\/wp-json\/wp\/v2\/product_cat?post=8495"},{"taxonomy":"product_tag","embeddable":true,"href":"https:\/\/unkrautmarkt.com\/it\/wp-json\/wp\/v2\/product_tag?post=8495"}],"curies":[{"name":"wp","href":"https:\/\/api.w.org\/{rel}","templated":true}]}}