{"id":8472,"date":"2022-08-03T12:56:42","date_gmt":"2022-08-03T12:56:42","guid":{"rendered":"https:\/\/unkrautmarkt.com\/?post_type=product&#038;p=8472"},"modified":"2026-03-12T06:26:33","modified_gmt":"2026-03-12T06:26:33","slug":"ak-48-hashish","status":"publish","type":"product","link":"https:\/\/unkrautmarkt.com\/it\/product\/ak-48-hashish\/","title":{"rendered":"Ak-48-Hashish"},"content":{"rendered":"<h2>Acquista hashish AK-48 velocemente online: qualit\u00e0 premium con consegna discreta<\/h2>\n<p>Stai cercando un modo per <a href=\"https:\/\/unkrautmarkt.com\/it\/product\/ak-48-hashish\/\"><strong>Ordina rapidamente l'hashish AK-48 online<\/strong><\/a>Allora sei nel posto giusto: la nostra farmacia online di fiducia! Cannabis di alta qualit\u00e0 e hashish premium sono a portata di clic. Offriamo agli appassionati di cannabis negli Stati Uniti, in Canada, in Europa e in tutto il mondo un'esperienza di acquisto fluida e discreta. La soddisfazione del cliente \u00e8 la nostra massima priorit\u00e0: riceverai il potente hashish AK-48, lavorato e confezionato con maestria per il tuo piacere.<\/p>\n<p><strong>AK-48<\/strong> L'AK-48 \u00e8 una popolare variet\u00e0 ibrida, nota per i suoi effetti bilanciati e l'aroma accattivante. Concentrata come hashish, offre un'esperienza pi\u00f9 intensa e duratura. Il nostro hashish AK-48 \u00e8 accuratamente realizzato per preservare i terpeni e i cannabinoidi naturali della variet\u00e0. Il risultato \u00e8 un prodotto ricco, aromatico e incredibilmente potente. Che tu sia un intenditore esperto o che tu stia esplorando il mondo dei concentrati per la prima volta, il nostro hashish AK-48 garantisce una qualit\u00e0 eccezionale.<\/p>\n<h3>Scopri i benefici del nostro hashish AK-48<\/h3>\n<p>Acquistando hashish AK-48 online, si investe in un prodotto con numerosi potenziali benefici. I consumatori segnalano spesso un significativo miglioramento dell'umore, accompagnato da una sensazione delicata e calmante che riduce stress e tensione. <a href=\"https:\/\/unkrautmarkt.com\/it\/\">Unkrautmarkt<\/a><\/p>\n<h3>Negozio online affidabile per hashish AK-48 e altro ancora<\/h3>\n<p><strong>Quando si acquista cannabis online<\/strong> La fiducia \u00e8 essenziale. Siamo orgogliosi di essere un rivenditore online affidabile di prodotti a base di cannabis di alta qualit\u00e0. La nostra selezione include una vasta gamma di variet\u00e0, prodotti commestibili, concentrati e accessori, cos\u00ec avrai la certezza di trovare ci\u00f2 che stai cercando. La discrezione \u00e8 importante per noi. I tuoi ordini vengono imballati in modo sicuro e spediti in buste o scatole semplici per proteggere la tua privacy. Offriamo spedizioni rapide e affidabili, cos\u00ec puoi ordinare l'hashish AK-48 online e riceverlo rapidamente.<\/p>\n<h3>In sintesi:<\/h3>\n<p>Quando <strong>Acquista hashish AK-48 velocemente online<\/strong> Se desiderate scegliere un fornitore che dia valore alla qualit\u00e0, all'efficacia e alla vostra completa soddisfazione, sceglietene uno. Il nostro hashish AK-48 vi offre un concentrato di cannabis di alta qualit\u00e0 con le tipiche propriet\u00e0 stimolanti e calmanti dell'AK-48 in forma concentrata. Dalla produzione accurata alla spedizione discreta in tutto il mondo, puntiamo a essere la vostra prima scelta per la cannabis online. Scoprite la nostra selezione oggi stesso e scoprite la differenza che la qualit\u00e0 fa. <a href=\"https:\/\/en.wikipedia.org\/wiki\/Hashish\" rel=\"nofollow noopener\" target=\"_blank\"><strong>Ordina il tuo hashish AK-48 online<\/strong><\/a> e godetevi il comfort e la qualit\u00e0 del nostro servizio affidabile.<\/p>","protected":false},"excerpt":{"rendered":"<p>F\u00fcr den Gro\u00dfhandel kontaktieren Sie uns bitte unter<br \/>\nWickr-ID: @williamspro<br \/>\noder per Whatsapp<br \/>\n<img decoding=\"async\" class=\"size-full wp-image-10162 alignleft\" src=\"https:\/\/ograsmarknad.com\/wp-content\/uploads\/2021\/11\/trust.jpg\" alt=\"Trust German\" width=\"300\" height=\"129\" \/><\/p>","protected":false},"featured_media":8476,"comment_status":"open","ping_status":"closed","template":"","meta":{"_joinchat":[]},"product_cat":[322,321],"product_tag":[],"_links":{"self":[{"href":"https:\/\/unkrautmarkt.com\/it\/wp-json\/wp\/v2\/product\/8472"}],"collection":[{"href":"https:\/\/unkrautmarkt.com\/it\/wp-json\/wp\/v2\/product"}],"about":[{"href":"https:\/\/unkrautmarkt.com\/it\/wp-json\/wp\/v2\/types\/product"}],"replies":[{"embeddable":true,"href":"https:\/\/unkrautmarkt.com\/it\/wp-json\/wp\/v2\/comments?post=8472"}],"wp:featuredmedia":[{"embeddable":true,"href":"https:\/\/unkrautmarkt.com\/it\/wp-json\/wp\/v2\/media\/8476"}],"wp:attachment":[{"href":"https:\/\/unkrautmarkt.com\/it\/wp-json\/wp\/v2\/media?parent=8472"}],"wp:term":[{"taxonomy":"product_cat","embeddable":true,"href":"https:\/\/unkrautmarkt.com\/it\/wp-json\/wp\/v2\/product_cat?post=8472"},{"taxonomy":"product_tag","embeddable":true,"href":"https:\/\/unkrautmarkt.com\/it\/wp-json\/wp\/v2\/product_tag?post=8472"}],"curies":[{"name":"wp","href":"https:\/\/api.w.org\/{rel}","templated":true}]}}