{"id":8456,"date":"2022-08-03T12:18:03","date_gmt":"2022-08-03T12:18:03","guid":{"rendered":"https:\/\/unkrautmarkt.com\/?post_type=product&#038;p=8456"},"modified":"2026-03-12T06:27:00","modified_gmt":"2026-03-12T06:27:00","slug":"afghan-black-hash","status":"publish","type":"product","link":"https:\/\/unkrautmarkt.com\/it\/product\/afghan-black-hash\/","title":{"rendered":"Afghan Black Hash"},"content":{"rendered":"<article class=\"text-token-text-primary w-full focus:outline-none [--shadow-height:45px] has-data-writing-block:pointer-events-none has-data-writing-block:-mt-(--shadow-height) has-data-writing-block:pt-(--shadow-height) [&amp;:has([data-writing-block])&gt;*]:pointer-events-auto scroll-mt-(--header-height)\" dir=\"auto\" tabindex=\"-1\" data-turn-id=\"67e99a09-043b-461e-ac14-18a4a955a049\" data-testid=\"conversation-turn-7\" data-scroll-anchor=\"false\" data-turn=\"user\"><\/article>\n<article class=\"text-token-text-primary w-full focus:outline-none [--shadow-height:45px] has-data-writing-block:pointer-events-none has-data-writing-block:-mt-(--shadow-height) has-data-writing-block:pt-(--shadow-height) [&amp;:has([data-writing-block])&gt;*]:pointer-events-auto scroll-mt-[calc(var(--header-height)+min(200px,max(70px,20svh)))]\" dir=\"auto\" tabindex=\"-1\" data-turn-id=\"request-WEB:b3b71863-b3aa-4f21-8e13-39b16a858ae7-3\" data-testid=\"conversation-turn-8\" data-scroll-anchor=\"false\" data-turn=\"assistant\">\n<div class=\"text-base my-auto mx-auto [--thread-content-margin:--spacing(4)] @w-sm\/main:[--thread-content-margin:--spacing(6)] @w-lg\/main:[--thread-content-margin:--spacing(16)] px-(--thread-content-margin)\">\n<div class=\"[--thread-content-max-width:40rem] @w-lg\/main:[--thread-content-max-width:48rem] mx-auto max-w-(--thread-content-max-width) flex-1 group\/turn-messages focus-visible:outline-hidden relative flex w-full min-w-0 flex-col agent-turn\" tabindex=\"-1\">\n<div class=\"flex max-w-full flex-col grow\">\n<div class=\"min-h-8 text-message relative flex w-full flex-col items-end gap-2 text-start break-words whitespace-normal [.text-message+&amp;]:mt-1\" dir=\"auto\" data-message-author-role=\"assistant\" data-message-id=\"8c1d458f-0321-4003-b178-e1de01d2aa37\" data-message-model-slug=\"gpt-5-2\">\n<div class=\"flex w-full flex-col gap-1 empty:hidden first:pt-[1px]\">\n<div class=\"markdown prose dark:prose-invert w-full wrap-break-word dark markdown-new-styling\">\n<h2 data-start=\"0\" data-end=\"567\"><strong>Afghan <\/strong><strong>Black <\/strong><strong>Acquista hashish online<\/strong><\/h2>\n<p data-start=\"0\" data-end=\"567\">Quando si tratta di <a href=\"https:\/\/unkrautmarkt.com\/it\/product\/afghan-black-hash\/\"><strong>Acquista online l'hashish nero afgano<\/strong><\/a>\u00c8 fondamentale scegliere un negozio affidabile per garantire una transazione sicura e un prodotto di altissima qualit\u00e0. Il nostro negozio si \u00e8 affermato come uno dei principali rivenditori online di hashish nero afgano, offrendo una combinazione impareggiabile di prodotti di alta qualit\u00e0, acquisti sicuri e un servizio clienti attento. Se ti stai chiedendo dove acquistare hashish nero afgano, ecco i motivi principali per cui il nostro negozio \u00e8 la scelta migliore.<\/p>\n<h3 data-start=\"569\" data-end=\"620\"><strong data-start=\"569\" data-end=\"620\">Qualit\u00e0 ineguagliabile di hashish nero afgano<\/strong><\/h3>\n<p data-start=\"622\" data-end=\"1295\">La qualit\u00e0 dell'Afghan Black Hash lo distingue dalle altre variet\u00e0 di hashish sul mercato e la nostra massima priorit\u00e0 \u00e8 offrire solo il meglio. Il nostro Afghan Black Hash proviene da produttori afghani di fiducia, rinomati per i loro metodi di coltivazione di alta qualit\u00e0 e i processi di produzione autentici. Ogni lotto viene sottoposto a rigorosi controlli di qualit\u00e0 per garantire che soddisfi i pi\u00f9 elevati standard di potenza, consistenza e sapore. Acquistando l'Afghan Black Hash da noi, puoi essere certo di ottenere un prodotto di prima qualit\u00e0, autentico, potente e intriso di tradizione.<\/p>\n<h3 data-start=\"2114\" data-end=\"2172\"><strong data-start=\"2114\" data-end=\"2172\">Prezzi accessibili e prezzi trasparenti<\/strong><\/h3>\n<p data-start=\"2174\" data-end=\"2902\">Una delle domande pi\u00f9 frequenti che i clienti pongono \u00e8: \u201cQual \u00e8 il <strong data-start=\"2240\" data-end=\"2271\">Prezzo dell'hashish nero afgano<\/strong>\u201cNel nostro negozio crediamo che i prodotti di altissima qualit\u00e0 debbano essere accessibili a prezzi equi. Il nostro <strong data-start=\"2388\" data-end=\"2421\">Hashish nero afgano in vendita<\/strong> I nostri prezzi sono competitivi, garantendoti un ottimo rapporto qualit\u00e0-prezzo senza costi eccessivi. Diamo inoltre priorit\u00e0 alla trasparenza dei prezzi, quindi non ci sono costi nascosti o spese impreviste al momento dell'acquisto. Che tu stia cercando ordini piccoli o grandi, offriamo prezzi flessibili per adattarsi al tuo budget. Puoi essere certo di ottenere il miglior prezzo per la qualit\u00e0 che stai acquistando.<\/p>\n<h3 data-start=\"2904\" data-end=\"2938\"><strong data-start=\"2904\" data-end=\"2938\">Consegna sicura e discreta<\/strong><\/h3>\n<p data-start=\"2940\" data-end=\"3645\">Quando <a href=\"https:\/\/en.wikipedia.org\/wiki\/Hashish\" rel=\"nofollow noopener\" target=\"_blank\"><strong data-start=\"2949\" data-end=\"2984\">Acquista online l'hashish nero afgano<\/strong><\/a>La discrezione \u00e8 fondamentale. Comprendiamo l'importanza di proteggere la tua privacy e di garantire che il tuo ordine arrivi in \u200b\u200bmodo sicuro e discreto. Il nostro processo di spedizione viene eseguito con la massima cura e utilizziamo imballaggi di alta qualit\u00e0 per garantire che il tuo ordine arrivi in \u200b\u200bperfette condizioni. Offriamo inoltre una variet\u00e0 di opzioni di spedizione, permettendoti di scegliere il metodo pi\u00f9 adatto alle tue esigenze, che tu preferisca una consegna rapida o un'opzione pi\u00f9 economica. Il nostro affidabile sistema di consegna garantisce che il tuo ordine arrivi in \u200b\u200bsicurezza e senza ritardi significativi.<\/p>\n<h3 data-start=\"5542\" data-end=\"5582\"><strong data-start=\"5542\" data-end=\"5582\">Sconti esclusivi e offerte speciali<\/strong><\/h3>\n<p data-start=\"5584\" data-end=\"6160\">Ci impegniamo a offrire ai nostri clienti pi\u00f9 di semplici prodotti di qualit\u00e0. Se stai cercando opportunit\u00e0, <strong data-start=\"5696\" data-end=\"5729\">Hashish nero afgano in vendita<\/strong> Per offrirti i nostri prodotti a un prezzo ancora pi\u00f9 conveniente, il nostro negozio offre regolarmente promozioni e sconti esclusivi. Queste offerte a tempo limitato ti permettono di acquistare i tuoi prodotti preferiti a prezzi ridotti, rendendo ancora pi\u00f9 facile l'acquisto di prodotti di alta qualit\u00e0. <a href=\"https:\/\/unkrautmarkt.com\/it\/\"><strong data-start=\"5996\" data-end=\"6017\">Afghan Black Hash<\/strong><\/a> Divertiti senza spendere una fortuna. Visita regolarmente il nostro sito web per scoprire nuove offerte e promozioni speciali.<\/p>\n<h3 data-start=\"6162\" data-end=\"6171\"><strong data-start=\"6162\" data-end=\"6171\">Conclusione<\/strong><\/h3>\n<p data-start=\"6173\" data-end=\"6945\" data-is-last-node=\"\" data-is-only-node=\"\">In un mercato affollato, pu\u00f2 essere difficile trovare il negozio giusto per <strong data-start=\"6257\" data-end=\"6295\">Acquista online l'hashish nero afgano<\/strong>Tuttavia, grazie al nostro impegno per la qualit\u00e0 dei prodotti, ai prezzi competitivi, alla consegna sicura e discreta e all'eccellente servizio clienti, siamo certi di poter soddisfare le esigenze del mercato. <strong data-start=\"6468\" data-end=\"6525\">Il posto migliore per acquistare Afghan Black Hash online \u00e8<\/strong>Che tu ti stia chiedendo \"<strong data-start=\"6553\" data-end=\"6594\">Dove posso acquistare l'hashish nero afgano?<\/strong>\"o sei pronto a effettuare il tuo ordine? Il nostro negozio \u00e8 il luogo ideale per chiunque cerchi un'esperienza autentica e di alta qualit\u00e0. Offriamo un modo semplice e sicuro per...\" <strong data-start=\"6806\" data-end=\"6847\">Ordina online Afghan Black Hash<\/strong>, rendendo pi\u00f9 facile che mai godersi questo prezioso prodotto comodamente a casa propria.<\/p>\n<\/div>\n<\/div>\n<\/div>\n<\/div>\n<\/div>\n<\/div>\n<\/article>","protected":false},"excerpt":{"rendered":"<p>F\u00fcr den Gro\u00dfhandel kontaktieren Sie uns bitte unter<br \/>\nWickr-ID: @williamspro<br \/>\noder per Whatsapp<br \/>\n<img decoding=\"async\" class=\"size-full wp-image-10162 alignleft\" src=\"https:\/\/ograsmarknad.com\/wp-content\/uploads\/2021\/11\/trust.jpg\" alt=\"Trust German\" width=\"300\" height=\"129\" \/><\/p>","protected":false},"featured_media":8460,"comment_status":"open","ping_status":"closed","template":"","meta":{"_joinchat":[]},"product_cat":[322,321],"product_tag":[],"_links":{"self":[{"href":"https:\/\/unkrautmarkt.com\/it\/wp-json\/wp\/v2\/product\/8456"}],"collection":[{"href":"https:\/\/unkrautmarkt.com\/it\/wp-json\/wp\/v2\/product"}],"about":[{"href":"https:\/\/unkrautmarkt.com\/it\/wp-json\/wp\/v2\/types\/product"}],"replies":[{"embeddable":true,"href":"https:\/\/unkrautmarkt.com\/it\/wp-json\/wp\/v2\/comments?post=8456"}],"wp:featuredmedia":[{"embeddable":true,"href":"https:\/\/unkrautmarkt.com\/it\/wp-json\/wp\/v2\/media\/8460"}],"wp:attachment":[{"href":"https:\/\/unkrautmarkt.com\/it\/wp-json\/wp\/v2\/media?parent=8456"}],"wp:term":[{"taxonomy":"product_cat","embeddable":true,"href":"https:\/\/unkrautmarkt.com\/it\/wp-json\/wp\/v2\/product_cat?post=8456"},{"taxonomy":"product_tag","embeddable":true,"href":"https:\/\/unkrautmarkt.com\/it\/wp-json\/wp\/v2\/product_tag?post=8456"}],"curies":[{"name":"wp","href":"https:\/\/api.w.org\/{rel}","templated":true}]}}