{"id":7854,"date":"2021-10-28T13:08:51","date_gmt":"2021-10-28T13:08:51","guid":{"rendered":"https:\/\/unkrautmarkt.com\/?post_type=product&#038;p=7854"},"modified":"2026-03-16T05:04:59","modified_gmt":"2026-03-16T05:04:59","slug":"super-silver-haze","status":"publish","type":"product","link":"https:\/\/unkrautmarkt.com\/it\/product\/super-silver-haze\/","title":{"rendered":"Super Silver Haze"},"content":{"rendered":"<h2 style=\"text-align: justify;\">Acquista Super Silver Haze online<\/h2>\n<p style=\"text-align: justify;\"><a href=\"https:\/\/en.wikipedia.org\/wiki\/Cannabis_strain\" rel=\"nofollow noopener\" target=\"_blank\">Super Silver Haze<\/a> Super Silver Haze \u00e8 un prodotto creato combinando Haze, Northern Lights e Skunk. Acquista Super Silver Haze online. Il risultato \u00e8 semplicemente incredibile e ti regala l'esperienza Sativa unica che hai sempre desiderato. Con Super Silver Haze, ottieni il miglior effetto energetico corporeo che duri a lungo. Ha anche un effetto davvero impressionante e stimolante. E questo ti offre un ottimo modo per affrontare livelli di stress estremamente elevati. Se soffri di nausea o perdita di appetito, Super Silver Haze ti aiuter\u00e0 a ritrovare tutto questo. <a href=\"https:\/\/unkrautmarkt.com\/it\/product\/super-silver-haze\/\">Acquista Super Silver Haze online<\/a> Deutschland, \u00d6sterreich &amp; Schweiz!<\/p>\n<p style=\"text-align: justify;\">La variet\u00e0 Super Silver Haze \u00e8 un ibrido a predominanza sativa, ideale per un effetto intenso che dura tutto il giorno. Contiene circa il 18% di THC e lo 0,10% di CBD. Questo non solo offre un effetto calmante e rilassante, ma permette anche di svolgere compiti importanti durante il giorno. Questo contrasta con altre variet\u00e0, che tendono a causare un effetto \"pantofolaio\".<\/p>\n<h3 style=\"text-align: justify;\">Benefici medici di Super Silver Haze<\/h3>\n<p style=\"text-align: justify;\">Molti consumatori di questa variet\u00e0 ne hanno attestato i significativi benefici terapeutici. Super Silver Haze vanta aromi di spezie, skunk e agrumi, e pu\u00f2 offrire potenti effetti psicoattivi e fisici. Energizzante come poche, Super Silver Haze cambia marcia nella seconda met\u00e0 del suo effetto di lunga durata, iniziando a lenire il corpo. I consumatori possono sperimentare un'illuminazione dei colori e un'affinamento dei toni. Per la maggior parte dei consumatori, questa variet\u00e0 pu\u00f2 essere un efficace rimedio diurno contro stanchezza, sbalzi d'umore, nausea ed emicrania. Altri consumatori potrebbero sperimentare gli effetti fisici in modo pi\u00f9 intenso di altri, ma pu\u00f2 alleviare il dolore cronico. Super Silver Haze \u00e8 in vendita. <a href=\"https:\/\/unkrautmarkt.com\/it\/\">Unkrautmarkt<\/a><\/p>\n<p style=\"text-align: justify;\">Indubbiamente, questa variet\u00e0 \u00e8 diventata popolare negli ultimi anni. Tuttavia, i consumatori di questa variet\u00e0 hanno ancora difficolt\u00e0 ad acquistare Super Silver Haze online. Questo perch\u00e9 la maggior parte di loro preferisce acquistare online presso i dispensari online. Ciononostante, siamo sempre lieti di assistervi con le vostre esigenze di acquisto. Buon shopping e buona giornata.<\/p>","protected":false},"excerpt":{"rendered":"<p>For Wholesale please contact us at<br \/>\nWickr ID: @williamspro<br \/>\nor via Whatsapp<br \/>\n<img decoding=\"async\" class=\"size-full wp-image-10162 alignleft\" src=\"https:\/\/ograsmarknad.com\/wp-content\/uploads\/2021\/11\/trust.jpg\" alt=\"Trust German\" width=\"300\" height=\"129\" \/><\/p>","protected":false},"featured_media":7859,"comment_status":"open","ping_status":"closed","template":"","meta":{"_joinchat":[]},"product_cat":[307],"product_tag":[],"_links":{"self":[{"href":"https:\/\/unkrautmarkt.com\/it\/wp-json\/wp\/v2\/product\/7854"}],"collection":[{"href":"https:\/\/unkrautmarkt.com\/it\/wp-json\/wp\/v2\/product"}],"about":[{"href":"https:\/\/unkrautmarkt.com\/it\/wp-json\/wp\/v2\/types\/product"}],"replies":[{"embeddable":true,"href":"https:\/\/unkrautmarkt.com\/it\/wp-json\/wp\/v2\/comments?post=7854"}],"wp:featuredmedia":[{"embeddable":true,"href":"https:\/\/unkrautmarkt.com\/it\/wp-json\/wp\/v2\/media\/7859"}],"wp:attachment":[{"href":"https:\/\/unkrautmarkt.com\/it\/wp-json\/wp\/v2\/media?parent=7854"}],"wp:term":[{"taxonomy":"product_cat","embeddable":true,"href":"https:\/\/unkrautmarkt.com\/it\/wp-json\/wp\/v2\/product_cat?post=7854"},{"taxonomy":"product_tag","embeddable":true,"href":"https:\/\/unkrautmarkt.com\/it\/wp-json\/wp\/v2\/product_tag?post=7854"}],"curies":[{"name":"wp","href":"https:\/\/api.w.org\/{rel}","templated":true}]}}