{"id":7848,"date":"2021-10-28T13:03:14","date_gmt":"2021-10-28T13:03:14","guid":{"rendered":"https:\/\/unkrautmarkt.com\/?post_type=product&#038;p=7848"},"modified":"2026-03-16T05:05:41","modified_gmt":"2026-03-16T05:05:41","slug":"strawberry-haze","status":"publish","type":"product","link":"https:\/\/unkrautmarkt.com\/it\/product\/strawberry-haze\/","title":{"rendered":"Strawberry Haze"},"content":{"rendered":"<h2 style=\"text-align: justify;\">Strawberry Haze online<\/h2>\n<p style=\"text-align: justify;\"><a href=\"https:\/\/en.wikipedia.org\/wiki\/Cannabis_strain\" rel=\"nofollow noopener\" target=\"_blank\">Strawberry Haze<\/a> Le cime di Strawberry Haze profumano di fragola e offrono un sapore dolce che si esalta ulteriormente quando le radici possono crescere liberamente nel terreno. \u00c8 caratterizzata da una pianta alta con rami lunghi. \u00c8 una pianta facile da coltivare e mantenere, poich\u00e9 \u00e8 nota per prosperare in condizioni umide. Il periodo di fioritura \u00e8 di circa 10 settimane, con un contenuto di THC fino al 20% e un contenuto di CBD dell'1,2%.<\/p>\n<p style=\"text-align: justify;\"><a href=\"https:\/\/unkrautmarkt.com\/it\/product\/strawberry-haze\/\">Unkrautmarkt.com<\/a> Siamo stati riconosciuti come una delle migliori farmacie online di marijuana. Questo grazie alla qualit\u00e0 dei nostri prodotti, al nostro impegno per la soddisfazione del cliente e alla nostra dedizione nel garantire la vostra completa soddisfazione. Strawberry Haze, nota anche come \"Arjan's Strawberry Haze\", \u00e8 stata sviluppata da Arjan e lanciata sul mercato nel 2006. Nel 2005, Strawberry Haze ha vinto il primo premio al Green House Very Important Smokers Panel. Ora puoi acquistare Strawberry Haze da noi online a prezzi competitivi con consegna garantita e discreta in tutto il mondo.<\/p>\n<h3 style=\"text-align: justify;\">Strawberry Haze Effetti<\/h3>\n<p style=\"text-align: justify;\">Abbiamo fatto un'analisi su alcune persone che acquistano sempre Strawberry Haze e questo \u00e8 ci\u00f2 che abbiamo scoperto.<\/p>\n<p style=\"text-align: justify;\"><em><strong>113 persone ci hanno parlato di effetti:<\/strong><\/em><\/p>\n<p style=\"text-align: justify;\">\u2022 <a href=\"https:\/\/unkrautmarkt.com\/it\/\">Gef\u00fchle<\/a><br \/>\n- Negativo<br \/>\n- Aiuta con<\/p>\n<p style=\"text-align: justify;\">Energia: il 53% delle persone dichiara di sentirsi energico.<br \/>\nFelicit\u00e0: il 53% delle persone dichiara di sentirsi felice<br \/>\nIl 53% delle persone dichiara di sentirsi sollevato<br \/>\nSecchezza delle fauci: il 26% delle persone riferisce di avere la bocca secca.<br \/>\nOcchi secchi: il 21% delle persone riferisce di avere gli occhi secchi.<br \/>\nParanoia: l'11% delle persone riferisce di sentirsi paranoica.<br \/>\nDepressione: il 31% delle persone afferma che aiuta a contrastare la depressione<br \/>\nStress: il 28% delle persone afferma che aiuta ad affrontare lo stress<br \/>\nAnsia: il 22% delle persone afferma che aiuta a combattere l'ansia.<\/p>","protected":false},"excerpt":{"rendered":"<p>For Wholesale please contact us at<br \/>\nWickr ID: @williamspro<br \/>\nor via Whatsapp<br \/>\n<img decoding=\"async\" class=\"size-full wp-image-10162 alignleft\" src=\"https:\/\/ograsmarknad.com\/wp-content\/uploads\/2021\/11\/trust.jpg\" alt=\"Trust German\" width=\"300\" height=\"129\" \/><\/p>","protected":false},"featured_media":7853,"comment_status":"open","ping_status":"closed","template":"","meta":{"_joinchat":[]},"product_cat":[307],"product_tag":[],"_links":{"self":[{"href":"https:\/\/unkrautmarkt.com\/it\/wp-json\/wp\/v2\/product\/7848"}],"collection":[{"href":"https:\/\/unkrautmarkt.com\/it\/wp-json\/wp\/v2\/product"}],"about":[{"href":"https:\/\/unkrautmarkt.com\/it\/wp-json\/wp\/v2\/types\/product"}],"replies":[{"embeddable":true,"href":"https:\/\/unkrautmarkt.com\/it\/wp-json\/wp\/v2\/comments?post=7848"}],"wp:featuredmedia":[{"embeddable":true,"href":"https:\/\/unkrautmarkt.com\/it\/wp-json\/wp\/v2\/media\/7853"}],"wp:attachment":[{"href":"https:\/\/unkrautmarkt.com\/it\/wp-json\/wp\/v2\/media?parent=7848"}],"wp:term":[{"taxonomy":"product_cat","embeddable":true,"href":"https:\/\/unkrautmarkt.com\/it\/wp-json\/wp\/v2\/product_cat?post=7848"},{"taxonomy":"product_tag","embeddable":true,"href":"https:\/\/unkrautmarkt.com\/it\/wp-json\/wp\/v2\/product_tag?post=7848"}],"curies":[{"name":"wp","href":"https:\/\/api.w.org\/{rel}","templated":true}]}}