{"id":7842,"date":"2021-10-28T12:47:53","date_gmt":"2021-10-28T12:47:53","guid":{"rendered":"https:\/\/unkrautmarkt.com\/?post_type=product&#038;p=7842"},"modified":"2026-03-16T05:07:22","modified_gmt":"2026-03-16T05:07:22","slug":"sour-diesel","status":"publish","type":"product","link":"https:\/\/unkrautmarkt.com\/it\/product\/sour-diesel\/","title":{"rendered":"Sour Diesel"},"content":{"rendered":"<h2 style=\"text-align: justify;\">Acquista Sour Diesel online<\/h2>\n<p style=\"text-align: justify;\">Noto anche come Sour D, <a href=\"https:\/\/unkrautmarkt.com\/it\/product\/sour-diesel\/\">Sour Diesel<\/a> Una variet\u00e0 sativa che emana un aroma di limone, aspro e pungente, con un sapore aspro e terroso. Le sue foglie sono di un verde intenso, con calici ricoperti di tricomi bianchi e peluria sottile al momento del raccolto. Sour Diesel in vendita, acquista marijuana online a basso costo, erba in vendita online.<\/p>\n<p style=\"text-align: justify;\">La discendenza della Sour Diesel \u00e8 andata perduta, ma si ritiene che sia nata dall'incrocio tra l'ibrido Chemdawg, l'indica Northern Lights e un fenotipo ibrido Skunk.<\/p>\n<p style=\"text-align: justify;\">I livelli di THC possono raggiungere il 25%, ma la media si aggira intorno al 17%. Questa variet\u00e0 sativa produce un'intensa attivit\u00e0 cerebrale, con la maggior parte dei recensori che segnala un aumento di creativit\u00e0 ed energia. \u00c8 nota per aiutare a combattere la stanchezza e alleviare l'ansia, il che la rende un'ottima variet\u00e0 per un risveglio. Acquista marijuana online a basso costo in Germania, Austria e Svizzera.<\/p>\n<p style=\"text-align: justify;\">Aspettatevi secchezza delle fauci e degli occhi quando consumate Sour Diesel. Anche la paranoia \u00e8 un effetto collaterale comune a causa dell'attivit\u00e0 cerebrale che induce, che pu\u00f2 essere travolgente per alcuni. Sebbene Sour Diesel stimoli la mente e acuisca i sensi, pu\u00f2 anche causare distrazioni, rendendo difficile sostenere una conversazione o concentrarsi su un argomento. <a href=\"https:\/\/en.wikipedia.org\/wiki\/Sour_Diesel\" rel=\"nofollow noopener\" target=\"_blank\">Diesel acido in vendita<\/a><\/p>\n<p style=\"text-align: justify;\"><strong>Questa potente variet\u00e0 \u00e8 ideale per gli appassionati di cannabis, non per i principianti.<\/strong><\/p>\n<h3 style=\"text-align: justify;\">Acquista Sour Diesel online in Germania, Austria e Svizzera<\/h3>\n<h4 style=\"text-align: justify;\">Esperienza<\/h4>\n<p style=\"text-align: justify;\">Das Gute, <a href=\"https:\/\/unkrautmarkt.com\/it\/\">Ordina Sour Diesel online<\/a><\/p>\n<ul style=\"text-align: justify;\">\n<li>Energiczny<\/li>\n<li>Creatief<\/li>\n<li>Vrolijk<\/li>\n<\/ul>\n<h4 style=\"text-align: justify;\">Il cattivo<\/h4>\n<ul style=\"text-align: justify;\">\n<li>Suche oczy<\/li>\n<li>Droge mond<\/li>\n<\/ul>\n<h4 style=\"text-align: justify;\">Si adatta bene alla vendita di erba online<\/h4>\n<ul style=\"text-align: justify;\">\n<li>Sztuka i rze\u017aby<\/li>\n<li>lezing<\/li>\n<li>Badanie<\/li>\n<\/ul>\n<h4 style=\"text-align: justify;\">Gusto e olfatto<\/h4>\n<ul>\n<li style=\"text-align: justify;\">Fruchtig<\/li>\n<li style=\"text-align: justify;\">Zuur<\/li>\n<li style=\"text-align: justify;\">S\u0142odki<\/li>\n<\/ul>","protected":false},"excerpt":{"rendered":"<p>For Wholesale please contact us at<br \/>\nWickr ID: @williamspro<br \/>\nor via Whatsapp<br \/>\n<img decoding=\"async\" class=\"size-full wp-image-10162 alignleft\" src=\"https:\/\/ograsmarknad.com\/wp-content\/uploads\/2021\/11\/trust.jpg\" alt=\"Trust German\" width=\"300\" height=\"129\" \/><\/p>","protected":false},"featured_media":7847,"comment_status":"open","ping_status":"closed","template":"","meta":{"_joinchat":[]},"product_cat":[307],"product_tag":[],"_links":{"self":[{"href":"https:\/\/unkrautmarkt.com\/it\/wp-json\/wp\/v2\/product\/7842"}],"collection":[{"href":"https:\/\/unkrautmarkt.com\/it\/wp-json\/wp\/v2\/product"}],"about":[{"href":"https:\/\/unkrautmarkt.com\/it\/wp-json\/wp\/v2\/types\/product"}],"replies":[{"embeddable":true,"href":"https:\/\/unkrautmarkt.com\/it\/wp-json\/wp\/v2\/comments?post=7842"}],"wp:featuredmedia":[{"embeddable":true,"href":"https:\/\/unkrautmarkt.com\/it\/wp-json\/wp\/v2\/media\/7847"}],"wp:attachment":[{"href":"https:\/\/unkrautmarkt.com\/it\/wp-json\/wp\/v2\/media?parent=7842"}],"wp:term":[{"taxonomy":"product_cat","embeddable":true,"href":"https:\/\/unkrautmarkt.com\/it\/wp-json\/wp\/v2\/product_cat?post=7842"},{"taxonomy":"product_tag","embeddable":true,"href":"https:\/\/unkrautmarkt.com\/it\/wp-json\/wp\/v2\/product_tag?post=7842"}],"curies":[{"name":"wp","href":"https:\/\/api.w.org\/{rel}","templated":true}]}}