{"id":7830,"date":"2021-10-28T12:15:41","date_gmt":"2021-10-28T12:15:41","guid":{"rendered":"https:\/\/unkrautmarkt.com\/?post_type=product&#038;p=7830"},"modified":"2026-03-16T05:10:47","modified_gmt":"2026-03-16T05:10:47","slug":"orange-kush","status":"publish","type":"product","link":"https:\/\/unkrautmarkt.com\/it\/product\/orange-kush\/","title":{"rendered":"Orange Kush"},"content":{"rendered":"<h2 style=\"text-align: justify;\">Acquista Orange Kush online<\/h2>\n<p style=\"text-align: justify;\"><a href=\"https:\/\/unkrautmarkt.com\/it\/product\/orange-kush\/\">Orange Kush<\/a> wurde von Green Devil Genetics gez\u00fcchtet und ist das Kind von Orange Bud und OG Kush. Es bringt den K\u00f6rper in Entspannung und hebt die Stimmung mit einem s\u00fc\u00dfen und w\u00fcrzigen Zitrusgeschmack. Diese Sorte ist resistent gegen die meisten Sch\u00e4dlinge und Schimmelpilze und hat lange, dichte Knospen mit vielen orangefarbenen Haaren und Trichomkristallen. Kaufen Sie Orange Kush Online in Deutschland, \u00d6sterreich und der Schweiz.<\/p>\n<p style=\"text-align: justify;\">Creata da Green Devil Genetics, Orange Kush \u00e8 il risultato dell'incrocio tra Orange Bud e OG Kush. Induce rilassamento e migliora l'umore con un sapore agrumato dolce e speziato. Questa variet\u00e0 \u00e8 resistente alla maggior parte dei parassiti e delle muffe e presenta cime lunghe e dense con abbondanti peletti arancioni e cristalli di tricomi. Acquista Orange Kush online in Germania, Austria e Svizzera.<\/p>\n<p style=\"text-align: justify;\">Questa variet\u00e0 ibrida di marijuana a predominanza sativa \u00e8 stata sviluppata per essere una pianta robusta e resistente. Le piante di Organic Kush provengono da genitori OG Kush e SAGE e, come molte sativa, hanno un periodo di fioritura leggermente pi\u00f9 lungo, di 10-11 settimane. Queste piante presentano numerosi rami con foglie verde scuro, ma le loro cime sono di un verde brillante e profumano di pino appena tagliato. Organic Kush \u00e8 un'ottima scelta per una spinta cerebrale e potrebbe stimolare la creativit\u00e0.<\/p>\n<p style=\"text-align: justify;\"><strong>Nome del ceppo: Orange Kush<\/strong><\/p>\n<p style=\"text-align: justify;\">Note: B+<\/p>\n<p style=\"text-align: justify;\">Typ: <a href=\"https:\/\/unkrautmarkt.com\/it\/\">Indica<\/a><\/p>\n<p style=\"text-align: justify;\"><strong>Sembra<\/strong><br \/>\nVerde chiaro con una peluria arancione brillante e folta. Molti cristalli brillano alla luce. 10\/10<\/p>\n<p style=\"text-align: justify;\"><strong>Odore<\/strong><br \/>\nUn leggero profumo di erbe terrose, ma per il resto non ha alcun odore. Molto delicato. 7\/10<\/p>\n<p style=\"text-align: justify;\"><strong>Gusto:<\/strong><br \/>\nSimile all'odore, non ha davvero alcun sapore. \u00c8 un sapore molto delicato, leggermente terroso, erbaceo. Disporre in sacchi vulcanici spessi. 7\/10<\/p>\n<p style=\"text-align: justify;\"><strong>Impatto<\/strong><br \/>\n<a href=\"https:\/\/en.wikipedia.org\/wiki\/Kush_(cannabis)\" rel=\"nofollow noopener\" target=\"_blank\">Nachtgebruik<\/a>Non ho ancora finito una bustina di Volcano e il mio stomaco ruggisce come un leone, e ho appena mangiato... Sembra essere una di quelle variet\u00e0 che scatena una fame estrema. Forti effetti indica con una lucidit\u00e0 mentale relativamente elevata. Ottima per il dolore e per la sensazione di avere gli occhi inquietanti. 9\/10<\/p>\n<p style=\"text-align: justify;\">Potenz: 8\/10<\/p>\n<p style=\"text-align: justify;\"><strong>Buono per<\/strong><br \/>\nAumento dell'appetito, nausea, lieve sollievo dal dolore, rilassamento, stress, asma. Ordina la variet\u00e0 Orange Kush in Germania, Austria e Svizzera.<\/p>","protected":false},"excerpt":{"rendered":"<p>For Wholesale please contact us at<br \/>\nWickr ID: @williamspro<br \/>\nor via Whatsapp<br \/>\n<img decoding=\"async\" class=\"size-full wp-image-10162 alignleft\" src=\"https:\/\/ograsmarknad.com\/wp-content\/uploads\/2021\/11\/trust.jpg\" alt=\"Trust German\" width=\"300\" height=\"129\" \/><\/p>","protected":false},"featured_media":7835,"comment_status":"open","ping_status":"closed","template":"","meta":{"_joinchat":[]},"product_cat":[307],"product_tag":[],"_links":{"self":[{"href":"https:\/\/unkrautmarkt.com\/it\/wp-json\/wp\/v2\/product\/7830"}],"collection":[{"href":"https:\/\/unkrautmarkt.com\/it\/wp-json\/wp\/v2\/product"}],"about":[{"href":"https:\/\/unkrautmarkt.com\/it\/wp-json\/wp\/v2\/types\/product"}],"replies":[{"embeddable":true,"href":"https:\/\/unkrautmarkt.com\/it\/wp-json\/wp\/v2\/comments?post=7830"}],"wp:featuredmedia":[{"embeddable":true,"href":"https:\/\/unkrautmarkt.com\/it\/wp-json\/wp\/v2\/media\/7835"}],"wp:attachment":[{"href":"https:\/\/unkrautmarkt.com\/it\/wp-json\/wp\/v2\/media?parent=7830"}],"wp:term":[{"taxonomy":"product_cat","embeddable":true,"href":"https:\/\/unkrautmarkt.com\/it\/wp-json\/wp\/v2\/product_cat?post=7830"},{"taxonomy":"product_tag","embeddable":true,"href":"https:\/\/unkrautmarkt.com\/it\/wp-json\/wp\/v2\/product_tag?post=7830"}],"curies":[{"name":"wp","href":"https:\/\/api.w.org\/{rel}","templated":true}]}}