{"id":7824,"date":"2021-10-28T10:58:14","date_gmt":"2021-10-28T10:58:14","guid":{"rendered":"https:\/\/unkrautmarkt.com\/?post_type=product&#038;p=7824"},"modified":"2026-03-13T09:19:26","modified_gmt":"2026-03-13T09:19:26","slug":"lemon-haze","status":"publish","type":"product","link":"https:\/\/unkrautmarkt.com\/it\/product\/lemon-haze\/","title":{"rendered":"Lemon Haze"},"content":{"rendered":"<h2 style=\"text-align: justify;\">Lemon Haze online<\/h2>\n<p style=\"text-align: justify;\"><a href=\"https:\/\/unkrautmarkt.com\/it\/product\/lemon-haze\/\"><strong>Lemon Haze<\/strong><\/a> \u00e8 una variet\u00e0 originaria della California, profondamente radicata nella cultura della cannabis della costa occidentale. Questo delizioso ibrido a predominanza sativa \u00e8 stato inizialmente creato incrociando Silver Haze e Lemon Skunk. Il suo inconfondibile aroma e sapore acidulo, di limone e pino, unito alla sua natura esilarante e stimolante, lo rendono uno dei preferiti dai fan in tutto il mondo. <strong>Acquista Lemon Haze in Germania<\/strong>, \u00d6sterreich und der Schweiz.<\/p>\n<h3 style=\"text-align: justify;\">Impatto<\/h3>\n<p style=\"text-align: justify;\">I test di laboratorio su questo ibrido impeccabile sono la prova della potenza di questa variet\u00e0. In media, questa variet\u00e0 contiene <strong>15-18%<\/strong> THC, il che \u00e8 piuttosto notevole per un ibrido a predominanza sativa. L'alto contenuto di THC e il basso contenuto di CBD (&lt;1%) di <strong><a href=\"https:\/\/en.wikipedia.org\/wiki\/Super_Lemon_Haze\" rel=\"nofollow noopener\" target=\"_blank\">Lemon Haze<\/a><\/strong> Producono un effetto inebriante e psichedelico, ricco di vibrazioni positive e risate. Gli effetti cerebrali e stimolanti di questa variet\u00e0 la rendono ideale per affrontare ansia, depressione e stress generale della vita quotidiana. Questo la rende un'ottima variet\u00e0 da consumare tutto il giorno, poich\u00e9 favorisce la concentrazione e l'interazione sociale. Le propriet\u00e0 analgesiche o calmanti sono piuttosto deboli, come nella norma per le variet\u00e0 a predominanza sativa.<\/p>\n<h3 style=\"text-align: justify;\">Aspetto e aroma<\/h3>\n<p style=\"text-align: justify;\">La caratteristica pi\u00f9 sorprendente di <a href=\"https:\/\/unkrautmarkt.com\/it\/\">Lemon Haze<\/a> Il profumo seducente ricorda la limonata appena spremuta: l'aroma aspro della scorza di agrumi si fonde con un sottotono dolce e di pino per una fragranza rinfrescante. Le cime coniche sono dense e contengono un'abbondanza di tricomi visibili e pelosi. Una quantit\u00e0 minima di pistilli arancione chiaro si annida ordinatamente tra i fiori verde chiaro e, una volta aperte, le cime rilasciano ancora pi\u00f9 THC.<\/p>\n<h3 style=\"text-align: justify;\">Tipo di altezza<\/h3>\n<p style=\"text-align: justify;\">Questa variet\u00e0 di marijuana induce un'euforia cerebrale edificante seguita da un blocco sul divano. Aumenta l'energia, favorisce le risate e le interazioni sociali. Allevia lo stress, allevia la depressione e la nausea, ha moderate propriet\u00e0 analgesiche, stimola l'appetito.<\/p>\n<h3 style=\"text-align: justify;\">Genetica<\/h3>\n<p style=\"text-align: justify;\">Questa variet\u00e0 di cannabis \u00e8 un incrocio tra Lemon Skunk e Super Silver Haze.<\/p>","protected":false},"excerpt":{"rendered":"<p>For Wholesale please contact us at<br \/>\nWickr ID: @williamspro<br \/>\nor via Whatsapp<br \/>\n<img decoding=\"async\" class=\"size-full wp-image-10162 alignleft\" src=\"https:\/\/ograsmarknad.com\/wp-content\/uploads\/2021\/11\/trust.jpg\" alt=\"Trust German\" width=\"300\" height=\"129\" \/><\/p>","protected":false},"featured_media":7829,"comment_status":"open","ping_status":"closed","template":"","meta":{"_joinchat":[]},"product_cat":[307],"product_tag":[],"_links":{"self":[{"href":"https:\/\/unkrautmarkt.com\/it\/wp-json\/wp\/v2\/product\/7824"}],"collection":[{"href":"https:\/\/unkrautmarkt.com\/it\/wp-json\/wp\/v2\/product"}],"about":[{"href":"https:\/\/unkrautmarkt.com\/it\/wp-json\/wp\/v2\/types\/product"}],"replies":[{"embeddable":true,"href":"https:\/\/unkrautmarkt.com\/it\/wp-json\/wp\/v2\/comments?post=7824"}],"wp:featuredmedia":[{"embeddable":true,"href":"https:\/\/unkrautmarkt.com\/it\/wp-json\/wp\/v2\/media\/7829"}],"wp:attachment":[{"href":"https:\/\/unkrautmarkt.com\/it\/wp-json\/wp\/v2\/media?parent=7824"}],"wp:term":[{"taxonomy":"product_cat","embeddable":true,"href":"https:\/\/unkrautmarkt.com\/it\/wp-json\/wp\/v2\/product_cat?post=7824"},{"taxonomy":"product_tag","embeddable":true,"href":"https:\/\/unkrautmarkt.com\/it\/wp-json\/wp\/v2\/product_tag?post=7824"}],"curies":[{"name":"wp","href":"https:\/\/api.w.org\/{rel}","templated":true}]}}