{"id":7818,"date":"2021-10-28T10:51:46","date_gmt":"2021-10-28T10:51:46","guid":{"rendered":"https:\/\/unkrautmarkt.com\/?post_type=product&#038;p=7818"},"modified":"2026-03-13T09:19:47","modified_gmt":"2026-03-13T09:19:47","slug":"hawaiian-snow","status":"publish","type":"product","link":"https:\/\/unkrautmarkt.com\/it\/product\/hawaiian-snow\/","title":{"rendered":"Neve hawaiana"},"content":{"rendered":"<h2 style=\"text-align: justify;\">Hawaiian Snow online<\/h2>\n<p style=\"text-align: justify;\"><a href=\"https:\/\/unkrautmarkt.com\/it\/\">Neve hawaiana<\/a> \u00c8 una variet\u00e0 Sativa pura che si \u00e8 aggiudicata il primo posto in numerose competizioni ed \u00e8 nota per possedere un contenuto di THC che raggiunge il 24%. A causa dei suoi effetti cerebrali potenti, nebulosi e disorientanti, questa variet\u00e0 viene classificata come Haze.<\/p>\n<p style=\"text-align: justify;\">L'umore sollevato della neve hawaiana \u00e8 spesso accompagnato da energia e creativit\u00e0. Queste ondate di euforia iniziano nella mente e si irradiano fuori per calmare e lenire il corpo. Alcuni consumatori provano un forte senso di fame, mentre altri trovano gli effetti cerebrali intensi e inebrianti. Questa variet\u00e0 ha aromi di pino e floreali. Gli effetti negativi possono essere: tamponi di cotone, occhi secchi, vertigini, paranoia o ansia. Ordinate Hawaiian Snow in Italia, Germania, Austria e Svizzera.<\/p>\n<p style=\"text-align: justify;\"><a href=\"https:\/\/en.wikipedia.org\/wiki\/Cannabis_strain\" rel=\"nofollow noopener\" target=\"_blank\">Neve hawaiana<\/a> \u00e8 ideale per l'uso diurno e viene consigliato soprattutto a chi soffre di stress, ansia e depressione. Tuttavia, gli effetti fisici sono utili anche per alleviare i dolori cronici, come quelli articolari. Il ceppo pu\u00f2 anche ridurre l'infiammazione. I pazienti talvolta la usano per alleviare la nausea e combattere i disturbi alimentari. In misura minore, viene utilizzato per emicrania, glaucoma, mal di testa e insonnia.<\/p>\n<p style=\"text-align: justify;\">La Hawaiian Snow discende completamente dalle Hazes, in particolare dalla Haze pura, dalla Hawaiian Haze e dalla Neville's Haze. La variet\u00e0 \u00e8 stata selezionata da Green House Seeds e pu\u00f2 essere coltivata sia indoor che outdoor. Al chiuso, queste piante fioriscono per un massimo di undici settimane e possono produrre fino a 700 grammi per metro quadro. All'aperto, nell'emisfero meridionale, sono solitamente pronte a giugno. Nell'emisfero settentrionale maturano tra ottobre e novembre e possono produrre fino a 1200 grammi per pianta. <a href=\"https:\/\/unkrautmarkt.com\/it\/\">Unkrautmarkt<\/a><\/p>","protected":false},"excerpt":{"rendered":"<p>For Wholesale please contact us at<br \/>\nWickr ID: @williamspro<br \/>\nor via Whatsapp<br \/>\n<img decoding=\"async\" class=\"size-full wp-image-10162 alignleft\" src=\"https:\/\/ograsmarknad.com\/wp-content\/uploads\/2021\/11\/trust.jpg\" alt=\"Trust German\" width=\"300\" height=\"129\" \/><\/p>","protected":false},"featured_media":7823,"comment_status":"open","ping_status":"closed","template":"","meta":{"_joinchat":[]},"product_cat":[307],"product_tag":[],"_links":{"self":[{"href":"https:\/\/unkrautmarkt.com\/it\/wp-json\/wp\/v2\/product\/7818"}],"collection":[{"href":"https:\/\/unkrautmarkt.com\/it\/wp-json\/wp\/v2\/product"}],"about":[{"href":"https:\/\/unkrautmarkt.com\/it\/wp-json\/wp\/v2\/types\/product"}],"replies":[{"embeddable":true,"href":"https:\/\/unkrautmarkt.com\/it\/wp-json\/wp\/v2\/comments?post=7818"}],"wp:featuredmedia":[{"embeddable":true,"href":"https:\/\/unkrautmarkt.com\/it\/wp-json\/wp\/v2\/media\/7823"}],"wp:attachment":[{"href":"https:\/\/unkrautmarkt.com\/it\/wp-json\/wp\/v2\/media?parent=7818"}],"wp:term":[{"taxonomy":"product_cat","embeddable":true,"href":"https:\/\/unkrautmarkt.com\/it\/wp-json\/wp\/v2\/product_cat?post=7818"},{"taxonomy":"product_tag","embeddable":true,"href":"https:\/\/unkrautmarkt.com\/it\/wp-json\/wp\/v2\/product_tag?post=7818"}],"curies":[{"name":"wp","href":"https:\/\/api.w.org\/{rel}","templated":true}]}}