{"id":7812,"date":"2021-10-28T10:34:02","date_gmt":"2021-10-28T10:34:02","guid":{"rendered":"https:\/\/unkrautmarkt.com\/?post_type=product&#038;p=7812"},"modified":"2026-03-12T06:24:02","modified_gmt":"2026-03-12T06:24:02","slug":"ghost-train-haze","status":"publish","type":"product","link":"https:\/\/unkrautmarkt.com\/it\/product\/ghost-train-haze\/","title":{"rendered":"Ghost Train Haze"},"content":{"rendered":"<h2 style=\"text-align: justify;\">Acquista Ghost Train Haze online<\/h2>\n<p style=\"text-align: justify;\"><a href=\"https:\/\/unkrautmarkt.com\/it\/product\/ghost-train-haze\/\"><strong>Acquista Ghost Train Haze in Germania<\/strong><\/a>Austria, Svizzera, \u00e8 una leggendaria variet\u00e0 di cannabis ibrida a predominanza sativa creata da Rare Dankness. Ghost Train Haze \u00e8 un incrocio tra Neville's Wreck e Ghost OG. Le cime verde chiaro di Ghost Train Haze Nuggets sono spesse e dense, ricche di tricomi e ricoperte di peli arancione chiaro. Questa si apre in una nuova finestra. Un magistrale incrocio genetico delle variet\u00e0 parentali. <strong>Ghost OG (ibrido)<\/strong> E Nevil\u2019s Wreck (Sativa) \u00e8 la Ghost Train Haze, una meraviglia della marijuana estremamente potente, nota per essere una delle variet\u00e0 pi\u00f9 forti al mondo e per avere un contenuto medio di THC del 28%.<\/p>\n<p style=\"text-align: justify;\"><strong>Acquista Ghost Train Haze<\/strong>\u00c8 un ibrido a predominanza sativa facile da coltivare e produce grandi quantit\u00e0 di cime zuccherine e ricche di tricomi durante un periodo di fioritura di 65-80 giorni. Ghost Train Haze ha un tocco aspro e agrumato simile al suo aroma. \u00c8 leggermente aspro all'inizio, seguito da sapori terrosi e speziati che ricordano la sua genetica Haze. Ghost Train Haze \u00e8 un leggendario ibrido di cannabis a predominanza sativa creato da Rare Dankness. L'aroma di Ghost Train Haze \u00e8 dolce e di pino, con sentori di agrumi, limone e spezie. Anche aprendo una cima si sprigiona un forte profumo di haze che permea la stanza. Questa si apre in una nuova finestra. Un magistrale incrocio genetico delle variet\u00e0 parentali Ghost OG (ibrido) e Nevil's Wreck (sativa), Ghost Train Haze \u00e8 una meraviglia di marijuana estremamente potente, nota per essere una delle pi\u00f9 forti al mondo e vantare un contenuto medio di THC del 28%. La marijuana Sour Diesel \u00e8 classificata come una variet\u00e0 di marijuana sativa, con pochissimi tratti indica nella sua personalit\u00e0 e un rapporto del 90% sativa e del 10% indica. <a href=\"https:\/\/unkrautmarkt.com\/it\/\"><strong>Unkrautmarkt<\/strong><\/a><\/p>\n<h3>Ghost Train Haze<\/h3>\n<p>Voglia di paura? Questa variet\u00e0 \u00e8 perfetta per il tuo film horror preferito! Ghost Train Haze (GTH), sviluppata da Rare Dankness, \u00e8 un ibrido a predominanza sativa di Neville's Wreck e Ghost OG. <strong><a href=\"https:\/\/en.wikipedia.org\/wiki\/Cannabis_strain\" rel=\"nofollow noopener\" target=\"_blank\">Ghost Train Haze \u00e8 disponibile<\/a>.<\/strong><\/p>\n<p><strong>Ghost Train Haze<\/strong> \u00e8 una vera leggenda della cannabis: ha vinto il primo premio nella categoria Sativa all'High Times Cannabis Cup nel 2014, \u00e8 arrivata seconda nella categoria \"Miglior Sativa Terapeutica\" nel 2013 e ha ricevuto pi\u00f9 volte il premio \"Ceppia pi\u00f9 Forte del Mondo\" da High Times. Con un contenuto medio di THC del 27%, non \u00e8 adatta ai deboli di cuore!<br \/>\nIl suo potente effetto \u2014 unito agli aromi dolci e frizzanti del limone e al profumo fresco del pino \u2014 garantisce buonumore, energia, risate e pura gioia di vivere. Ti sembra allettante? Allora, che aspetti?<\/p>","protected":false},"excerpt":{"rendered":"<p>For Wholesale please contact us at<br \/>\nWickr ID: @williamspro<br \/>\nor via Whatsapp<br \/>\n<img decoding=\"async\" class=\"size-full wp-image-10162 alignleft\" src=\"https:\/\/ograsmarknad.com\/wp-content\/uploads\/2021\/11\/trust.jpg\" alt=\"Trust German\" width=\"300\" height=\"129\" \/><\/p>","protected":false},"featured_media":7817,"comment_status":"open","ping_status":"closed","template":"","meta":{"_joinchat":[]},"product_cat":[307],"product_tag":[],"_links":{"self":[{"href":"https:\/\/unkrautmarkt.com\/it\/wp-json\/wp\/v2\/product\/7812"}],"collection":[{"href":"https:\/\/unkrautmarkt.com\/it\/wp-json\/wp\/v2\/product"}],"about":[{"href":"https:\/\/unkrautmarkt.com\/it\/wp-json\/wp\/v2\/types\/product"}],"replies":[{"embeddable":true,"href":"https:\/\/unkrautmarkt.com\/it\/wp-json\/wp\/v2\/comments?post=7812"}],"wp:featuredmedia":[{"embeddable":true,"href":"https:\/\/unkrautmarkt.com\/it\/wp-json\/wp\/v2\/media\/7817"}],"wp:attachment":[{"href":"https:\/\/unkrautmarkt.com\/it\/wp-json\/wp\/v2\/media?parent=7812"}],"wp:term":[{"taxonomy":"product_cat","embeddable":true,"href":"https:\/\/unkrautmarkt.com\/it\/wp-json\/wp\/v2\/product_cat?post=7812"},{"taxonomy":"product_tag","embeddable":true,"href":"https:\/\/unkrautmarkt.com\/it\/wp-json\/wp\/v2\/product_tag?post=7812"}],"curies":[{"name":"wp","href":"https:\/\/api.w.org\/{rel}","templated":true}]}}