{"id":7806,"date":"2021-10-28T10:27:45","date_gmt":"2021-10-28T10:27:45","guid":{"rendered":"https:\/\/unkrautmarkt.com\/?post_type=product&#038;p=7806"},"modified":"2026-03-12T06:24:30","modified_gmt":"2026-03-12T06:24:30","slug":"cinex","status":"publish","type":"product","link":"https:\/\/unkrautmarkt.com\/it\/product\/cinex\/","title":{"rendered":"Cinex"},"content":{"rendered":"<h2 style=\"text-align: justify;\">Acquista Cinex online<\/h2>\n<p style=\"text-align: justify;\"><strong>Cinex<\/strong>, un ibrido di Cinderella 99 e Vortex, offre inizialmente una miscela di sapori che spaziano dal dolce agli agrumi al terroso skunk. Inoltre, gli effetti sono chiari e stimolanti, perfetti per stabilire una mentalit\u00e0 positiva e stimolare l'energia creativa. I consumatori apprezzano Cinex per la sua capacit\u00e0 di sopprimere dolore e depressione.<\/p>\n<h3 style=\"text-align: justify;\">Inoltre, effetto(i)<\/h3>\n<p style=\"text-align: justify;\">Primo, Cerebrale<br \/>\nCreatief<br \/>\nEnergiczny<br \/>\neuforie<br \/>\nSkupiony<br \/>\nVrolijk<br \/>\nSchmerzlinderung<br \/>\nRilassato<br \/>\nSozial<br \/>\nGespr\u00e4chig<br \/>\n<a href=\"https:\/\/unkrautmarkt.com\/it\/product\/cinex\/\">Ultimo ma non meno importante, edificante<\/a><\/p>\n<h3>Sapori<\/h3>\n<p>Citrusvruchten<br \/>\nZiemisty<br \/>\nStinkdier<br \/>\nS\u0142odki<\/p>\n<h3 style=\"text-align: justify;\">Cannabis sativa<\/h3>\n<p style=\"text-align: justify;\">In sintesi, le piante di *Cannabis sativa* sono l'opposto delle variet\u00e0 Indica: crescono alte e slanciate, con foglie strette. Le piante Sativa presentano generalmente anche una tonalit\u00e0 di verde pi\u00f9 chiara rispetto alla loro controparte, la variet\u00e0 Indica. Inoltre, le variet\u00e0 Sativa richiedono pi\u00f9 tempo per crescere e maturare, e necessitano di una maggiore quantit\u00e0 di luce. I farmaci derivati \u200b\u200bdalle piante di *Cannabis sativa* hanno un contenuto di CBD inferiore e un contenuto di THC superiore. <strong>Acquista la variet\u00e0 Cinex online (Italia)<\/strong>, Svizzera, Austria!<\/p>\n<p style=\"text-align: justify;\">In sintesi, le piante di *Cannabis sativa* sono l'opposto delle variet\u00e0 Indica: crescono alte e slanciate, con foglie strette. Le piante Sativa presentano generalmente anche una tonalit\u00e0 di verde pi\u00f9 chiara rispetto alla loro controparte, la variet\u00e0 Indica. Inoltre, le variet\u00e0 Sativa richiedono pi\u00f9 tempo per crescere e maturare, e necessitano di una maggiore quantit\u00e0 di luce. I farmaci derivati \u200b\u200bdalle piante di *Cannabis sativa* hanno un contenuto di CBD inferiore e un contenuto di THC superiore. <a href=\"https:\/\/en.wikipedia.org\/wiki\/Cannabis_strain\" rel=\"nofollow noopener\" target=\"_blank\"><strong>Acquista Cinex<\/strong><\/a><\/p>\n<p style=\"text-align: justify;\">Le qualit\u00e0 pi\u00f9 importanti delle variet\u00e0 sativa medicinali includono: Acquista Cinex in Germania, Svizzera, Austria<\/p>\n<p style=\"text-align: justify;\">Pierwszy,<br \/>\nAnti-Angst<br \/>\nAntidepressivum<br \/>\nLeczy przewlek\u0142y b\u00f3l<br \/>\nAumenta la concentrazione e la creativit\u00e0.<br \/>\nAumenta la serotonina (un neurotrasmettitore coinvolto nella regolazione dell'apprendimento, dell'umore, del sonno, dell'ansia e dell'appetito).<br \/>\nInfine, per l'uso quotidiano.<\/p>\n<h3 style=\"text-align: justify;\">Acquista la variet\u00e0 Cinex online<\/h3>\n<p style=\"text-align: justify;\"><a href=\"https:\/\/unkrautmarkt.com\/it\/\"><strong>Piante di cannabis Sativa<\/strong><\/a> Presentano foglie pi\u00f9 sottili e cicli di fioritura pi\u00f9 lunghi rispetto alle loro controparti Indica. Sono inoltre pi\u00f9 alte: alcune Sativa possono raggiungere i 25 piedi di altezza, sebbene la maggior parte rimanga al di sotto dei 12 piedi. <strong>Acquista la variet\u00e0 Cinex online \u2014 Italia, Svizzera, Austria!<\/strong><\/p>","protected":false},"excerpt":{"rendered":"<p>For Wholesale please contact us at<br \/>\nWickr ID: @williamspro<br \/>\nor via Whatsapp<br \/>\n<img decoding=\"async\" class=\"size-full wp-image-10162 alignleft\" src=\"https:\/\/ograsmarknad.com\/wp-content\/uploads\/2021\/11\/trust.jpg\" alt=\"Trust German\" width=\"300\" height=\"129\" \/><\/p>","protected":false},"featured_media":7811,"comment_status":"open","ping_status":"closed","template":"","meta":{"_joinchat":[]},"product_cat":[307],"product_tag":[],"_links":{"self":[{"href":"https:\/\/unkrautmarkt.com\/it\/wp-json\/wp\/v2\/product\/7806"}],"collection":[{"href":"https:\/\/unkrautmarkt.com\/it\/wp-json\/wp\/v2\/product"}],"about":[{"href":"https:\/\/unkrautmarkt.com\/it\/wp-json\/wp\/v2\/types\/product"}],"replies":[{"embeddable":true,"href":"https:\/\/unkrautmarkt.com\/it\/wp-json\/wp\/v2\/comments?post=7806"}],"wp:featuredmedia":[{"embeddable":true,"href":"https:\/\/unkrautmarkt.com\/it\/wp-json\/wp\/v2\/media\/7811"}],"wp:attachment":[{"href":"https:\/\/unkrautmarkt.com\/it\/wp-json\/wp\/v2\/media?parent=7806"}],"wp:term":[{"taxonomy":"product_cat","embeddable":true,"href":"https:\/\/unkrautmarkt.com\/it\/wp-json\/wp\/v2\/product_cat?post=7806"},{"taxonomy":"product_tag","embeddable":true,"href":"https:\/\/unkrautmarkt.com\/it\/wp-json\/wp\/v2\/product_tag?post=7806"}],"curies":[{"name":"wp","href":"https:\/\/api.w.org\/{rel}","templated":true}]}}