{"id":7800,"date":"2021-10-28T09:11:17","date_gmt":"2021-10-28T09:11:17","guid":{"rendered":"https:\/\/unkrautmarkt.com\/?post_type=product&#038;p=7800"},"modified":"2026-03-12T06:24:51","modified_gmt":"2026-03-12T06:24:51","slug":"cherry-pie","status":"publish","type":"product","link":"https:\/\/unkrautmarkt.com\/it\/product\/cherry-pie\/","title":{"rendered":"Cherry Pie"},"content":{"rendered":"<h2 style=\"text-align: justify;\">Cherry Pie Strain<\/h2>\n<p style=\"text-align: justify;\">Innanzitutto, \u00e8 <a href=\"https:\/\/unkrautmarkt.com\/it\/product\/cherry-pie\/\"><strong>Acquista Cherry Pie online (Italiano)<\/strong><\/a>In Austria e in Svizzera, si tratta di un ibrido a forte dominanza Indica (fino all'80%) \u2014 un incrocio tra Durban Poison e Granddaddy Purple. Con genitori di tale calibro, ci si aspetterebbe che questa variet\u00e0 sia di qualit\u00e0 eccellente; e, se acquistata dalla fonte giusta, non rimarrete delusi.<\/p>\n<p style=\"text-align: justify;\">Cherry Kush ha una leggera peluria arancione, una gemma spessa e un profumo difficile da sbagliare. L'aspetto \u00e8 fantastico, con un centro verde scuro circondato da una fitta peluria marrone e ricoperto di cristalli. Quando si rompe un bocciolo, si possono vedere nuovi cristalli che brillano alla luce. <a href=\"https:\/\/en.wikipedia.org\/wiki\/Cannabis_strain\" rel=\"nofollow noopener\" target=\"_blank\">Wikipedia<\/a><\/p>\n<h3 style=\"text-align: justify;\">Sorteninfo \u2013 Cherry Pie<\/h3>\n<p style=\"text-align: justify;\">In secondo luogo. Acquista online la Cherry Pie, un ibrido a dominanza indica di Grand Daddy Purple e Durban Poison. Anche se \u00e8 difficile trovare la versione autentica di questa particolare variet\u00e0 di marijuana medica. Non sar\u00e0 sicuramente difficile credere che questa sia la migliore variet\u00e0. Nella sua composizione strutturale, ha cime dense con peli arancioni e mostra una leggera tonalit\u00e0 viola. Ispirato al nome di questa variet\u00e0 di marijuana medica Buy Cherry Pie in Germania, Austria e Svizzera, l'aroma \u00e8 quello della torta di ciliegie. Viene utilizzato soprattutto dai pazienti che soffrono di sintomi evidenti di PTSD, ansia, disturbo bipolare, emicrania e altre sindromi da stress.<\/p>\n<p style=\"text-align: justify;\">Sebbene il suo utilizzo da parte dei pazienti possa causare secchezza oculare e orale, contribuisce indubbiamente a intensificare l'euforia, a rilassare sia il corpo che la mente, a sollevare l'umore e ad acuire la concentrazione. Per i pazienti che cercano specificamente un rimedio per alleviare la rigidit\u00e0 muscolare e i disagi a essa associati, questa variet\u00e0 pu\u00f2 rivelarsi senza dubbio una vera e propria salvezza. In sintesi, essa rappresenta la tipologia d'eccellenza tra le variet\u00e0 di marijuana a scopo terapeutico: una variet\u00e0 che i pazienti prediligono sopra ogni altra. Essa allevia i sintomi sopra citati nel modo pi\u00f9 rilassante possibile e, sebbene i suoi effetti sedativi possano occasionalmente causare lievi irritazioni, il suo valore terapeutico rimane innegabile. <a href=\"https:\/\/unkrautmarkt.com\/it\/p\/\"><strong>Cherry Pie<\/strong><\/a> Acquista online in Germania, Austria e Svizzera!<\/p>","protected":false},"excerpt":{"rendered":"<p>For Wholesale please contact us at<br \/>\nWickr ID: @williamspro<br \/>\nor via Whatsapp<br \/>\n<img decoding=\"async\" class=\"size-full wp-image-10162 alignleft\" src=\"https:\/\/ograsmarknad.com\/wp-content\/uploads\/2021\/11\/trust.jpg\" alt=\"Trust German\" width=\"300\" height=\"129\" \/><\/p>","protected":false},"featured_media":7805,"comment_status":"open","ping_status":"closed","template":"","meta":{"_joinchat":[]},"product_cat":[307],"product_tag":[],"_links":{"self":[{"href":"https:\/\/unkrautmarkt.com\/it\/wp-json\/wp\/v2\/product\/7800"}],"collection":[{"href":"https:\/\/unkrautmarkt.com\/it\/wp-json\/wp\/v2\/product"}],"about":[{"href":"https:\/\/unkrautmarkt.com\/it\/wp-json\/wp\/v2\/types\/product"}],"replies":[{"embeddable":true,"href":"https:\/\/unkrautmarkt.com\/it\/wp-json\/wp\/v2\/comments?post=7800"}],"wp:featuredmedia":[{"embeddable":true,"href":"https:\/\/unkrautmarkt.com\/it\/wp-json\/wp\/v2\/media\/7805"}],"wp:attachment":[{"href":"https:\/\/unkrautmarkt.com\/it\/wp-json\/wp\/v2\/media?parent=7800"}],"wp:term":[{"taxonomy":"product_cat","embeddable":true,"href":"https:\/\/unkrautmarkt.com\/it\/wp-json\/wp\/v2\/product_cat?post=7800"},{"taxonomy":"product_tag","embeddable":true,"href":"https:\/\/unkrautmarkt.com\/it\/wp-json\/wp\/v2\/product_tag?post=7800"}],"curies":[{"name":"wp","href":"https:\/\/api.w.org\/{rel}","templated":true}]}}