{"id":7794,"date":"2021-10-28T08:55:56","date_gmt":"2021-10-28T08:55:56","guid":{"rendered":"https:\/\/unkrautmarkt.com\/?post_type=product&#038;p=7794"},"modified":"2026-03-12T06:24:59","modified_gmt":"2026-03-12T06:24:59","slug":"blueberry-kush","status":"publish","type":"product","link":"https:\/\/unkrautmarkt.com\/it\/product\/blueberry-kush\/","title":{"rendered":"Blueberry Kush"},"content":{"rendered":"<h2 style=\"text-align: justify;\">Blueberry Kush online<\/h2>\n<p style=\"text-align: justify;\"><a href=\"https:\/\/en.wikipedia.org\/wiki\/Cannabis_(drug)\" rel=\"nofollow noopener\" target=\"_blank\"><strong>Blueberry Kush:<\/strong><\/a> Questa miscela proveniente dalla costa occidentale, che unisce le propriet\u00e0 terapeutiche della Blueberry alla popolare OG Kush, offre effetti profondamente calmanti e a predominanza indica, in grado di alleviare anche l'insonnia pi\u00f9 ostinata e di lenire il dolore pi\u00f9 intenso. Con i semi di cannabis Blueberry Kush di Growers Choice, puoi alleviare il dolore con un'alternativa completamente naturale agli oppioidi e ai sonniferi che ti hanno tenuto sveglio.<\/p>\n<h3 style=\"text-align: justify;\">Genitori del Blueberry<\/h3>\n<p style=\"text-align: justify;\">Afg \u2013 Indica afghana<\/p>\n<p style=\"text-align: justify;\">Tha \u2013 Thai-Sativa<\/p>\n<p style=\"text-align: justify;\">Pth \u2013 Lila Thai Sativa<\/p>\n<h3 style=\"text-align: justify;\">Quali sono gli effetti?<\/h3>\n<p style=\"text-align: justify;\">Blueberry Kush vi far\u00e0 sentire felici e rilassati, e un po' euforici, prima di addormentarvi. Grazie agli effetti curativi del CBD e alla miscela unica di altri cannabinoidi indica, la cannabis Blueberry Kush pu\u00f2 alleviare la depressione e ridurre stress e tensione. La moderata euforia di questa variet\u00e0 non dovrebbe scoraggiare chi cerca cure mediche, poich\u00e9 il sonno seguir\u00e0 rapidamente.<\/p>\n<h3 style=\"text-align: justify;\">Applicazioni mediche<\/h3>\n<p style=\"text-align: justify;\">I pazienti hanno avuto grande successo usando i semi di cannabis Blueberry Kush per trattare ansia ed emicrania, nausea, disturbi dell'umore e condizioni come l'ADHD. I sintomi della chemioterapia possono essere aggrediti da quest'erba fruttata, e alcuni trovano che i moderati livelli di CBD contrastino le convulsioni e le crisi epilettiche.<\/p>\n<h3 style=\"text-align: justify;\">Acquistare Blueberry Kush in Italia, Germania, Austria, Svizzera<\/h3>\n<p style=\"text-align: justify;\">Una volta germinati i vostri semi di cannabis Blueberry Kush, dovreste vedere piante di medie dimensioni. Richiedono un po' di know-how per una coltivazione di successo. Un periodo di fioritura di sei-nove settimane dovrebbe portare a un raccolto moderato di cime resinose - fino a 400 grammi per metro quadro se coltivate indoor.<\/p>\n<p style=\"text-align: justify;\">A temperature ideali, si possono ottenere fino a 600 grammi per pianta all'aperto. A seconda delle condizioni, \u00e8 possibile ottenere rese inferiori, ma questa variet\u00e0 medicinale superiore non viene generalmente coltivata per il suo enorme raccolto; piuttosto, i pazienti che coltivano in casa sono alla ricerca dei suoi potenti effetti.<\/p>\n<p style=\"text-align: justify;\">Bei <strong><a href=\"https:\/\/unkrautmarkt.com\/it\/product\/blueberry-kush\/\">Unkrautmarkt.com<\/a><\/strong> vendiamo solo i prodotti migliori. I nostri semi di cannabis Blueberry Kush sono solo un altro esempio del nostro impegno per la qualit\u00e0. Testati in laboratorio per la genetica e selezionati a mano prima della consegna, i nostri semi di cannabis Blueberry Kush sono confezionati in fiale di vetro per uso medico. In questo modo si garantisce che i semi rimangano freschi e vitali il pi\u00f9 a lungo possibile.<\/p>\n<p style=\"text-align: justify;\">Ogni ordine \u00e8 coperto dalla nostra garanzia di germinazione al 90%. Per qualsiasi domanda su questo prodotto di alta qualit\u00e0, non esitate a contattare il nostro team di assistenza, sempre disponibile e competente. <a href=\"https:\/\/unkrautmarkt.com\/it\/\"><strong>Bestellen Sie noch heute Blueberry Kush<\/strong><\/a> Hanfsamen.<\/p>\n<p style=\"text-align: justify;\">Se desiderate acquistare questi prodotti, effettuate un ordine. Il nostro team vi servir\u00e0 a domicilio. Visitate anche i nostri altri prodotti.<\/p>","protected":false},"excerpt":{"rendered":"<p>For Wholesale please contact us at<br \/>\nWickr ID: @williamspro<br \/>\nor via Whatsapp<br \/>\n<img decoding=\"async\" class=\"size-full wp-image-10162 alignleft\" src=\"https:\/\/ograsmarknad.com\/wp-content\/uploads\/2021\/11\/trust.jpg\" alt=\"Trust German\" width=\"300\" height=\"129\" \/><\/p>","protected":false},"featured_media":7799,"comment_status":"open","ping_status":"closed","template":"","meta":{"_joinchat":[]},"product_cat":[307],"product_tag":[],"_links":{"self":[{"href":"https:\/\/unkrautmarkt.com\/it\/wp-json\/wp\/v2\/product\/7794"}],"collection":[{"href":"https:\/\/unkrautmarkt.com\/it\/wp-json\/wp\/v2\/product"}],"about":[{"href":"https:\/\/unkrautmarkt.com\/it\/wp-json\/wp\/v2\/types\/product"}],"replies":[{"embeddable":true,"href":"https:\/\/unkrautmarkt.com\/it\/wp-json\/wp\/v2\/comments?post=7794"}],"wp:featuredmedia":[{"embeddable":true,"href":"https:\/\/unkrautmarkt.com\/it\/wp-json\/wp\/v2\/media\/7799"}],"wp:attachment":[{"href":"https:\/\/unkrautmarkt.com\/it\/wp-json\/wp\/v2\/media?parent=7794"}],"wp:term":[{"taxonomy":"product_cat","embeddable":true,"href":"https:\/\/unkrautmarkt.com\/it\/wp-json\/wp\/v2\/product_cat?post=7794"},{"taxonomy":"product_tag","embeddable":true,"href":"https:\/\/unkrautmarkt.com\/it\/wp-json\/wp\/v2\/product_tag?post=7794"}],"curies":[{"name":"wp","href":"https:\/\/api.w.org\/{rel}","templated":true}]}}