{"id":5568,"date":"2018-11-05T22:21:36","date_gmt":"2018-11-05T22:21:36","guid":{"rendered":"https:\/\/unkrautmarkt.com\/?post_type=product&#038;p=5568"},"modified":"2026-03-12T06:25:17","modified_gmt":"2026-03-12T06:25:17","slug":"banana-kush","status":"publish","type":"product","link":"https:\/\/unkrautmarkt.com\/it\/product\/banana-kush\/","title":{"rendered":"Banana Kush"},"content":{"rendered":"<h2 style=\"text-align: justify;\">Banana Kush Strain online<\/h2>\n<p style=\"text-align: justify;\">La variet\u00e0 Banana Kush \u00e8 una nuova variet\u00e0 rilasciata qualche mese fa. Questa variet\u00e0 sta diventando sempre pi\u00f9 popolare e amata da molti.<\/p>\n<p style=\"text-align: justify;\">Si tratta di una variet\u00e0 a leggera dominanza sativa (60% sativa\/40% indica). Il nome lo dice perch\u00e9<\/p>\n<p style=\"text-align: justify;\">il suo aroma e il suo gusto fruttato e dolciastro sono davvero una delizia per i sensi. La Banana Kush fa fremere le vostre papille gustative mentre vi trascina nel relax che vi meritate. Quindi, acquistare Banana Kush Europa, erba Banana Kush, contenuto di THC di Banana Kush. . <a href=\"https:\/\/unkrautmarkt.com\/it\/product\/banana-kush\/\"><strong>Banana Kush Strain online<\/strong><\/a><\/p>\n<h3 style=\"text-align: justify;\">Aspetto<\/h3>\n<p style=\"text-align: justify;\">Questa variet\u00e0 rimane fedele alla sua eredit\u00e0 ed \u00e8 famosa per il suo aroma fruttato e simile a quello dei dolci. Anche se la Banana Kush assume una struttura densa. \u00c8 rappresentativo del suo lignaggio parentale, pur emanando un aroma tutto suo. Quindi, acquistare Banana Weed online, acquistare Banana Kush Germania, ordinare Banana Kush online Austria, acquistare Banana Strain Svizzera.<\/p>\n<h3 style=\"text-align: justify;\">Effetti della Banana Kush<\/h3>\n<p style=\"text-align: justify;\">Il suo gusto seducente si basa sulle mele e su una nota di sapore fruttato, dolce e caramelloso. Vi dar\u00e0 sicuramente un forte sballo che rilasser\u00e0 ogni parte dei vostri muscoli. Quindi meglio consumare quest'erba<\/p>\n<p style=\"text-align: justify;\">nei giorni di pigrizia e dopo una giornata intensa. Pu\u00f2 persino farvi entrare in uno stato di \"couch-lock\". Pertanto, \u00e8 possibile cercare Banana Weed in vendita in Germania. Per saperne di pi\u00f9 su questa variet\u00e0. Inoltre, la gente spesso chiede se la Banana Kush \u00e8 Sativa o Indica.<\/p>\n<h3 style=\"text-align: justify;\">Vantaggi medici<\/h3>\n<p style=\"text-align: justify;\">Dal punto di vista medico, la Banana Kush \u00e8 nota per aiutare a risolvere intensi problemi di sonno. Il Banana Kush \u00e8 anche noto per essere molto utile nel trattamento della depressione. La depressione \u00e8 abbastanza comune senza che la maggior parte delle persone sappia di averla. Pertanto, solo i professionisti del settore medico possono individuare questa variet\u00e0 di Banana Kush. Inoltre, la Banana Kush \u00e8 nota per essere perfetta nel trattamento del cancro e di molte altre malattie. Acquistare Banana Kush in Austria.<\/p>\n<p style=\"text-align: justify;\">I termini di ricerca pi\u00f9 comuni per questa variet\u00e0 sono Banana Strain Review, Comprare Banana Kush in vendita Europa, Banana erba in vendita. Si pu\u00f2 anche cercare Banana Kush vendita Svizzera, Banana Kush erba vendita Germania, Banana Kush erba vendita Austria.<\/p>\n<h3>Perch\u00e9 dovresti acquistare Banana Kush online da noi?<\/h3>\n<p>In qualit\u00e0 di rivenditore online leader di cannabis, diamo il massimo valore alla qualit\u00e0 senza pari, alla discrezione assoluta e all'eccellente servizio clienti. Se <a href=\"https:\/\/en.wikipedia.org\/wiki\/Kush_(cannabis)\" rel=\"nofollow noopener\" target=\"_blank\"><strong>Ordina Banana Kush online da noi<\/strong><\/a>, ti garantiamo:<\/p>\n<p><strong>Qualit\u00e0 premium:<\/strong> Ci riforniamo delle nostre variet\u00e0 da produttori riconosciuti, cos\u00ec riceverai solo la migliore cannabis testata in laboratorio.<br \/>\n<strong>Spedizione discreta:<\/strong> Il tuo ordine verr\u00e0 imballato e spedito con la massima discrezione e sicurezza, in tutto il mondo.<br \/>\nOltre alla Banana Kush, da noi troverete anche un'ampia selezione di variet\u00e0 di cannabis, prodotti commestibili, concentrati e accessori.<br \/>\n<strong>Assistenza clienti:<\/strong> Il nostro personale competente sar\u00e0 lieto di rispondere alle vostre domande e di guidarvi attraverso l'intero processo di ordinazione.<\/p>\n<p><strong>* Comodit\u00e0:<\/strong> Ordina cannabis di alta qualit\u00e0 comodamente da casa tua ed evita le code.<\/p>\n<p>Non perdere l'opportunit\u00e0 di provare gli effetti rinvigorenti e aromatici della Banana Kush. <strong>Vuoi acquistare Banana Kush online?<\/strong>Assicuratevi di trovare un fornitore affidabile. Ordinate oggi stesso e scoprite di persona perch\u00e9. <a href=\"https:\/\/unkrautmarkt.com\/it\/\"><strong>unkrautmark.com<\/strong><\/a> Siamo la scelta migliore per la cannabis di alta qualit\u00e0. Offriamo ai nostri clienti in tutto il mondo un modo sicuro, affidabile e piacevole per acquistare cannabis online.<\/p>","protected":false},"excerpt":{"rendered":"<p>For Wholesale please contact us at<br \/>\nWickr ID: @williamspro<br \/>\nor via Whatsapp<br \/>\n<img decoding=\"async\" class=\"size-full wp-image-10162 alignleft\" src=\"https:\/\/ograsmarknad.com\/wp-content\/uploads\/2021\/11\/trust.jpg\" alt=\"Trust German\" width=\"300\" height=\"129\" \/><\/p>","protected":false},"featured_media":7793,"comment_status":"open","ping_status":"closed","template":"","meta":{"_joinchat":[]},"product_cat":[307],"product_tag":[],"_links":{"self":[{"href":"https:\/\/unkrautmarkt.com\/it\/wp-json\/wp\/v2\/product\/5568"}],"collection":[{"href":"https:\/\/unkrautmarkt.com\/it\/wp-json\/wp\/v2\/product"}],"about":[{"href":"https:\/\/unkrautmarkt.com\/it\/wp-json\/wp\/v2\/types\/product"}],"replies":[{"embeddable":true,"href":"https:\/\/unkrautmarkt.com\/it\/wp-json\/wp\/v2\/comments?post=5568"}],"wp:featuredmedia":[{"embeddable":true,"href":"https:\/\/unkrautmarkt.com\/it\/wp-json\/wp\/v2\/media\/7793"}],"wp:attachment":[{"href":"https:\/\/unkrautmarkt.com\/it\/wp-json\/wp\/v2\/media?parent=5568"}],"wp:term":[{"taxonomy":"product_cat","embeddable":true,"href":"https:\/\/unkrautmarkt.com\/it\/wp-json\/wp\/v2\/product_cat?post=5568"},{"taxonomy":"product_tag","embeddable":true,"href":"https:\/\/unkrautmarkt.com\/it\/wp-json\/wp\/v2\/product_tag?post=5568"}],"curies":[{"name":"wp","href":"https:\/\/api.w.org\/{rel}","templated":true}]}}