{"id":8745,"date":"2022-12-14T10:07:34","date_gmt":"2022-12-14T10:07:34","guid":{"rendered":"https:\/\/unkrautmarkt.com\/?page_id=8745"},"modified":"2024-12-31T05:56:58","modified_gmt":"2024-12-31T05:56:58","slug":"wie-man-cannabis-online-bestellt","status":"publish","type":"page","link":"https:\/\/unkrautmarkt.com\/it\/come-ordinare-la-cannabis-online\/","title":{"rendered":"Come ordinare cannabis online 2024"},"content":{"rendered":"<h2>Come ordinare da UnkrautMarkt \/ Come ordinare cannabis online 2024<\/h2>\n<p>Come ordinare cannabis online 2024, Abbiamo lavorato duramente per semplificare il pi\u00f9 possibile il processo di ordinazione sul nostro sito web. Per questo motivo, i clienti possono completare i loro ordini in meno di un minuto.<\/p>\n<p>Di seguito sono elencate le semplici procedure per effettuare efficacemente l'ordine.<\/p>\n<p>Fase 1: selezionare la categoria di prodotti desiderata. Basta cliccare sulla pagina del negozio per vedere tutto ci\u00f2 che il negozio ha da offrire.<\/p>\n<p>Fase 2: Trovare l'articolo che si desidera acquistare nella pagina del negozio e fare clic su di esso per visualizzare altre opzioni.<\/p>\n<p>Fase 3: selezionare la quantit\u00e0 desiderata, aggiungerla al carrello e passare alla pagina di pagamento. Se si desidera aggiungere altri prodotti al carrello, ripetere i passaggi 1 e 2.<\/p>\n<p>Fase 4: nella pagina di pagamento, inserire l'indirizzo di fatturazione e di spedizione. Dopo aver fornito le informazioni richieste, \u00e8 necessario accettare i termini e le condizioni.<\/p>\n<p>Fase 5: nella schermata di checkout, selezionare il metodo di pagamento e fare clic sul pulsante per completare l'ordine.<\/p>\n<p>Fase 6: Dopo aver effettuato l'ordine, controllare l'e-mail perch\u00e9 subito dopo verranno inviate le istruzioni per il pagamento. Rimangono solo due passaggi: effettuare il pagamento e rispondere all'e-mail con le informazioni sul pagamento.<a href=\"https:\/\/en.wikipedia.org\/wiki\/Weed_control\" rel=\"nofollow noopener\" target=\"_blank\">.<\/a><\/p>\n<p>L'ordine non verr\u00e0 spedito se il pagamento non \u00e8 stato effettuato dopo aver cliccato sul pulsante \"Ordina\".<a href=\"https:\/\/unkrautmarkt.com\/it\/\">.<\/a><\/p>","protected":false},"excerpt":{"rendered":"<p>So bestellen Sie bei UnkrautMarkt \/ Wie man Cannabis online bestellt 2024 Wie man Cannabis online bestellt 2024, Wir haben hart daran gearbeitet, den Bestellvorgang auf unserer Website so weit wie m\u00f6glich zu vereinfachen. Aus diesem Grund k\u00f6nnen Kunden ihre Bestellungen in weniger als einer Minute abschlie\u00dfen. Die einfachen Verfahren zum effektiven Aufgeben Ihrer Bestellung sind unten aufgef\u00fchrt. Schritt 1: W\u00e4hlen Sie die gew\u00fcnschte Produktkategorie aus. Klicken Sie einfach auf die Shop-Seite, um alles zu sehen, was der Shop zu bieten hat. Schritt 2: Suchen Sie den Artikel, den Sie kaufen m\u00f6chten, auf unserer Shop-Seite und klicken Sie darauf, um weitere Optionen anzuzeigen. Schritt 3: W\u00e4hlen Sie die gew\u00fcnschte Menge aus, legen Sie sie in Ihren Warenkorb und gehen Sie zur Zahlungsseite. Wenn Sie weitere Waren in Ihren Warenkorb legen m\u00f6chten, wiederholen Sie die Schritte 1 und 2. Schritt 4: Geben Sie auf der Checkout-Seite bitte Ihre Rechnungs- und Lieferadresse [&hellip;]<\/p>","protected":false},"author":1,"featured_media":0,"parent":0,"menu_order":0,"comment_status":"closed","ping_status":"closed","template":"","meta":{"footnotes":"","_joinchat":[]},"_links":{"self":[{"href":"https:\/\/unkrautmarkt.com\/it\/wp-json\/wp\/v2\/pages\/8745"}],"collection":[{"href":"https:\/\/unkrautmarkt.com\/it\/wp-json\/wp\/v2\/pages"}],"about":[{"href":"https:\/\/unkrautmarkt.com\/it\/wp-json\/wp\/v2\/types\/page"}],"author":[{"embeddable":true,"href":"https:\/\/unkrautmarkt.com\/it\/wp-json\/wp\/v2\/users\/1"}],"replies":[{"embeddable":true,"href":"https:\/\/unkrautmarkt.com\/it\/wp-json\/wp\/v2\/comments?post=8745"}],"version-history":[{"count":7,"href":"https:\/\/unkrautmarkt.com\/it\/wp-json\/wp\/v2\/pages\/8745\/revisions"}],"predecessor-version":[{"id":9399,"href":"https:\/\/unkrautmarkt.com\/it\/wp-json\/wp\/v2\/pages\/8745\/revisions\/9399"}],"wp:attachment":[{"href":"https:\/\/unkrautmarkt.com\/it\/wp-json\/wp\/v2\/media?parent=8745"}],"curies":[{"name":"wp","href":"https:\/\/api.w.org\/{rel}","templated":true}]}}