{"id":7877,"date":"2021-10-29T07:47:49","date_gmt":"2021-10-29T07:47:49","guid":{"rendered":"https:\/\/unkrautmarkt.com\/?page_id=7877"},"modified":"2021-10-30T07:57:41","modified_gmt":"2021-10-30T07:57:41","slug":"uber-uns","status":"publish","type":"page","link":"https:\/\/unkrautmarkt.com\/it\/uber-uns\/","title":{"rendered":"Chi siamo"},"content":{"rendered":"<section class=\"wpb-content-wrapper\"><div class=\"vc_row wpb_row vc_row-fluid\"><div class=\"wpb_column vc_column_container vc_col-sm-12\"><div class=\"vc_column-inner\"><div class=\"wpb_wrapper\"><div class=\"heading  theme-icon align-left color-black subcolor-main transform-default ltx-theme-header icon-type-default heading-tag-h4\" id=\"like_sc_header_1824283456\"><h4 class=\"header ltx-sr-id-like_sc_header_18242834561104104993 ltx-sr ltx-sr-effect-fade_in ltx-sr-el-block ltx-sr-delay-0 ltx-sr-duration-1000 ltx-sr-sequences-0\">Chi siamo<\/h4><\/div>\n\t<div class=\"wpb_text_column wpb_content_element\" >\n\t\t<div class=\"wpb_wrapper\">\n\t\t\t<p style=\"text-align: center;\">Dopo aver visto quanto fosse difficile acquistare erba online nel 2015, Weed Market ha iniziato il sogno di portare la marijuana e i suoi prodotti pi\u00f9 vicino agli amanti dell'erba. Oggi conosciuti come il miglior dispensario online di cui fidarsi nel settore, svolgiamo un ruolo di primo piano nella vendita di marijuana, cannabis e prodotti a base di cannabis online. Il Weed Market \u00e8 servito come CSR per sostenere gli istituti oncologici di tutto il mondo. Lavoriamo come azienda per sostenere il nostro sogno di rendere la cannabis e i prodotti a base di cannabis il pi\u00f9 possibile accessibili, per riconoscere l'importanza e il potere della marijuana terapeutica per i pazienti oncologici e quindi contribuire alla legalizzazione della marijuana in tutta Europa.<\/p>\n\n\t\t<\/div>\n\t<\/div>\n<\/div><\/div><\/div><\/div><div class=\"vc_row wpb_row vc_row-fluid\"><div class=\"wpb_column vc_column_container vc_col-sm-6\"><div class=\"vc_column-inner\"><div class=\"wpb_wrapper\">\n\t<div class=\"wpb_text_column wpb_content_element\" >\n\t\t<div class=\"wpb_wrapper\">\n\t\t\t<p style=\"text-align: justify;\">Crediamo fermamente che ogni italiano che ha bisogno di marijuana medica debba avere facile accesso ad essa. Il governo continua a dire che \"non approva l'uso della marijuana, ma i tribunali pi\u00f9 alti hanno richiesto un accesso ragionevole ai pazienti autorizzati\". Vogliamo fare tutto ci\u00f2 che \u00e8 in nostro potere per assicurare che questi pazienti abbiano il miglior accesso alla migliore marijuana medica che la Germania possa offrire. In fin dei conti, amiamo la cannabis di alta qualit\u00e0 e tutti i suoi derivati, e amiamo condividerla con i nostri clienti e amici che ne hanno bisogno.<\/p>\n\n\t\t<\/div>\n\t<\/div>\n<\/div><\/div><\/div><div class=\"wpb_column vc_column_container vc_col-sm-6\"><div class=\"vc_column-inner\"><div class=\"wpb_wrapper\">\n\t<div  class=\"wpb_single_image wpb_content_element vc_align_right\">\n\t\t\n\t\t<figure class=\"wpb_wrapper vc_figure\">\n\t\t\t<div class=\"vc_single_image-wrapper   vc_box_border_grey\"><img width=\"1100\" height=\"734\" src=\"https:\/\/unkrautmarkt.com\/wp-content\/uploads\/2021\/10\/medical-marijuana.jpg\" class=\"vc_single_image-img attachment-full\" alt=\"medical-marijuana\" decoding=\"async\" title=\"medical-marijuana\" srcset=\"https:\/\/unkrautmarkt.com\/wp-content\/uploads\/2021\/10\/medical-marijuana.jpg 1100w, https:\/\/unkrautmarkt.com\/wp-content\/uploads\/2021\/10\/medical-marijuana-300x200.jpg 300w, https:\/\/unkrautmarkt.com\/wp-content\/uploads\/2021\/10\/medical-marijuana-1024x683.jpg 1024w, https:\/\/unkrautmarkt.com\/wp-content\/uploads\/2021\/10\/medical-marijuana-768x512.jpg 768w, https:\/\/unkrautmarkt.com\/wp-content\/uploads\/2021\/10\/medical-marijuana-340x227.jpg 340w, https:\/\/unkrautmarkt.com\/wp-content\/uploads\/2021\/10\/medical-marijuana-600x400.jpg 600w, https:\/\/unkrautmarkt.com\/wp-content\/uploads\/2021\/10\/medical-marijuana-128x84.jpg 128w, https:\/\/unkrautmarkt.com\/wp-content\/uploads\/2021\/10\/medical-marijuana-125x83.jpg 125w\" sizes=\"(max-width: 1100px) 100vw, 1100px\" \/><\/div>\n\t\t<\/figure>\n\t<\/div>\n<\/div><\/div><\/div><\/div><div data-vc-full-width=\"true\" data-vc-full-width-init=\"false\" class=\"vc_row wpb_row vc_row-fluid vc_custom_1635580645089\"><div class=\"wpb_column vc_column_container vc_col-sm-4 bg-color-gray\"><div class=\"vc_column-inner\"><div class=\"wpb_wrapper\"><ul class=\"ltx-block-icon icons-count-1    vc_custom_1635580549985 ltx-icon-top align-center ltx-icon-type-transparent layout-cols1\"  id=\"like_sc_block_icon_6530225\"><li ><div  data-mh=\"ltx-block-icon-in-1185\" class=\"in matchHeight\"><span class=\"ltx-icon icon-znak\" data-mh=\"ltx-icon-span-like_sc_block_icon_6530225\"><\/span> <h5 class=\"header\"> Ceppi di qualit\u00e0 <\/h5> <div class=\"descr\">Siamo specializzati nell'offrire variet\u00e0 di cannabis ai nostri clienti che non ricevono variet\u00e0 di alta qualit\u00e0.<\/div><\/div><\/li><\/ul><\/div><\/div><\/div><div class=\"wpb_column vc_column_container vc_col-sm-4 bg-color-gray\"><div class=\"vc_column-inner\"><div class=\"wpb_wrapper\"><ul class=\"ltx-block-icon icons-count-1    vc_custom_1635580562974 ltx-icon-top align-center ltx-icon-type-transparent layout-cols1\"  id=\"like_sc_block_icon_689291848\"><li ><div  data-mh=\"ltx-block-icon-in-1581\" class=\"in matchHeight\"><span class=\"ltx-icon icon-znak\" data-mh=\"ltx-icon-span-like_sc_block_icon_689291848\"><\/span> <h5 class=\"header\"> 100% qualit\u00e0 garantita <\/h5> <div class=\"descr\">Abbiamo prodotti di qualit\u00e0 genuini al 100% e offriamo gli stessi prodotti che vedete sul nostro sito web.<\/div><\/div><\/li><\/ul><\/div><\/div><\/div><div class=\"wpb_column vc_column_container vc_col-sm-4 bg-color-gray\"><div class=\"vc_column-inner\"><div class=\"wpb_wrapper\"><ul class=\"ltx-block-icon icons-count-1    vc_custom_1635580568096 ltx-icon-top align-center ltx-icon-type-transparent layout-cols1\"  id=\"like_sc_block_icon_1275484117\"><li ><div  data-mh=\"ltx-block-icon-in-1828\" class=\"in matchHeight\"><span class=\"ltx-icon icon-znak\" data-mh=\"ltx-icon-span-like_sc_block_icon_1275484117\"><\/span> <h5 class=\"header\"> Consegna il giorno successivo <\/h5> <div class=\"descr\">Siamo in grado di consegnare il pacco il giorno successivo per i nostri clienti in Germania.<\/div><\/div><\/li><\/ul><\/div><\/div><\/div><\/div><div class=\"vc_row-full-width vc_clearfix\"><\/div>\n<\/section>","protected":false},"excerpt":{"rendered":"\u00dcber uns Nachdem Unkraut Markt im Jahr 2015 gesehen hatte, wie schwierig es war, Gras online zu kaufen, begann der Traum, das Marihuana und seine Produkte den Unkrautliebhabern n\u00e4her zu bringen. Heute bekannt als die beste Online-Apotheke, der Sie in der Branche vertrauen k\u00f6nnen, spielen wir eine f\u00fchrende Rolle beim Online-Verkauf von Marihuana, Cannabis und Cannabisprodukten. Unkraut Markt hat als CSR Krebsinstitute auf der ganzen Welt zu unterst\u00fctzen. Wir arbeiten als Unternehmen, um unseren Traum zu unterst\u00fctzen, Cannabis und Cannabisprodukte so zug\u00e4nglich wie m\u00f6glich zu machen, um die Bedeutung und Macht von medizinischem Marihuana f\u00fcr Krebspatienten zu erkennen und so bei der Legalisierung von Marihuana in ganz Europa zu helfen. Wir sind der festen \u00dcberzeugung, dass jeder Deutsche, der medizinisches Marihuana ben\u00f6tigt, einfachen Zugang dazu haben sollte. Die Regierung sagt weiterhin, dass sie \u201eden Konsum von Marihuana nicht bef\u00fcrwortet, aber die obersten Gerichte haben angemessenen Zugang zu autorisierten Patienten verlangt\u201c. [...]","protected":false},"author":1,"featured_media":0,"parent":0,"menu_order":0,"comment_status":"closed","ping_status":"closed","template":"page-templates\/full-width.php","meta":{"footnotes":"","_joinchat":[]},"_links":{"self":[{"href":"https:\/\/unkrautmarkt.com\/it\/wp-json\/wp\/v2\/pages\/7877"}],"collection":[{"href":"https:\/\/unkrautmarkt.com\/it\/wp-json\/wp\/v2\/pages"}],"about":[{"href":"https:\/\/unkrautmarkt.com\/it\/wp-json\/wp\/v2\/types\/page"}],"author":[{"embeddable":true,"href":"https:\/\/unkrautmarkt.com\/it\/wp-json\/wp\/v2\/users\/1"}],"replies":[{"embeddable":true,"href":"https:\/\/unkrautmarkt.com\/it\/wp-json\/wp\/v2\/comments?post=7877"}],"version-history":[{"count":0,"href":"https:\/\/unkrautmarkt.com\/it\/wp-json\/wp\/v2\/pages\/7877\/revisions"}],"wp:attachment":[{"href":"https:\/\/unkrautmarkt.com\/it\/wp-json\/wp\/v2\/media?parent=7877"}],"curies":[{"name":"wp","href":"https:\/\/api.w.org\/{rel}","templated":true}]}}