{"id":8537,"date":"2022-08-03T14:06:10","date_gmt":"2022-08-03T14:06:10","guid":{"rendered":"https:\/\/unkrautmarkt.com\/?post_type=product&#038;p=8537"},"modified":"2026-03-16T05:04:07","modified_gmt":"2026-03-16T05:04:07","slug":"tangie-og-wax","status":"publish","type":"product","link":"https:\/\/unkrautmarkt.com\/fr\/product\/tangie-og-wax\/","title":{"rendered":"Cire Tangie OG"},"content":{"rendered":"<h2>Cire Tangie OG<\/h2>\n<p>L'huile de haschisch est fouett\u00e9e tout au long du processus de purification pour <a href=\"https:\/\/unkrautmarkt.com\/fr\/\"><strong>Pour fabriquer de la cire Tangie OG<\/strong><\/a>.<\/p>\n<p>R\u00e9sultats de laboratoire de <a href=\"https:\/\/en.wikipedia.org\/wiki\/List_of_names_for_cannabis\" rel=\"nofollow noopener\" target=\"_blank\">Cire Tangie OG<\/a>:<br \/>\nTHC: 81,84 %<br \/>\nCBD: 1,29 %<\/p>\n<p>La cire est une substance opaque et solide, produite de la m\u00eame mani\u00e8re que le shatter. Visuellement, la cire a un aspect cr\u00e9meux et est moins translucide que le shatter. Il existe diff\u00e9rents types de cire, notamment\u00a0:<\/p>\n<p>Budder : Un budder plus liquide et collant. <a href=\"https:\/\/unkrautmarkt.com\/fr\/product\/tangie-og-wax\/\">Wax-Form<\/a> avec une teneur en humidit\u00e9 plus \u00e9lev\u00e9e que les autres concentrations.<\/p>\n<p>avec une teneur en humidit\u00e9 plus \u00e9lev\u00e9e que les autres concentrations.<\/p>\n<p>La cire la plus cr\u00e9meuse et la plus lisse est la Budder.<br \/>\nCire alv\u00e9ol\u00e9e et cire friable\u00a0: cire douce mais cassante.<\/p>\n<p>Crumble au sucre : Reconnu pour sa texture friable et sa surface cristalline, le crumble au sucre est facile \u00e0 travailler gr\u00e2ce \u00e0 sa faible adh\u00e9rence.<\/p>\n<p>Crumble \u00e0 la cire\u00a0: une variante du crumble au sucre, \u00e0 la surface plus lisse. Compar\u00e9 au crumble au sucre, le crumble \u00e0 la cire est plus cr\u00e9meux et moins collant.<\/p>","protected":false},"excerpt":{"rendered":"<p>F\u00fcr den Gro\u00dfhandel kontaktieren Sie uns bitte unter<br \/>\nWickr-ID: @williamspro<br \/>\noder per Whatsapp<br \/>\n<img decoding=\"async\" class=\"size-full wp-image-10162 alignleft\" src=\"https:\/\/ograsmarknad.com\/wp-content\/uploads\/2021\/11\/trust.jpg\" alt=\"Trust German\" width=\"300\" height=\"129\" \/><\/p>","protected":false},"featured_media":8541,"comment_status":"open","ping_status":"closed","template":"","meta":{"_joinchat":[]},"product_cat":[325],"product_tag":[],"_links":{"self":[{"href":"https:\/\/unkrautmarkt.com\/fr\/wp-json\/wp\/v2\/product\/8537"}],"collection":[{"href":"https:\/\/unkrautmarkt.com\/fr\/wp-json\/wp\/v2\/product"}],"about":[{"href":"https:\/\/unkrautmarkt.com\/fr\/wp-json\/wp\/v2\/types\/product"}],"replies":[{"embeddable":true,"href":"https:\/\/unkrautmarkt.com\/fr\/wp-json\/wp\/v2\/comments?post=8537"}],"wp:featuredmedia":[{"embeddable":true,"href":"https:\/\/unkrautmarkt.com\/fr\/wp-json\/wp\/v2\/media\/8541"}],"wp:attachment":[{"href":"https:\/\/unkrautmarkt.com\/fr\/wp-json\/wp\/v2\/media?parent=8537"}],"wp:term":[{"taxonomy":"product_cat","embeddable":true,"href":"https:\/\/unkrautmarkt.com\/fr\/wp-json\/wp\/v2\/product_cat?post=8537"},{"taxonomy":"product_tag","embeddable":true,"href":"https:\/\/unkrautmarkt.com\/fr\/wp-json\/wp\/v2\/product_tag?post=8537"}],"curies":[{"name":"wp","href":"https:\/\/api.w.org\/{rel}","templated":true}]}}