{"id":8521,"date":"2022-08-03T13:55:58","date_gmt":"2022-08-03T13:55:58","guid":{"rendered":"https:\/\/unkrautmarkt.com\/?post_type=product&#038;p=8521"},"modified":"2026-03-16T05:09:14","modified_gmt":"2026-03-16T05:09:14","slug":"royal-kush-wax-crumble","status":"publish","type":"product","link":"https:\/\/unkrautmarkt.com\/fr\/product\/royal-kush-wax-crumble\/","title":{"rendered":"Royal Kush Wax Crumble"},"content":{"rendered":"<h2>Achetez Royal Kush Crumble en ligne dans notre boutique<\/h2>\n<p><strong><a href=\"https:\/\/unkrautmarkt.com\/fr\/product\/royal-kush-wax-crumble\/\">Royal Kush Wax Crumble<\/a><\/strong> Royal Kush est le choix id\u00e9al pour r\u00e9duire le stress sans brider votre cr\u00e9ativit\u00e9. Son effet relaxant lib\u00e8re les tensions et favorise un esprit clair et motiv\u00e9. Ce crumble est parfait pour se d\u00e9tendre ou stimuler sa cr\u00e9ativit\u00e9. Essayez Royal Kush et d\u00e9couvrez par vous-m\u00eame pourquoi il s\u00e9duit tant de personnes\u00a0!<\/p>\n<p>Notre t\u00e9trahydrocannabinol est l'un des plus qualitatifs du march\u00e9. <strong>Royal Kush Wax Crumble<\/strong> D'une puret\u00e9 de 90 %, cette cire est principalement compos\u00e9e de THC, avec des traces d'autres cannabino\u00efdes et 10 % de terp\u00e8nes. Elle est extraite au CO\u2082. Sa consommation ne produit aucun effet psychoactif. Son ar\u00f4me doux et sucr\u00e9, rappelant celui des bonbons, saura vous s\u00e9duire. Souple et mall\u00e9able, elle reste n\u00e9anmoins friable, m\u00eame r\u00e9frig\u00e9r\u00e9e. Elle procure une forte expansion pulmonaire et une saveur riche et douce, sans provoquer de sensation de br\u00fblure au niveau du nez \u00e0 l'expiration.<\/p>\n<p>Elle r\u00e9duit l'anxi\u00e9t\u00e9 et induit un \u00e9tat d'euphorie. Avec son ar\u00f4me terreux et skunky et ses effets puissants et hypnotiques, la Royal Kush est l'une des meilleures vari\u00e9t\u00e9s hybrides.<\/p>\n<h3>Ce qui le rend sp\u00e9cial<\/h3>\n<p><a href=\"https:\/\/en.wikipedia.org\/wiki\/Cannabis_in_Italy\" rel=\"nofollow noopener\" target=\"_blank\">Royal Kush<\/a> Elle offre un parfait \u00e9quilibre entre cr\u00e9ativit\u00e9 et d\u00e9tente, gr\u00e2ce \u00e0 ses ingr\u00e9dients naturels et sa production artisanale en petites quantit\u00e9s. Vous aurez envie de renouveler cette exp\u00e9rience encore et encore. Qu'attendez-vous ? Offrez-vous Royal Kush d\u00e8s aujourd'hui ! <a href=\"https:\/\/unkrautmarkt.com\/fr\/\"><strong>Unkrautmarkt<\/strong><\/a><\/p>\n<h3>Effet d'\u00e9miettement<\/h3>\n<p>Stress, malaise persistant, voire d\u00e9pression\u00a0? Le wax crumble Royal Kush peut vous aider. Ses propri\u00e9t\u00e9s apaisantes sont excellentes pour soulager les maux physiques, am\u00e9liorer votre humeur et d\u00e9tendre le corps et l\u2019esprit. Il s\u2019agit de se sentir pleinement bien, et non pas simplement de d\u00e9connecter. Laissez Royal Kush vous aider \u00e0 vous relaxer et \u00e0 profiter de la vie sans stress.<\/p>","protected":false},"excerpt":{"rendered":"<p>F\u00fcr den Gro\u00dfhandel kontaktieren Sie uns bitte unter<br \/>\nWickr-ID: @williamspro<br \/>\noder per Whatsapp<br \/>\n<img decoding=\"async\" class=\"size-full wp-image-10162 alignleft\" src=\"https:\/\/ograsmarknad.com\/wp-content\/uploads\/2021\/11\/trust.jpg\" alt=\"Trust German\" width=\"300\" height=\"129\" \/><\/p>","protected":false},"featured_media":8526,"comment_status":"open","ping_status":"closed","template":"","meta":{"_joinchat":[]},"product_cat":[325],"product_tag":[],"_links":{"self":[{"href":"https:\/\/unkrautmarkt.com\/fr\/wp-json\/wp\/v2\/product\/8521"}],"collection":[{"href":"https:\/\/unkrautmarkt.com\/fr\/wp-json\/wp\/v2\/product"}],"about":[{"href":"https:\/\/unkrautmarkt.com\/fr\/wp-json\/wp\/v2\/types\/product"}],"replies":[{"embeddable":true,"href":"https:\/\/unkrautmarkt.com\/fr\/wp-json\/wp\/v2\/comments?post=8521"}],"wp:featuredmedia":[{"embeddable":true,"href":"https:\/\/unkrautmarkt.com\/fr\/wp-json\/wp\/v2\/media\/8526"}],"wp:attachment":[{"href":"https:\/\/unkrautmarkt.com\/fr\/wp-json\/wp\/v2\/media?parent=8521"}],"wp:term":[{"taxonomy":"product_cat","embeddable":true,"href":"https:\/\/unkrautmarkt.com\/fr\/wp-json\/wp\/v2\/product_cat?post=8521"},{"taxonomy":"product_tag","embeddable":true,"href":"https:\/\/unkrautmarkt.com\/fr\/wp-json\/wp\/v2\/product_tag?post=8521"}],"curies":[{"name":"wp","href":"https:\/\/api.w.org\/{rel}","templated":true}]}}