{"id":8520,"date":"2022-08-03T13:52:20","date_gmt":"2022-08-03T13:52:20","guid":{"rendered":"https:\/\/unkrautmarkt.com\/?post_type=product&#038;p=8520"},"modified":"2026-03-13T09:19:36","modified_gmt":"2026-03-13T09:19:36","slug":"holy-grail-og-wax","status":"publish","type":"product","link":"https:\/\/unkrautmarkt.com\/fr\/product\/holy-grail-og-wax\/","title":{"rendered":"Holy Grail OG Wax"},"content":{"rendered":"<h2>Achetez Holy Grail OG Wax \u2013 commandez en ligne une formule de relaxation premium<\/h2>\n<p>Vous recherchez un concentr\u00e9 de cannabis puissant et de haute qualit\u00e9 pour une exp\u00e9rience de relaxation intense ? <a href=\"https:\/\/unkrautmarkt.com\/fr\/\"><strong>Holy Grail OG Wax<\/strong><\/a> Gr\u00e2ce \u00e0 son profil terp\u00e9nique riche et \u00e0 ses effets puissants, la cire Holy Grail OG offre un high exceptionnel. Issue de vari\u00e9t\u00e9s de cannabis de premi\u00e8re qualit\u00e9, cette cire est id\u00e9ale pour celles et ceux qui recherchent une relaxation profonde, un soulagement du stress et une sensation d'euphorie. Que vous soyez un consommateur averti ou novice en mati\u00e8re de concentr\u00e9s de cannabis, la cire Holy Grail OG vous garantit une exp\u00e9rience douce et savoureuse de la plus haute qualit\u00e9.<\/p>\n<h3>Qu'est-ce que Holy Grail OG Wax ?<\/h3>\n<p><strong>Holy Grail OG Wax<\/strong> Ce concentr\u00e9 de cannabis de haute qualit\u00e9 se caract\u00e9rise par sa texture collante et cireuse et sa forte teneur en THC. Il est extrait selon des m\u00e9thodes modernes qui pr\u00e9servent sa puret\u00e9 et sa saveur. La cire procure un effet puissant et relaxant.<\/p>\n<h3>Principales caract\u00e9ristiques et avantages<\/h3>\n<p>\u2013 Forte puissance : Avec une teneur en THC d\u00e9passant souvent 70 \u00e0 80 %, la cire Holy Grail OG offre un effet puissant et durable, id\u00e9al pour la relaxation et le soulagement de la douleur.<\/p>\n<p>\u2013 Profil aromatique riche : Un go\u00fbt doux et terreux avec des notes de pin et d'agrumes garantit une exp\u00e9rience d\u00e9licieuse.<\/p>\n<p>\u2013 Action rapide : Sous forme concentr\u00e9e, il agit plus rapidement que les fleurs classiques et est donc id\u00e9al pour un soulagement rapide.<\/p>\n<p>\u2013 Utilisation polyvalente\u00a0: Convient aux vaporisateurs \u00e0 concentr\u00e9s, aux vaporisateurs ou comme garniture pour un effet suppl\u00e9mentaire.<\/p>\n<h3>Comment utiliser la cire Holy Grail OG<\/h3>\n<p>Pour une exp\u00e9rience optimale avec le cannabis, nous recommandons l'utilisation d'un dab rig ou d'un vaporisateur \u00e0 concentr\u00e9s. Les d\u00e9butants devraient commencer par une petite dose (de la taille d'un grain de riz) et l'augmenter progressivement selon leurs besoins. Utilisez toujours un bouchon de carburation pour pr\u00e9server les terp\u00e8nes et garantir une vaporisation douce.<\/p>\n<h3>Pourquoi acheter la cire Holy Grail OG en ligne chez nous ?<\/h3>\n<p>Nous sommes une boutique en ligne r\u00e9put\u00e9e de produits \u00e0 base de cannabis et exp\u00e9dions discr\u00e8tement des produits haut de gamme aux \u00c9tats-Unis, au Canada, en Europe (Royaume-Uni, Allemagne, France, Espagne) et dans d'autres pays. Nos produits sont soumis \u00e0 des tests rigoureux en laboratoire afin de garantir leur puret\u00e9, leur puissance et leur s\u00e9curit\u00e9. Gr\u00e2ce \u00e0 une exp\u00e9dition rapide et \u00e0 des m\u00e9thodes de paiement s\u00e9curis\u00e9es, <strong><a href=\"https:\/\/unkrautmarkt.com\/fr\/product\/holy-grail-og-wax\/\">Achat en ligne de Holy Grail OG Wax<\/a> <\/strong>\u00c7a n'a jamais \u00e9t\u00e9 aussi facile.<\/p>\n<h3>Commandez d\u00e8s aujourd'hui votre cire OG Holy Grail !<\/h3>\n<p>Ne manquez pas cette exp\u00e9rience de relaxation exceptionnelle. Commandez d\u00e8s maintenant Holy Grail OG Wax et profitez d'une livraison discr\u00e8te et rapide directement chez vous. Que vous soyez aux \u00c9tats-Unis, au Canada ou en Europe, nous livrons des concentr\u00e9s de cannabis de qualit\u00e9 sup\u00e9rieure.<\/p>\n<p><strong>Commandez d\u00e8s maintenant et optimisez votre s\u00e9ance avec la cire Holy Grail OG ! <a href=\"https:\/\/en.wikipedia.org\/wiki\/Hashish\" rel=\"nofollow noopener\" target=\"_blank\">Unkrautmarkt<\/a><\/strong><\/p>","protected":false},"excerpt":{"rendered":"<p>F\u00fcr den Gro\u00dfhandel kontaktieren Sie uns bitte unter<br \/>\nWickr-ID: @williamspro<br \/>\noder per Whatsapp<br \/>\n<img decoding=\"async\" class=\"size-full wp-image-10162 alignleft\" src=\"https:\/\/ograsmarknad.com\/wp-content\/uploads\/2021\/11\/trust.jpg\" alt=\"Trust German\" width=\"300\" height=\"129\" \/><\/p>","protected":false},"featured_media":8525,"comment_status":"open","ping_status":"closed","template":"","meta":{"_joinchat":[]},"product_cat":[325],"product_tag":[],"_links":{"self":[{"href":"https:\/\/unkrautmarkt.com\/fr\/wp-json\/wp\/v2\/product\/8520"}],"collection":[{"href":"https:\/\/unkrautmarkt.com\/fr\/wp-json\/wp\/v2\/product"}],"about":[{"href":"https:\/\/unkrautmarkt.com\/fr\/wp-json\/wp\/v2\/types\/product"}],"replies":[{"embeddable":true,"href":"https:\/\/unkrautmarkt.com\/fr\/wp-json\/wp\/v2\/comments?post=8520"}],"wp:featuredmedia":[{"embeddable":true,"href":"https:\/\/unkrautmarkt.com\/fr\/wp-json\/wp\/v2\/media\/8525"}],"wp:attachment":[{"href":"https:\/\/unkrautmarkt.com\/fr\/wp-json\/wp\/v2\/media?parent=8520"}],"wp:term":[{"taxonomy":"product_cat","embeddable":true,"href":"https:\/\/unkrautmarkt.com\/fr\/wp-json\/wp\/v2\/product_cat?post=8520"},{"taxonomy":"product_tag","embeddable":true,"href":"https:\/\/unkrautmarkt.com\/fr\/wp-json\/wp\/v2\/product_tag?post=8520"}],"curies":[{"name":"wp","href":"https:\/\/api.w.org\/{rel}","templated":true}]}}