{"id":8507,"date":"2022-08-03T13:45:53","date_gmt":"2022-08-03T13:45:53","guid":{"rendered":"https:\/\/unkrautmarkt.com\/?post_type=product&#038;p=8507"},"modified":"2026-03-12T06:24:40","modified_gmt":"2026-03-12T06:24:40","slug":"cherry-pie-haschischoel","status":"publish","type":"product","link":"https:\/\/unkrautmarkt.com\/fr\/product\/cherry-pie-haschischoel\/","title":{"rendered":"Cherry Pie Haschischoel"},"content":{"rendered":"<h2>Achetez d\u00e8s maintenant l'huile de haschisch Cherry Pie en ligne \u2013 pour une exp\u00e9rience cannabis inoubliable !<\/h2>\n<p>D\u00e9couvrez le charme irr\u00e9sistible de l'huile de haschisch Cherry Pie, un concentr\u00e9 de cannabis de qualit\u00e9 sup\u00e9rieure qui \u00e9veillera vos sens et vous offrira une exp\u00e9rience inoubliable. En tant que vendeur en ligne r\u00e9put\u00e9 de produits de cannabis haut de gamme, nous sommes heureux de vous proposer l'huile de haschisch Cherry Pie d\u00e8s maintenant. Nous livrons discr\u00e8tement \u00e0 votre domicile, aux \u00c9tats-Unis, au Canada, en Europe et partout dans le monde.<\/p>\n<h3>Huile de haschisch Premium Cherry Pie \u2013 Force et puret\u00e9.<\/h3>\n<p>Si vous <a href=\"https:\/\/unkrautmarkt.com\/fr\/product\/cherry-pie-haschischoel\/\"><strong>Achetez de l'huile de haschisch Cherry Pie en ligne chez nous<\/strong><\/a>Investissez dans un produit r\u00e9pondant aux normes les plus exigeantes en mati\u00e8re de puissance et de puret\u00e9. Notre proc\u00e9d\u00e9 d'extraction pr\u00e9serve l'int\u00e9gralit\u00e9 du spectre des cannabino\u00efdes et des terp\u00e8nes de la vari\u00e9t\u00e9 originale Cherry Pie. Il en r\u00e9sulte une huile riche et savoureuse, offrant un effet d'entourage complet et procurant des bienfaits \u00e0 la fois m\u00e9dicinaux et agr\u00e9ables.<\/p>\n<h3>Sp\u00e9cifications et dosage\u00a0:<\/h3>\n<p>Notre huile de haschisch Cherry Pie pr\u00e9sente g\u00e9n\u00e9ralement une forte concentration en THC [ins\u00e9rer la plage de THC typique, par exemple 70 \u00e0 85 %]. Il est important de commencer par une faible dose, surtout si vous n'avez jamais consomm\u00e9 de concentr\u00e9s. Pour profiter pleinement des effets de l'huile de haschisch Cherry Pie, commencez par une quantit\u00e9 \u00e9quivalente \u00e0 un grain de riz et consommez-la comme vous le souhaitez (par exemple, avec un dab rig, un vaporisateur ou comme ingr\u00e9dient dans des produits comestibles). Laissez-lui le temps de se manifester, car les effets peuvent \u00eatre puissants et durables.<\/p>\n<h3>O\u00f9 acheter de l'huile de haschisch Cherry Pie en toute s\u00e9curit\u00e9 et discr\u00e9tion en ligne<\/h3>\n<p>Pour obtenir un produit de haute qualit\u00e9 qui r\u00e9ponde \u00e0 vos attentes, il est aujourd'hui essentiel de disposer d'une source fiable pour le <strong><a href=\"https:\/\/unkrautmarkt.com\/fr\/\">Achat en ligne d'huile de haschisch Cherry Pie<\/a><\/strong>Nous sommes fiers d'\u00eatre une source discr\u00e8te et fiable.<\/p>\n<h3>Livraison internationale de cannabis l\u00e9gal et d'huile de haschisch<\/h3>\n<p>En tant que boutique en ligne leader, nous nous engageons \u00e0 rendre le cannabis de qualit\u00e9 sup\u00e9rieure accessible dans le monde entier. Si vous maintenant <a href=\"https:\/\/en.wikipedia.org\/wiki\/Hashish\" rel=\"nofollow noopener\" target=\"_blank\"><strong>Commandez de l'huile de haschisch Cherry Pie en ligne<\/strong><\/a>Soyez assur\u00e9s que nous respectons toutes les normes en vigueur pour la vente de cannabis en ligne et garantissons une livraison discr\u00e8te dans le monde entier. Notre engagement va au-del\u00e0 de la simple fourniture de produits de haute qualit\u00e9\u00a0; nous avons \u00e9galement \u00e0 c\u0153ur d\u2019informer nos clients et de promouvoir une consommation responsable de cannabis. D\u00e9couvrez l\u2019univers riche, d\u00e9licieux et apaisant de notre huile de haschisch Cherry Pie \u2013 le summum des concentr\u00e9s de cannabis. Commandez votre huile de haschisch Cherry Pie en ligne d\u00e8s aujourd\u2019hui et vivez une exp\u00e9rience de d\u00e9tente et de bien-\u00eatre incomparable.<\/p>","protected":false},"excerpt":{"rendered":"<p>F\u00fcr den Gro\u00dfhandel kontaktieren Sie uns bitte unter<br \/>\nWickr-ID: @williamspro<br \/>\noder per Whatsapp<br \/>\n<img decoding=\"async\" class=\"size-full wp-image-10162 alignleft\" src=\"https:\/\/ograsmarknad.com\/wp-content\/uploads\/2021\/11\/trust.jpg\" alt=\"Trust German\" width=\"300\" height=\"129\" \/><\/p>","protected":false},"featured_media":8516,"comment_status":"open","ping_status":"closed","template":"","meta":{"_joinchat":[]},"product_cat":[324],"product_tag":[],"_links":{"self":[{"href":"https:\/\/unkrautmarkt.com\/fr\/wp-json\/wp\/v2\/product\/8507"}],"collection":[{"href":"https:\/\/unkrautmarkt.com\/fr\/wp-json\/wp\/v2\/product"}],"about":[{"href":"https:\/\/unkrautmarkt.com\/fr\/wp-json\/wp\/v2\/types\/product"}],"replies":[{"embeddable":true,"href":"https:\/\/unkrautmarkt.com\/fr\/wp-json\/wp\/v2\/comments?post=8507"}],"wp:featuredmedia":[{"embeddable":true,"href":"https:\/\/unkrautmarkt.com\/fr\/wp-json\/wp\/v2\/media\/8516"}],"wp:attachment":[{"href":"https:\/\/unkrautmarkt.com\/fr\/wp-json\/wp\/v2\/media?parent=8507"}],"wp:term":[{"taxonomy":"product_cat","embeddable":true,"href":"https:\/\/unkrautmarkt.com\/fr\/wp-json\/wp\/v2\/product_cat?post=8507"},{"taxonomy":"product_tag","embeddable":true,"href":"https:\/\/unkrautmarkt.com\/fr\/wp-json\/wp\/v2\/product_tag?post=8507"}],"curies":[{"name":"wp","href":"https:\/\/api.w.org\/{rel}","templated":true}]}}