{"id":8461,"date":"2022-08-03T12:48:30","date_gmt":"2022-08-03T12:48:30","guid":{"rendered":"https:\/\/unkrautmarkt.com\/?post_type=product&#038;p=8461"},"modified":"2026-03-12T06:26:44","modified_gmt":"2026-03-12T06:26:44","slug":"afghani-red-wrap-hash","status":"publish","type":"product","link":"https:\/\/unkrautmarkt.com\/fr\/product\/afghani-red-wrap-hash\/","title":{"rendered":"Afghani Red Wrap Hash"},"content":{"rendered":"<h2 data-start=\"88\" data-end=\"515\"><strong data-start=\"108\" data-end=\"140\">Hash afghan en wrap rouge en ligne<\/strong><\/h2>\n<p data-start=\"88\" data-end=\"515\">En ce qui concerne <a href=\"https:\/\/en.wikipedia.org\/wiki\/Hashish\" rel=\"nofollow noopener\" target=\"_blank\"><strong data-start=\"108\" data-end=\"140\">Hash afghan en wrap rouge en ligne<\/strong><\/a> Pour l'achat d'herbes aromatiques, le choix du magasin est crucial pour garantir qualit\u00e9 et fiabilit\u00e9. Sur unkrautmarkt.com, nous vous offrons une exp\u00e9rience d'achat exceptionnelle qui se d\u00e9marque de la concurrence. Voici les principales raisons de nous choisir pour vos achats d'herbes aromatiques. <strong data-start=\"453\" data-end=\"506\">Achetez du haschisch afghan rouge sur unkrautmarkt.com<\/strong> m\u00f6chten.<\/p>\n<h3 data-start=\"517\" data-end=\"538\">haschisch de haute qualit\u00e9<\/h3>\n<p data-start=\"540\" data-end=\"1003\">La qualit\u00e9 du produit est primordiale lors de l'achat de haschisch Afghani Red Wrap en ligne. Notre haschisch provient directement de producteurs afghans de confiance, garantissant ainsi une forte concentration en THC, une saveur intense et une texture onctueuse. Le haschisch Afghani Red Wrap en vente sur unkrautmarkt.com r\u00e9pond aux normes de qualit\u00e9 les plus exigeantes et offre \u00e0 tous nos clients une exp\u00e9rience d'achat toujours optimale.<\/p>\n<h3 data-start=\"1005\" data-end=\"1032\">Achats en ligne pratiques<\/h3>\n<p data-start=\"1034\" data-end=\"1554\"><a href=\"https:\/\/unkrautmarkt.com\/fr\/\"><strong>Bei unkrautmarkt.com<\/strong><\/a> Nous avons optimis\u00e9 le processus d'achat pour que commander du haschisch afghan Red Wrap en ligne soit simple et pratique. Notre site web est intuitif et con\u00e7u pour vous aider \u00e0 trouver rapidement ce que vous cherchez. Que vous achetiez une petite quantit\u00e9 ou passiez une commande plus importante, le processus est simple et sans stress. Plus besoin de chercher en magasin ni de se d\u00e9battre avec des syst\u00e8mes de commande compliqu\u00e9s\u00a0: achetez du haschisch afghan Red Wrap depuis chez vous.<\/p>\n<h3 data-start=\"1556\" data-end=\"1584\">Prix \u200b\u200bcomp\u00e9titifs<\/h3>\n<p data-start=\"1586\" data-end=\"2123\">Le prix du haschisch Afghani Red Wrap est un facteur important lors d'un achat en ligne. Nous nous effor\u00e7ons de proposer des prix parmi les plus comp\u00e9titifs du march\u00e9, tout en garantissant la qualit\u00e9 de nos produits. Que vous achetiez une petite quantit\u00e9 pour votre consommation personnelle ou de plus grandes quantit\u00e9s, nos prix sont tr\u00e8s avantageux. Nous les mettons r\u00e9guli\u00e8rement \u00e0 jour afin de vous assurer de b\u00e9n\u00e9ficier du meilleur tarif. <a href=\"https:\/\/unkrautmarkt.com\/fr\/product\/afghani-red-wrap-hash\/\"><strong>Afghani Red Wrap Hash acheter en ligne<\/strong><\/a>.<\/p>\n<h3 data-start=\"2125\" data-end=\"2159\">Livraison rapide et s\u00e9curis\u00e9e<\/h3>\n<p data-start=\"2161\" data-end=\"2668\">Si vous <strong data-start=\"2170\" data-end=\"2223\">Achetez du haschisch afghan rouge sur unkrautmarkt.com<\/strong>Vous pouvez compter sur une livraison rapide et fiable. Nous comprenons que la discr\u00e9tion et la s\u00e9curit\u00e9 sont primordiales lors de l'achat de tels produits\u00a0; c'est pourquoi nous veillons \u00e0 ce que toutes les commandes soient exp\u00e9di\u00e9es dans un emballage discret. Nos m\u00e9thodes d'exp\u00e9dition sont fiables et nous vous garantissons que votre commande arrivera \u00e0 temps et en parfait \u00e9tat, pour une tranquillit\u00e9 d'esprit totale.<\/p>\n<h3 data-start=\"2670\" data-end=\"2696\">R\u00e9putation digne de confiance<\/h3>\n<p data-start=\"2698\" data-end=\"3238\">Au fil des ans, nous avons gagn\u00e9 la confiance de nombreux clients en proposant des produits de haute qualit\u00e9 et un service client exceptionnel. Notre entreprise est reconnue pour la livraison constante de produits authentiques. <strong data-start=\"2940\" data-end=\"2965\">Afghani Red Wrap Hash<\/strong>et nous continuons d'\u00eatre les <strong data-start=\"2994\" data-end=\"3050\">beste Ort, um Afghani Red Wrap Hash online zu kaufen<\/strong>Nous sommes fiers des retours positifs et de la client\u00e8le fid\u00e8le que nous avons constitu\u00e9e, ce qui t\u00e9moigne de la fiabilit\u00e9 et de la confiance que nous accordons \u00e0 nos services.<\/p>\n<h3 data-start=\"3240\" data-end=\"3257\">Service client<\/h3>\n<p data-start=\"3259\" data-end=\"3718\">Si vous avez des questions \u00e0 ce sujet, <strong data-start=\"3287\" data-end=\"3326\">o\u00f9 acheter du haschisch afghan en feuilles rouges<\/strong> Pour toute question ou assistance concernant votre commande, notre service client est \u00e0 votre disposition. Nous vous offrons un accompagnement professionnel et convivial afin de vous garantir une exp\u00e9rience d'achat optimale. Que vous ayez besoin d'aide pour choisir le produit id\u00e9al ou pour suivre votre colis, nous sommes l\u00e0 pour vous accompagner \u00e0 chaque \u00e9tape.<\/p>\n<h3 data-start=\"3720\" data-end=\"3729\">Conclusion<\/h3>\n<p data-start=\"3731\" data-end=\"4134\" data-is-last-node=\"\" data-is-only-node=\"\">Si vous recherchez <strong data-start=\"3745\" data-end=\"3782\">Hash afghan en wrap rouge \u00e0 vendre<\/strong> Si vous cherchez du haschisch, unkrautmarkt.com est l'endroit id\u00e9al. Nous proposons du haschisch de haute qualit\u00e9 \u00e0 des prix comp\u00e9titifs, une exp\u00e9rience d'achat fluide et une livraison rapide et s\u00e9curis\u00e9e. Si vous vous posez la question, <strong data-start=\"3982\" data-end=\"4021\">o\u00f9 acheter du haschisch afghan en feuilles rouges<\/strong> oder den <strong data-start=\"4031\" data-end=\"4095\">Trouvez le meilleur site pour acheter du haschisch afghan rouge en ligne<\/strong>, ist unkrautmarkt.com Ihre erste Wahl.<\/p>","protected":false},"excerpt":{"rendered":"<p>F\u00fcr den Gro\u00dfhandel kontaktieren Sie uns bitte unter<br \/>\nWickr-ID: @williamspro<br \/>\noder per Whatsapp<br \/>\n<img decoding=\"async\" class=\"size-full wp-image-10162 alignleft\" src=\"https:\/\/ograsmarknad.com\/wp-content\/uploads\/2021\/11\/trust.jpg\" alt=\"Trust German\" width=\"300\" height=\"129\" \/><\/p>","protected":false},"featured_media":8470,"comment_status":"open","ping_status":"closed","template":"","meta":{"_joinchat":[]},"product_cat":[322,321],"product_tag":[],"_links":{"self":[{"href":"https:\/\/unkrautmarkt.com\/fr\/wp-json\/wp\/v2\/product\/8461"}],"collection":[{"href":"https:\/\/unkrautmarkt.com\/fr\/wp-json\/wp\/v2\/product"}],"about":[{"href":"https:\/\/unkrautmarkt.com\/fr\/wp-json\/wp\/v2\/types\/product"}],"replies":[{"embeddable":true,"href":"https:\/\/unkrautmarkt.com\/fr\/wp-json\/wp\/v2\/comments?post=8461"}],"wp:featuredmedia":[{"embeddable":true,"href":"https:\/\/unkrautmarkt.com\/fr\/wp-json\/wp\/v2\/media\/8470"}],"wp:attachment":[{"href":"https:\/\/unkrautmarkt.com\/fr\/wp-json\/wp\/v2\/media?parent=8461"}],"wp:term":[{"taxonomy":"product_cat","embeddable":true,"href":"https:\/\/unkrautmarkt.com\/fr\/wp-json\/wp\/v2\/product_cat?post=8461"},{"taxonomy":"product_tag","embeddable":true,"href":"https:\/\/unkrautmarkt.com\/fr\/wp-json\/wp\/v2\/product_tag?post=8461"}],"curies":[{"name":"wp","href":"https:\/\/api.w.org\/{rel}","templated":true}]}}