{"id":8062,"date":"2021-12-18T08:51:42","date_gmt":"2021-12-18T08:51:42","guid":{"rendered":"https:\/\/unkrautmarkt.com\/?post_type=product&#038;p=8062"},"modified":"2023-04-02T22:20:59","modified_gmt":"2023-04-02T22:20:59","slug":"angebotspaket-alle-5-strains-45g","status":"publish","type":"product","link":"https:\/\/unkrautmarkt.com\/fr\/product\/angebotspaket-alle-5-strains-45g\/","title":{"rendered":"Angebotspaket (alle 5 Strains &#8211; 45G)"},"content":{"rendered":"<h2>Paquet d'offres sp\u00e9ciales pour les strains<\/h2>\n<p>Si vous souhaitez essayer diff\u00e9rents types de vari\u00e9t\u00e9s de cannabis, ce que les gens attendent peut-\u00eatre de certaines des vari\u00e9t\u00e9s de marijuana les plus populaires, mais ne savent pas o\u00f9 trouver une bonne offre group\u00e9e. Sur Unkrautmarkt.com, nous proposons pour la premi\u00e8re fois \u00e0 tous nos clients et \u00e0 nos acheteurs en gros une offre forfaitaire comprenant nos 5 vari\u00e9t\u00e9s de qualit\u00e9 sup\u00e9rieure \u00e0 haute teneur en THC. Vous n'avez nulle part o\u00f9 aller pour profiter de cette offre exceptionnelle, il vous suffit de passer une commande pour 5 saveurs de 45 grammes et vous b\u00e9n\u00e9ficierez d'une r\u00e9duction importante.<\/p>","protected":false},"excerpt":{"rendered":"<p>For Wholesale please contact us at<br \/>\nWickr ID: @williamspro<br \/>\nor via Whatsapp<br \/>\n<img decoding=\"async\" class=\"size-full wp-image-10162 alignleft\" src=\"https:\/\/ograsmarknad.com\/wp-content\/uploads\/2021\/11\/trust.jpg\" alt=\"Trust German\" width=\"300\" height=\"129\" \/><\/p>","protected":false},"featured_media":8067,"comment_status":"open","ping_status":"closed","template":"","meta":{"_joinchat":[]},"product_cat":[307],"product_tag":[],"_links":{"self":[{"href":"https:\/\/unkrautmarkt.com\/fr\/wp-json\/wp\/v2\/product\/8062"}],"collection":[{"href":"https:\/\/unkrautmarkt.com\/fr\/wp-json\/wp\/v2\/product"}],"about":[{"href":"https:\/\/unkrautmarkt.com\/fr\/wp-json\/wp\/v2\/types\/product"}],"replies":[{"embeddable":true,"href":"https:\/\/unkrautmarkt.com\/fr\/wp-json\/wp\/v2\/comments?post=8062"}],"wp:featuredmedia":[{"embeddable":true,"href":"https:\/\/unkrautmarkt.com\/fr\/wp-json\/wp\/v2\/media\/8067"}],"wp:attachment":[{"href":"https:\/\/unkrautmarkt.com\/fr\/wp-json\/wp\/v2\/media?parent=8062"}],"wp:term":[{"taxonomy":"product_cat","embeddable":true,"href":"https:\/\/unkrautmarkt.com\/fr\/wp-json\/wp\/v2\/product_cat?post=8062"},{"taxonomy":"product_tag","embeddable":true,"href":"https:\/\/unkrautmarkt.com\/fr\/wp-json\/wp\/v2\/product_tag?post=8062"}],"curies":[{"name":"wp","href":"https:\/\/api.w.org\/{rel}","templated":true}]}}