{"id":7848,"date":"2021-10-28T13:03:14","date_gmt":"2021-10-28T13:03:14","guid":{"rendered":"https:\/\/unkrautmarkt.com\/?post_type=product&#038;p=7848"},"modified":"2026-03-16T05:05:41","modified_gmt":"2026-03-16T05:05:41","slug":"strawberry-haze","status":"publish","type":"product","link":"https:\/\/unkrautmarkt.com\/fr\/product\/strawberry-haze\/","title":{"rendered":"Strawberry Haze"},"content":{"rendered":"<h2 style=\"text-align: justify;\">Strawberry Haze online<\/h2>\n<p style=\"text-align: justify;\"><a href=\"https:\/\/en.wikipedia.org\/wiki\/Cannabis_strain\" rel=\"nofollow noopener\" target=\"_blank\">Strawberry Haze<\/a> Les bourgeons de Strawberry Haze d\u00e9gagent un parfum de fraise et offrent une saveur sucr\u00e9e encore plus intense lorsque les racines se d\u00e9veloppent librement dans le sol. Cette vari\u00e9t\u00e9 se caract\u00e9rise par une plante haute aux longues branches. Facile \u00e0 cultiver et \u00e0 entretenir, elle prosp\u00e8re en milieu humide. Sa floraison dure environ 10 semaines, avec une teneur en THC pouvant atteindre 20 % et une teneur en CBD de 1,2 %.<\/p>\n<p style=\"text-align: justify;\"><a href=\"https:\/\/unkrautmarkt.com\/fr\/product\/strawberry-haze\/\">Unkrautmarkt.com<\/a> Nous sommes reconnus comme l'une des meilleures pharmacies de cannabis en ligne. Ceci gr\u00e2ce \u00e0 la qualit\u00e9 de nos produits, notre engagement envers la satisfaction client et notre volont\u00e9 de vous garantir une enti\u00e8re satisfaction. La Strawberry Haze, \u00e9galement connue sous le nom de \u00ab\u00a0Strawberry Haze d'Arjan\u00a0\u00bb, a \u00e9t\u00e9 d\u00e9velopp\u00e9e par Arjan et commercialis\u00e9e en 2006. En 2005, elle a remport\u00e9 le premier prix du Green House Very Important Smokers Panel. Vous pouvez d\u00e9sormais acheter la Strawberry Haze sur notre site \u00e0 des prix comp\u00e9titifs, avec une livraison discr\u00e8te garantie dans le monde entier.<\/p>\n<h3 style=\"text-align: justify;\">Strawberry Haze Effets<\/h3>\n<p style=\"text-align: justify;\">Nous avons effectu\u00e9 un test aupr\u00e8s de quelques personnes qui ach\u00e8tent constamment du Strawberry Haze et avons constat\u00e9 ce qui suit.<\/p>\n<p style=\"text-align: justify;\"><em><strong>113 personnes nous ont parl\u00e9 des effets :<\/strong><\/em><\/p>\n<p style=\"text-align: justify;\">\u2022 <a href=\"https:\/\/unkrautmarkt.com\/fr\/\">Gef\u00fchle<\/a><br \/>\n- N\u00e9gatif<br \/>\n- Aide en cas de<\/p>\n<p style=\"text-align: justify;\">\u00c9nergique : 53% des personnes d\u00e9clarent se sentir pleines d'\u00e9nergie<br \/>\nHeureux : 53% des personnes d\u00e9clarent se sentir heureuses<br \/>\n53% des personnes d\u00e9clarent se sentir \u00e9lev\u00e9es<br \/>\nS\u00e9cheresse buccale : 26% des personnes d\u00e9clarent avoir la bouche s\u00e8che<br \/>\nYeux secs : 21% des personnes d\u00e9clarent avoir les yeux secs<br \/>\nParano\u00efa : 11% des personnes d\u00e9clarent se sentir parano\u00efaques<br \/>\nD\u00e9pression : 31 % des personnes disent que cela aide \u00e0 lutter contre la d\u00e9pression<br \/>\nStress : 28% des personnes disent que cela aide \u00e0 lutter contre le stress<br \/>\nAnxi\u00e9t\u00e9 : 22% des personnes disent qu'elle aide \u00e0 lutter contre l'anxi\u00e9t\u00e9<\/p>","protected":false},"excerpt":{"rendered":"<p>For Wholesale please contact us at<br \/>\nWickr ID: @williamspro<br \/>\nor via Whatsapp<br \/>\n<img decoding=\"async\" class=\"size-full wp-image-10162 alignleft\" src=\"https:\/\/ograsmarknad.com\/wp-content\/uploads\/2021\/11\/trust.jpg\" alt=\"Trust German\" width=\"300\" height=\"129\" \/><\/p>","protected":false},"featured_media":7853,"comment_status":"open","ping_status":"closed","template":"","meta":{"_joinchat":[]},"product_cat":[307],"product_tag":[],"_links":{"self":[{"href":"https:\/\/unkrautmarkt.com\/fr\/wp-json\/wp\/v2\/product\/7848"}],"collection":[{"href":"https:\/\/unkrautmarkt.com\/fr\/wp-json\/wp\/v2\/product"}],"about":[{"href":"https:\/\/unkrautmarkt.com\/fr\/wp-json\/wp\/v2\/types\/product"}],"replies":[{"embeddable":true,"href":"https:\/\/unkrautmarkt.com\/fr\/wp-json\/wp\/v2\/comments?post=7848"}],"wp:featuredmedia":[{"embeddable":true,"href":"https:\/\/unkrautmarkt.com\/fr\/wp-json\/wp\/v2\/media\/7853"}],"wp:attachment":[{"href":"https:\/\/unkrautmarkt.com\/fr\/wp-json\/wp\/v2\/media?parent=7848"}],"wp:term":[{"taxonomy":"product_cat","embeddable":true,"href":"https:\/\/unkrautmarkt.com\/fr\/wp-json\/wp\/v2\/product_cat?post=7848"},{"taxonomy":"product_tag","embeddable":true,"href":"https:\/\/unkrautmarkt.com\/fr\/wp-json\/wp\/v2\/product_tag?post=7848"}],"curies":[{"name":"wp","href":"https:\/\/api.w.org\/{rel}","templated":true}]}}